{"id":7085,"date":"2014-10-28T16:16:47","date_gmt":"2014-10-28T16:16:47","guid":{"rendered":"https:\/\/jadepartments.wpengine.com\/departments-2\/"},"modified":"2024-01-24T15:15:15","modified_gmt":"2024-01-24T15:15:15","slug":"departments-2","status":"publish","type":"page","link":"https:\/\/departments.johnabbott.qc.ca\/fr\/","title":{"rendered":"Directions adjointes des \u00e9tudes et d\u00e9partements d&rsquo;enseignement"},"content":{"rendered":"<p>[vc_row full_width=\u00a0\u00bbstretch_row\u00a0\u00bb equal_height=\u00a0\u00bbyes\u00a0\u00bb content_placement=\u00a0\u00bbmiddle\u00a0\u00bb bg_type=\u00a0\u00bbimage\u00a0\u00bb parallax_style=\u00a0\u00bbvcpb-default\u00a0\u00bb bg_image_new=\u00a0\u00bbid^4919|url^https:\/\/departments.johnabbott.qc.ca\/wp-content\/uploads\/2020\/05\/john-abbott-school-main-building-view.jpg|caption^null|alt^null|title^john-abbott-school-main-building-view|description^null\u00a0\u00bb bg_image_repeat=\u00a0\u00bbno-repeat\u00a0\u00bb bg_img_attach=\u00a0\u00bbfixed\u00a0\u00bb bg_image_posiiton=\u00a0\u00bbcenter bottom\u00a0\u00bb bg_override=\u00a0\u00bbex-full\u00a0\u00bb enable_overlay=\u00a0\u00bbenable_overlay_value\u00a0\u00bb overlay_color=\u00a0\u00bbrgba(12,12,12,0.7)\u00a0\u00bb css=\u00a0\u00bb.vc_custom_1590687683311{padding-top: 200px !important;padding-bottom: 200px !important;}\u00a0\u00bb][vc_column width=\u00a0\u00bb2\/3&Prime;][vc_column_text]<\/p>\n<h1 class=\"blanc\">DIRECTIONS ADJOINTES DES \u00c9TUDES<br \/>\nET D\u00c9PARTEMENTS D&rsquo;ENSEIGNEMENT<\/h1>\n<p>[\/vc_column_text][\/vc_column][vc_column width=\u00a0\u00bb1\/3&Prime;][\/vc_column][\/vc_row][vc_row full_width=\u00a0\u00bbstretch_row_content_no_spaces\u00a0\u00bb equal_height=\u00a0\u00bbyes\u00a0\u00bb content_placement=\u00a0\u00bbmiddle\u00a0\u00bb css=\u00a0\u00bb.vc_custom_1589246166854{margin-top: 0px !important;margin-bottom: 0px !important;border-top-width: 0px !important;border-bottom-width: 0px !important;padding-top: 0px !important;padding-bottom: 0px !important;}\u00a0\u00bb][vc_column width=\u00a0\u00bb1\/2&Prime;][vc_row_inner css=\u00a0\u00bb.vc_custom_1589246143787{padding-right: 15px !important;padding-left: 15px !important;}\u00a0\u00bb][vc_column_inner width=\u00a0\u00bb1\/6&Prime;][\/vc_column_inner][vc_column_inner width=\u00a0\u00bb2\/3&Prime;][vc_column_text]Le C\u00e9gep\u00a0John\u00a0Abbott est fier de compter 30\u00a0d\u00e9partements d\u2019enseignements, qui rassemblent plus de 300\u00a0enseignantes et enseignants d\u00e9vou\u00e9s. Les membres du corps professoral enseignent dans les diff\u00e9rents programmes d\u2019\u00e9tudes, en plus de mener des recherches dans les domaines de leur choix. Les quatre directions adjointes des \u00e9tudes supervisent ces d\u00e9partements d\u2019enseignement. Les directions adjointes sont disponibles non seulement pour les enseignant(e)s, mais aussi pour r\u00e9pondre \u00e0 toutes les questions des \u00e9tudiant(e)s. Veuillez consulter les pages individuelles pour en savoir plus sur les d\u00e9partements et leurs enseignant(e)s.[\/vc_column_text][\/vc_column_inner][vc_column_inner width=\u00a0\u00bb1\/6&Prime;][\/vc_column_inner][\/vc_row_inner][\/vc_column][vc_column width=\u00a0\u00bb1\/2&Prime; css=\u00a0\u00bb.vc_custom_1589245461498{background-color: #2259d0 !important;}\u00a0\u00bb][vc_single_image image=\u00a0\u00bb1823&Prime; img_size=\u00a0\u00bbfull\u00a0\u00bb alignment=\u00a0\u00bbcenter\u00a0\u00bb][\/vc_column][\/vc_row][vc_row full_width=\u00a0\u00bbstretch_row\u00a0\u00bb bg_type=\u00a0\u00bbbg_color\u00a0\u00bb bg_color_value=\u00a0\u00bb#efefef\u00a0\u00bb][vc_column offset=\u00a0\u00bbvc_hidden-lg\u00a0\u00bb css=\u00a0\u00bb.vc_custom_1590590299871{padding-top: 50px !important;padding-bottom: 50px !important;}\u00a0\u00bb][vc_column_text]<\/p>\n<h2 class=\"widgettitle\">Our Program Deans<\/h2>\n<p><a id=\"deans-office\" href=\"https:\/\/departments.johnabbott.qc.ca\/fr\/program-deans-office\/\">Program Deans\u2019 Office<\/a>[\/vc_column_text][vc_wp_pages title=\u00a0\u00bbOur Teaching Departments\u00a0\u00bb exclude=\u00a0\u00bb32,2444,5234,4978,5238&Prime;][\/vc_column][\/vc_row][vc_row full_width=\u00a0\u00bbstretch_row\u00a0\u00bb equal_height=\u00a0\u00bbyes\u00a0\u00bb content_placement=\u00a0\u00bbtop\u00a0\u00bb bg_type=\u00a0\u00bbbg_color\u00a0\u00bb bg_override=\u00a0\u00bbex-full\u00a0\u00bb bg_color_value=\u00a0\u00bb#0055a4&Prime; css=\u00a0\u00bb.vc_custom_1589304912785{padding-top: 15px !important;padding-bottom: 15px !important;}\u00a0\u00bb][vc_column width=\u00a0\u00bb1\/4&Prime;][vc_column_text]<\/p>\n<h2 class=\"blanc\" style=\"text-align: left;\">SUIVEZ-NOUS<\/h2>\n<p>[\/vc_column_text][\/vc_column][vc_column width=\u00a0\u00bb3\/4&Prime;]<style type=\"text\/css\" data-type=\"the7_shortcodes-inline-css\">.dt-shortcode-soc-icons.soc-icons-deb4b65d0fb787b768125036b35fa523 a {\n  margin-right: 10px;\n}\n.dt-shortcode-soc-icons a.soc-icons-deb4b65d0fb787b768125036b35fa523 {\n  min-width: ;\n  min-height: ;\n  font-size: ;\n  border-radius: ;\n  margin-right: 10px;\n}\n.dt-shortcode-soc-icons a.soc-icons-deb4b65d0fb787b768125036b35fa523:last-child {\n  margin-right: 0;\n}\n.dt-shortcode-soc-icons a.soc-icons-deb4b65d0fb787b768125036b35fa523:before,\n.dt-shortcode-soc-icons a.soc-icons-deb4b65d0fb787b768125036b35fa523:after {\n  min-width: ;\n  min-height: ;\n  padding: inherit;\n}\n.dt-shortcode-soc-icons a.soc-icons-deb4b65d0fb787b768125036b35fa523.dt-icon-border-on:before {\n  border:  solid ;\n}\n.dt-shortcode-soc-icons a.soc-icons-deb4b65d0fb787b768125036b35fa523.dt-icon-hover-border-on:after {\n  border:  solid ;\n}\n.dt-shortcode-soc-icons a.soc-icons-deb4b65d0fb787b768125036b35fa523:hover {\n  font-size: ;\n}\n.dt-shortcode-soc-icons a.soc-icons-deb4b65d0fb787b768125036b35fa523 .soc-font-icon,\n.dt-shortcode-soc-icons a.soc-icons-deb4b65d0fb787b768125036b35fa523 .soc-icon {\n  font-size: ;\n}\n<\/style><div class=\"dt-shortcode-soc-icons  soc-icons-deb4b65d0fb787b768125036b35fa523 soc-icons-right \" ><style type=\"text\/css\" data-type=\"the7_shortcodes-inline-css\">.dt-shortcode-soc-icons.single-soc-icon-dc14ea87bd7167e400f8caf01f19b4ac a {\n  margin-right: ;\n}\n.dt-shortcode-soc-icons a.single-soc-icon-dc14ea87bd7167e400f8caf01f19b4ac {\n  min-width: 36px;\n  min-height: 36px;\n  font-size: 26px;\n  border-radius: 100px;\n  margin-right: ;\n}\n.dt-shortcode-soc-icons a.single-soc-icon-dc14ea87bd7167e400f8caf01f19b4ac:last-child {\n  margin-right: 0;\n}\n.dt-shortcode-soc-icons a.single-soc-icon-dc14ea87bd7167e400f8caf01f19b4ac:before,\n.dt-shortcode-soc-icons a.single-soc-icon-dc14ea87bd7167e400f8caf01f19b4ac:after {\n  min-width: 36px;\n  min-height: 36px;\n  padding: inherit;\n}\n#page .dt-shortcode-soc-icons a.single-soc-icon-dc14ea87bd7167e400f8caf01f19b4ac.dt-icon-bg-on:before,\n#phantom .dt-shortcode-soc-icons a.single-soc-icon-dc14ea87bd7167e400f8caf01f19b4ac.dt-icon-bg-on:before {\n  background: #ffffff;\n}\n.dt-shortcode-soc-icons a.single-soc-icon-dc14ea87bd7167e400f8caf01f19b4ac.dt-icon-border-on:before {\n  border: 0px solid ;\n}\n.dt-shortcode-soc-icons a.single-soc-icon-dc14ea87bd7167e400f8caf01f19b4ac.dt-icon-hover-border-on:after {\n  border: 0px solid #ffffff;\n}\n.dt-shortcode-soc-icons a.single-soc-icon-dc14ea87bd7167e400f8caf01f19b4ac:hover {\n  font-size: 26px;\n}\n#page .dt-shortcode-soc-icons a.single-soc-icon-dc14ea87bd7167e400f8caf01f19b4ac:hover .soc-font-icon,\n#phantom .dt-shortcode-soc-icons a.single-soc-icon-dc14ea87bd7167e400f8caf01f19b4ac:hover .soc-font-icon,\n#page .dt-shortcode-soc-icons a.single-soc-icon-dc14ea87bd7167e400f8caf01f19b4ac:hover .soc-icon,\n#phantom .dt-shortcode-soc-icons a.single-soc-icon-dc14ea87bd7167e400f8caf01f19b4ac:hover .soc-icon {\n  color: rgba(255,255,255,0.75);\n  background: none;\n}\n#page .dt-shortcode-soc-icons a.single-soc-icon-dc14ea87bd7167e400f8caf01f19b4ac:not(:hover) .soc-font-icon,\n#phantom .dt-shortcode-soc-icons a.single-soc-icon-dc14ea87bd7167e400f8caf01f19b4ac:not(:hover) .soc-font-icon,\n#page .dt-shortcode-soc-icons a.single-soc-icon-dc14ea87bd7167e400f8caf01f19b4ac:not(:hover) .soc-icon,\n#phantom .dt-shortcode-soc-icons a.single-soc-icon-dc14ea87bd7167e400f8caf01f19b4ac:not(:hover) .soc-icon {\n  color: #0055a4;\n  background: none;\n}\n.dt-shortcode-soc-icons a.single-soc-icon-dc14ea87bd7167e400f8caf01f19b4ac .soc-font-icon,\n.dt-shortcode-soc-icons a.single-soc-icon-dc14ea87bd7167e400f8caf01f19b4ac .soc-icon {\n  font-size: 26px;\n}\n<\/style><a title=\"Facebook\" href=\"https:\/\/www.facebook.com\/johnabbottcollege\"  target=\"_blank\"class=\"facebook single-soc-icon-dc14ea87bd7167e400f8caf01f19b4ac dt-icon-bg-on dt-icon-hover-border-on dt-icon-hover-bg-off  \" ><i class=\"soc-icon soc-font-icon dt-icon-facebook\"><\/i><span class=\"screen-reader-text\">Facebook<\/span><\/a><style type=\"text\/css\" data-type=\"the7_shortcodes-inline-css\">.dt-shortcode-soc-icons.single-soc-icon-9f4d9ef72ce5ba11062cd69d53dfa058 a {\n  margin-right: ;\n}\n.dt-shortcode-soc-icons a.single-soc-icon-9f4d9ef72ce5ba11062cd69d53dfa058 {\n  min-width: 36px;\n  min-height: 36px;\n  font-size: 26px;\n  border-radius: 100px;\n  margin-right: ;\n}\n.dt-shortcode-soc-icons a.single-soc-icon-9f4d9ef72ce5ba11062cd69d53dfa058:last-child {\n  margin-right: 0;\n}\n.dt-shortcode-soc-icons a.single-soc-icon-9f4d9ef72ce5ba11062cd69d53dfa058:before,\n.dt-shortcode-soc-icons a.single-soc-icon-9f4d9ef72ce5ba11062cd69d53dfa058:after {\n  min-width: 36px;\n  min-height: 36px;\n  padding: inherit;\n}\n#page .dt-shortcode-soc-icons a.single-soc-icon-9f4d9ef72ce5ba11062cd69d53dfa058.dt-icon-bg-on:before,\n#phantom .dt-shortcode-soc-icons a.single-soc-icon-9f4d9ef72ce5ba11062cd69d53dfa058.dt-icon-bg-on:before {\n  background: #ffffff;\n}\n.dt-shortcode-soc-icons a.single-soc-icon-9f4d9ef72ce5ba11062cd69d53dfa058.dt-icon-border-on:before {\n  border: 0px solid ;\n}\n.dt-shortcode-soc-icons a.single-soc-icon-9f4d9ef72ce5ba11062cd69d53dfa058.dt-icon-hover-border-on:after {\n  border: 0px solid #ffffff;\n}\n.dt-shortcode-soc-icons a.single-soc-icon-9f4d9ef72ce5ba11062cd69d53dfa058:hover {\n  font-size: 26px;\n}\n#page .dt-shortcode-soc-icons a.single-soc-icon-9f4d9ef72ce5ba11062cd69d53dfa058:hover .soc-font-icon,\n#phantom .dt-shortcode-soc-icons a.single-soc-icon-9f4d9ef72ce5ba11062cd69d53dfa058:hover .soc-font-icon,\n#page .dt-shortcode-soc-icons a.single-soc-icon-9f4d9ef72ce5ba11062cd69d53dfa058:hover .soc-icon,\n#phantom .dt-shortcode-soc-icons a.single-soc-icon-9f4d9ef72ce5ba11062cd69d53dfa058:hover .soc-icon {\n  color: rgba(255,255,255,0.75);\n  background: none;\n}\n#page .dt-shortcode-soc-icons a.single-soc-icon-9f4d9ef72ce5ba11062cd69d53dfa058:not(:hover) .soc-font-icon,\n#phantom .dt-shortcode-soc-icons a.single-soc-icon-9f4d9ef72ce5ba11062cd69d53dfa058:not(:hover) .soc-font-icon,\n#page .dt-shortcode-soc-icons a.single-soc-icon-9f4d9ef72ce5ba11062cd69d53dfa058:not(:hover) .soc-icon,\n#phantom .dt-shortcode-soc-icons a.single-soc-icon-9f4d9ef72ce5ba11062cd69d53dfa058:not(:hover) .soc-icon {\n  color: #0055a4;\n  background: none;\n}\n.dt-shortcode-soc-icons a.single-soc-icon-9f4d9ef72ce5ba11062cd69d53dfa058 .soc-font-icon,\n.dt-shortcode-soc-icons a.single-soc-icon-9f4d9ef72ce5ba11062cd69d53dfa058 .soc-icon {\n  font-size: 26px;\n}\n<\/style><a title=\"Twitter\" href=\"https:\/\/twitter.com\/JAC_Montreal\"  target=\"_blank\"class=\"twitter single-soc-icon-9f4d9ef72ce5ba11062cd69d53dfa058 dt-icon-bg-on dt-icon-hover-border-on dt-icon-hover-bg-off  \" ><i class=\"soc-icon soc-font-icon dt-icon-twitter\"><\/i><span class=\"screen-reader-text\">Twitter<\/span><\/a><style type=\"text\/css\" data-type=\"the7_shortcodes-inline-css\">.dt-shortcode-soc-icons.single-soc-icon-80e125d0f67ea6ce5e409ffbe563ec1d a {\n  margin-right: ;\n}\n.dt-shortcode-soc-icons a.single-soc-icon-80e125d0f67ea6ce5e409ffbe563ec1d {\n  min-width: 36px;\n  min-height: 36px;\n  font-size: 26px;\n  border-radius: 100px;\n  margin-right: ;\n}\n.dt-shortcode-soc-icons a.single-soc-icon-80e125d0f67ea6ce5e409ffbe563ec1d:last-child {\n  margin-right: 0;\n}\n.dt-shortcode-soc-icons a.single-soc-icon-80e125d0f67ea6ce5e409ffbe563ec1d:before,\n.dt-shortcode-soc-icons a.single-soc-icon-80e125d0f67ea6ce5e409ffbe563ec1d:after {\n  min-width: 36px;\n  min-height: 36px;\n  padding: inherit;\n}\n#page .dt-shortcode-soc-icons a.single-soc-icon-80e125d0f67ea6ce5e409ffbe563ec1d.dt-icon-bg-on:before,\n#phantom .dt-shortcode-soc-icons a.single-soc-icon-80e125d0f67ea6ce5e409ffbe563ec1d.dt-icon-bg-on:before {\n  background: #ffffff;\n}\n.dt-shortcode-soc-icons a.single-soc-icon-80e125d0f67ea6ce5e409ffbe563ec1d.dt-icon-border-on:before {\n  border: 0px solid ;\n}\n.dt-shortcode-soc-icons a.single-soc-icon-80e125d0f67ea6ce5e409ffbe563ec1d.dt-icon-hover-border-on:after {\n  border: 0px solid #ffffff;\n}\n.dt-shortcode-soc-icons a.single-soc-icon-80e125d0f67ea6ce5e409ffbe563ec1d:hover {\n  font-size: 26px;\n}\n#page .dt-shortcode-soc-icons a.single-soc-icon-80e125d0f67ea6ce5e409ffbe563ec1d:hover .soc-font-icon,\n#phantom .dt-shortcode-soc-icons a.single-soc-icon-80e125d0f67ea6ce5e409ffbe563ec1d:hover .soc-font-icon,\n#page .dt-shortcode-soc-icons a.single-soc-icon-80e125d0f67ea6ce5e409ffbe563ec1d:hover .soc-icon,\n#phantom .dt-shortcode-soc-icons a.single-soc-icon-80e125d0f67ea6ce5e409ffbe563ec1d:hover .soc-icon {\n  color: rgba(255,255,255,0.75);\n  background: none;\n}\n#page .dt-shortcode-soc-icons a.single-soc-icon-80e125d0f67ea6ce5e409ffbe563ec1d:not(:hover) .soc-font-icon,\n#phantom .dt-shortcode-soc-icons a.single-soc-icon-80e125d0f67ea6ce5e409ffbe563ec1d:not(:hover) .soc-font-icon,\n#page .dt-shortcode-soc-icons a.single-soc-icon-80e125d0f67ea6ce5e409ffbe563ec1d:not(:hover) .soc-icon,\n#phantom .dt-shortcode-soc-icons a.single-soc-icon-80e125d0f67ea6ce5e409ffbe563ec1d:not(:hover) .soc-icon {\n  color: #0055a4;\n  background: none;\n}\n.dt-shortcode-soc-icons a.single-soc-icon-80e125d0f67ea6ce5e409ffbe563ec1d .soc-font-icon,\n.dt-shortcode-soc-icons a.single-soc-icon-80e125d0f67ea6ce5e409ffbe563ec1d .soc-icon {\n  font-size: 26px;\n}\n<\/style><a title=\"Instagram\" href=\"https:\/\/www.instagram.com\/johnabbottcollege\"  target=\"_blank\"class=\"instagram single-soc-icon-80e125d0f67ea6ce5e409ffbe563ec1d dt-icon-bg-on dt-icon-hover-border-on dt-icon-hover-bg-off  \" ><i class=\"soc-icon soc-font-icon dt-icon-instagram\"><\/i><span class=\"screen-reader-text\">Instagram<\/span><\/a><style type=\"text\/css\" data-type=\"the7_shortcodes-inline-css\">.dt-shortcode-soc-icons.single-soc-icon-d1fc5e4abdfbddcebd6891e617e4c215 a {\n  margin-right: ;\n}\n.dt-shortcode-soc-icons a.single-soc-icon-d1fc5e4abdfbddcebd6891e617e4c215 {\n  min-width: 36px;\n  min-height: 36px;\n  font-size: 26px;\n  border-radius: 100px;\n  margin-right: ;\n}\n.dt-shortcode-soc-icons a.single-soc-icon-d1fc5e4abdfbddcebd6891e617e4c215:last-child {\n  margin-right: 0;\n}\n.dt-shortcode-soc-icons a.single-soc-icon-d1fc5e4abdfbddcebd6891e617e4c215:before,\n.dt-shortcode-soc-icons a.single-soc-icon-d1fc5e4abdfbddcebd6891e617e4c215:after {\n  min-width: 36px;\n  min-height: 36px;\n  padding: inherit;\n}\n#page .dt-shortcode-soc-icons a.single-soc-icon-d1fc5e4abdfbddcebd6891e617e4c215.dt-icon-bg-on:before,\n#phantom .dt-shortcode-soc-icons a.single-soc-icon-d1fc5e4abdfbddcebd6891e617e4c215.dt-icon-bg-on:before {\n  background: #ffffff;\n}\n.dt-shortcode-soc-icons a.single-soc-icon-d1fc5e4abdfbddcebd6891e617e4c215.dt-icon-border-on:before {\n  border: 0px solid ;\n}\n.dt-shortcode-soc-icons a.single-soc-icon-d1fc5e4abdfbddcebd6891e617e4c215.dt-icon-hover-border-on:after {\n  border: 0px solid #ffffff;\n}\n.dt-shortcode-soc-icons a.single-soc-icon-d1fc5e4abdfbddcebd6891e617e4c215:hover {\n  font-size: 26px;\n}\n#page .dt-shortcode-soc-icons a.single-soc-icon-d1fc5e4abdfbddcebd6891e617e4c215:hover .soc-font-icon,\n#phantom .dt-shortcode-soc-icons a.single-soc-icon-d1fc5e4abdfbddcebd6891e617e4c215:hover .soc-font-icon,\n#page .dt-shortcode-soc-icons a.single-soc-icon-d1fc5e4abdfbddcebd6891e617e4c215:hover .soc-icon,\n#phantom .dt-shortcode-soc-icons a.single-soc-icon-d1fc5e4abdfbddcebd6891e617e4c215:hover .soc-icon {\n  color: rgba(255,255,255,0.75);\n  background: none;\n}\n#page .dt-shortcode-soc-icons a.single-soc-icon-d1fc5e4abdfbddcebd6891e617e4c215:not(:hover) .soc-font-icon,\n#phantom .dt-shortcode-soc-icons a.single-soc-icon-d1fc5e4abdfbddcebd6891e617e4c215:not(:hover) .soc-font-icon,\n#page .dt-shortcode-soc-icons a.single-soc-icon-d1fc5e4abdfbddcebd6891e617e4c215:not(:hover) .soc-icon,\n#phantom .dt-shortcode-soc-icons a.single-soc-icon-d1fc5e4abdfbddcebd6891e617e4c215:not(:hover) .soc-icon {\n  color: #0055a4;\n  background: none;\n}\n.dt-shortcode-soc-icons a.single-soc-icon-d1fc5e4abdfbddcebd6891e617e4c215 .soc-font-icon,\n.dt-shortcode-soc-icons a.single-soc-icon-d1fc5e4abdfbddcebd6891e617e4c215 .soc-icon {\n  font-size: 26px;\n}\n<\/style><a title=\"LinkedIn\" href=\"http:\/\/www.linkedin.com\/edu\/school?id=20481\"  target=\"_blank\"class=\"linkedin single-soc-icon-d1fc5e4abdfbddcebd6891e617e4c215 dt-icon-bg-on dt-icon-hover-border-on dt-icon-hover-bg-off  \" ><i class=\"soc-icon soc-font-icon dt-icon-linkedin\"><\/i><span class=\"screen-reader-text\">LinkedIn<\/span><\/a><style type=\"text\/css\" data-type=\"the7_shortcodes-inline-css\">.dt-shortcode-soc-icons.single-soc-icon-4e16729159eb346a2d60354993b83788 a {\n  margin-right: ;\n}\n.dt-shortcode-soc-icons a.single-soc-icon-4e16729159eb346a2d60354993b83788 {\n  min-width: 36px;\n  min-height: 36px;\n  font-size: 26px;\n  border-radius: 100px;\n  margin-right: ;\n}\n.dt-shortcode-soc-icons a.single-soc-icon-4e16729159eb346a2d60354993b83788:last-child {\n  margin-right: 0;\n}\n.dt-shortcode-soc-icons a.single-soc-icon-4e16729159eb346a2d60354993b83788:before,\n.dt-shortcode-soc-icons a.single-soc-icon-4e16729159eb346a2d60354993b83788:after {\n  min-width: 36px;\n  min-height: 36px;\n  padding: inherit;\n}\n#page .dt-shortcode-soc-icons a.single-soc-icon-4e16729159eb346a2d60354993b83788.dt-icon-bg-on:before,\n#phantom .dt-shortcode-soc-icons a.single-soc-icon-4e16729159eb346a2d60354993b83788.dt-icon-bg-on:before {\n  background: #ffffff;\n}\n.dt-shortcode-soc-icons a.single-soc-icon-4e16729159eb346a2d60354993b83788.dt-icon-border-on:before {\n  border: 0px solid ;\n}\n.dt-shortcode-soc-icons a.single-soc-icon-4e16729159eb346a2d60354993b83788.dt-icon-hover-border-on:after {\n  border: 0px solid #ffffff;\n}\n.dt-shortcode-soc-icons a.single-soc-icon-4e16729159eb346a2d60354993b83788:hover {\n  font-size: 26px;\n}\n#page .dt-shortcode-soc-icons a.single-soc-icon-4e16729159eb346a2d60354993b83788:hover .soc-font-icon,\n#phantom .dt-shortcode-soc-icons a.single-soc-icon-4e16729159eb346a2d60354993b83788:hover .soc-font-icon,\n#page .dt-shortcode-soc-icons a.single-soc-icon-4e16729159eb346a2d60354993b83788:hover .soc-icon,\n#phantom .dt-shortcode-soc-icons a.single-soc-icon-4e16729159eb346a2d60354993b83788:hover .soc-icon {\n  color: rgba(255,255,255,0.75);\n  background: none;\n}\n#page .dt-shortcode-soc-icons a.single-soc-icon-4e16729159eb346a2d60354993b83788:not(:hover) .soc-font-icon,\n#phantom .dt-shortcode-soc-icons a.single-soc-icon-4e16729159eb346a2d60354993b83788:not(:hover) .soc-font-icon,\n#page .dt-shortcode-soc-icons a.single-soc-icon-4e16729159eb346a2d60354993b83788:not(:hover) .soc-icon,\n#phantom .dt-shortcode-soc-icons a.single-soc-icon-4e16729159eb346a2d60354993b83788:not(:hover) .soc-icon {\n  color: #0055a4;\n  background: none;\n}\n.dt-shortcode-soc-icons a.single-soc-icon-4e16729159eb346a2d60354993b83788 .soc-font-icon,\n.dt-shortcode-soc-icons a.single-soc-icon-4e16729159eb346a2d60354993b83788 .soc-icon {\n  font-size: 26px;\n}\n<\/style><a title=\"YouTube\" href=\"http:\/\/www.youtube.com\/user\/JACmontreal\"  target=\"_blank\"class=\"you-tube single-soc-icon-4e16729159eb346a2d60354993b83788 dt-icon-bg-on dt-icon-hover-border-on dt-icon-hover-bg-off  \" ><i class=\"soc-icon soc-font-icon dt-icon-you-tube\"><\/i><span class=\"screen-reader-text\">YouTube<\/span><\/a><style type=\"text\/css\" data-type=\"the7_shortcodes-inline-css\">.dt-shortcode-soc-icons.single-soc-icon-1fe68c7b5dec4ce2e1db626d705bf9a9 a {\n  margin-right: ;\n}\n.dt-shortcode-soc-icons a.single-soc-icon-1fe68c7b5dec4ce2e1db626d705bf9a9 {\n  min-width: 36px;\n  min-height: 36px;\n  font-size: 26px;\n  border-radius: 100px;\n  margin-right: ;\n}\n.dt-shortcode-soc-icons a.single-soc-icon-1fe68c7b5dec4ce2e1db626d705bf9a9:last-child {\n  margin-right: 0;\n}\n.dt-shortcode-soc-icons a.single-soc-icon-1fe68c7b5dec4ce2e1db626d705bf9a9:before,\n.dt-shortcode-soc-icons a.single-soc-icon-1fe68c7b5dec4ce2e1db626d705bf9a9:after {\n  min-width: 36px;\n  min-height: 36px;\n  padding: inherit;\n}\n#page .dt-shortcode-soc-icons a.single-soc-icon-1fe68c7b5dec4ce2e1db626d705bf9a9.dt-icon-bg-on:before,\n#phantom .dt-shortcode-soc-icons a.single-soc-icon-1fe68c7b5dec4ce2e1db626d705bf9a9.dt-icon-bg-on:before {\n  background: #ffffff;\n}\n.dt-shortcode-soc-icons a.single-soc-icon-1fe68c7b5dec4ce2e1db626d705bf9a9.dt-icon-border-on:before {\n  border: 0px solid ;\n}\n.dt-shortcode-soc-icons a.single-soc-icon-1fe68c7b5dec4ce2e1db626d705bf9a9.dt-icon-hover-border-on:after {\n  border: 0px solid #ffffff;\n}\n.dt-shortcode-soc-icons a.single-soc-icon-1fe68c7b5dec4ce2e1db626d705bf9a9:hover {\n  font-size: 26px;\n}\n#page .dt-shortcode-soc-icons a.single-soc-icon-1fe68c7b5dec4ce2e1db626d705bf9a9:hover .soc-font-icon,\n#phantom .dt-shortcode-soc-icons a.single-soc-icon-1fe68c7b5dec4ce2e1db626d705bf9a9:hover .soc-font-icon,\n#page .dt-shortcode-soc-icons a.single-soc-icon-1fe68c7b5dec4ce2e1db626d705bf9a9:hover .soc-icon,\n#phantom .dt-shortcode-soc-icons a.single-soc-icon-1fe68c7b5dec4ce2e1db626d705bf9a9:hover .soc-icon {\n  color: rgba(255,255,255,0.75);\n  background: none;\n}\n#page .dt-shortcode-soc-icons a.single-soc-icon-1fe68c7b5dec4ce2e1db626d705bf9a9:not(:hover) .soc-font-icon,\n#phantom .dt-shortcode-soc-icons a.single-soc-icon-1fe68c7b5dec4ce2e1db626d705bf9a9:not(:hover) .soc-font-icon,\n#page .dt-shortcode-soc-icons a.single-soc-icon-1fe68c7b5dec4ce2e1db626d705bf9a9:not(:hover) .soc-icon,\n#phantom .dt-shortcode-soc-icons a.single-soc-icon-1fe68c7b5dec4ce2e1db626d705bf9a9:not(:hover) .soc-icon {\n  color: #0055a4;\n  background: none;\n}\n.dt-shortcode-soc-icons a.single-soc-icon-1fe68c7b5dec4ce2e1db626d705bf9a9 .soc-font-icon,\n.dt-shortcode-soc-icons a.single-soc-icon-1fe68c7b5dec4ce2e1db626d705bf9a9 .soc-icon {\n  font-size: 26px;\n}\n<\/style><a title=\"Mail\" href=\"mailto:communications@johnabbott.qc.ca\" class=\"mail single-soc-icon-1fe68c7b5dec4ce2e1db626d705bf9a9 dt-icon-bg-on dt-icon-hover-border-on dt-icon-hover-bg-off  \" ><i class=\"soc-icon soc-font-icon dt-icon-mail\"><\/i><span class=\"screen-reader-text\">Mail<\/span><\/a><\/div>[\/vc_column][\/vc_row]<\/p>\n","protected":false},"excerpt":{"rendered":"<p>[vc_row full_width=\u00a0\u00bbstretch_row\u00a0\u00bb equal_height=\u00a0\u00bbyes\u00a0\u00bb content_placement=\u00a0\u00bbmiddle\u00a0\u00bb bg_type=\u00a0\u00bbimage\u00a0\u00bb parallax_style=\u00a0\u00bbvcpb-default\u00a0\u00bb bg_image_new=\u00a0\u00bbid^4919|url^https:\/\/departments.johnabbott.qc.ca\/wp-content\/uploads\/2020\/05\/john-abbott-school-main-building-view.jpg|caption^null|alt^null|title^john-abbott-school-main-building-view|description^null\u00a0\u00bb bg_image_repeat=\u00a0\u00bbno-repeat\u00a0\u00bb bg_img_attach=\u00a0\u00bbfixed\u00a0\u00bb bg_image_posiiton=\u00a0\u00bbcenter bottom\u00a0\u00bb bg_override=\u00a0\u00bbex-full\u00a0\u00bb enable_overlay=\u00a0\u00bbenable_overlay_value\u00a0\u00bb overlay_color=\u00a0\u00bbrgba(12,12,12,0.7)\u00a0\u00bb css=\u00a0\u00bb.vc_custom_1590687683311{padding-top: 200px !important;padding-bottom: 200px !important;}\u00a0\u00bb][vc_column width=\u00a0\u00bb2\/3&Prime;][vc_column_text] DIRECTIONS ADJOINTES DES \u00c9TUDES ET D\u00c9PARTEMENTS D&rsquo;ENSEIGNEMENT [\/vc_column_text][\/vc_column][vc_column width=\u00a0\u00bb1\/3&Prime;][\/vc_column][\/vc_row][vc_row full_width=\u00a0\u00bbstretch_row_content_no_spaces\u00a0\u00bb equal_height=\u00a0\u00bbyes\u00a0\u00bb content_placement=\u00a0\u00bbmiddle\u00a0\u00bb css=\u00a0\u00bb.vc_custom_1589246166854{margin-top: 0px !important;margin-bottom: 0px !important;border-top-width: 0px !important;border-bottom-width: 0px !important;padding-top: 0px !important;padding-bottom: 0px !important;}\u00a0\u00bb][vc_column width=\u00a0\u00bb1\/2&Prime;][vc_row_inner css=\u00a0\u00bb.vc_custom_1589246143787{padding-right: 15px !important;padding-left: 15px !important;}\u00a0\u00bb][vc_column_inner width=\u00a0\u00bb1\/6&Prime;][\/vc_column_inner][vc_column_inner width=\u00a0\u00bb2\/3&Prime;][vc_column_text]Le C\u00e9gep\u00a0John\u00a0Abbott est&hellip;<\/p>\n","protected":false},"author":1,"featured_media":0,"parent":0,"menu_order":1,"comment_status":"closed","ping_status":"closed","template":"","meta":{"footnotes":""},"_links":{"self":[{"href":"https:\/\/departments.johnabbott.qc.ca\/fr\/wp-json\/wp\/v2\/pages\/7085"}],"collection":[{"href":"https:\/\/departments.johnabbott.qc.ca\/fr\/wp-json\/wp\/v2\/pages"}],"about":[{"href":"https:\/\/departments.johnabbott.qc.ca\/fr\/wp-json\/wp\/v2\/types\/page"}],"author":[{"embeddable":true,"href":"https:\/\/departments.johnabbott.qc.ca\/fr\/wp-json\/wp\/v2\/users\/1"}],"replies":[{"embeddable":true,"href":"https:\/\/departments.johnabbott.qc.ca\/fr\/wp-json\/wp\/v2\/comments?post=7085"}],"version-history":[{"count":3,"href":"https:\/\/departments.johnabbott.qc.ca\/fr\/wp-json\/wp\/v2\/pages\/7085\/revisions"}],"predecessor-version":[{"id":9153,"href":"https:\/\/departments.johnabbott.qc.ca\/fr\/wp-json\/wp\/v2\/pages\/7085\/revisions\/9153"}],"wp:attachment":[{"href":"https:\/\/departments.johnabbott.qc.ca\/fr\/wp-json\/wp\/v2\/media?parent=7085"}],"curies":[{"name":"wp","href":"https:\/\/api.w.org\/{rel}","templated":true}]}}