{"id":7091,"date":"2014-10-28T15:21:21","date_gmt":"2014-10-28T15:21:21","guid":{"rendered":"https:\/\/jadepartments.wpengine.com\/program-deans-office\/computer-science\/"},"modified":"2024-01-24T15:18:17","modified_gmt":"2024-01-24T15:18:17","slug":"computer-science","status":"publish","type":"page","link":"https:\/\/departments.johnabbott.qc.ca\/fr\/departments\/computer-science\/","title":{"rendered":"Techniques de l&rsquo;informatique"},"content":{"rendered":"<div class=\"responsive-tabs\">\n<h2 class=\"tabtitle\"><span class=\"fa fa-scroll\"><\/span>Accueil<\/h2>\n<div class=\"tabcontent\">\n\n<p>Pour obtenir des renseignements complets sur le programme des Techniques de l\u2019informatique, veuillez consulter la section du programme sur le site Web du C\u00e9gep John Abbott. <a href=\"https:\/\/www.johnabbott.qc.ca\/fr\/career-programs\/computer-science-technology\/\" target=\"_blank\" rel=\"noopener\">Techniques de l&rsquo;informatique<\/a><\/p>\n\n<\/div><h2 class=\"tabtitle\"><span class=\"fa fa-user-tie\"><\/span>Membres du d\u00e9partement<\/h2>\n<div class=\"tabcontent\">\n\n<div class=\"staff-member-listing compsci\"><div class=\"staff-member even \">\r\n\t<img decoding=\"async\" class=\"staff-member-photo\" src=\"https:\/\/departments.johnabbott.qc.ca\/wp-content\/uploads\/2018\/09\/silouette-1.jpg\" alt=\"Badawy, Youmna : \">\r\n\t<div class=\"staff-member-info-wrap\">\r\n\t\t<h3 class=\"staff-member-name\">Badawy, Youmna<\/h3>\r\n<br>\r\n\t\t\r\n<br>\r\n\r\n<br>\r\n\t<a class=\"staff-member-email\" href=\"mailto:&#121;ou&#109;&#110;a&#046;&#098;&#097;da&#119;&#121;&#064;j&#111;&#104;&#110;a&#098;b&#111;&#116;t.&#113;c&#046;ca\" title=\"Email Badawy, Youmna\">&#121;ou&#109;n&#097;.&#098;&#097;d&#097;wy&#064;johna&#098;&#098;&#111;&#116;&#116;.q&#099;.c&#097;<\/a>\r\n<br>\r\n<br>\r\n\t\t\r\n\t<\/div>\r\n<br>\r\n<\/div> <!-- Close staff-member --><div class=\"staff-member odd \">\r\n\t<img decoding=\"async\" class=\"staff-member-photo\" src=\"https:\/\/departments.johnabbott.qc.ca\/wp-content\/uploads\/2015\/02\/chris.jpg\" alt=\"Chadillon, Chris : \">\r\n\t<div class=\"staff-member-info-wrap\">\r\n\t\t<h3 class=\"staff-member-name\">Chadillon, Chris<\/h3>\r\n<br>\r\n\t\t514-457-6610, poste 5820\r\n<br>\r\nP-237\r\n<br>\r\n\t<a class=\"staff-member-email\" href=\"mailto:c&#099;h&#097;&#100;&#105;&#108;lon&#064;&#106;&#111;&#104;&#110;abb&#111;t&#116;.q&#099;&#046;c&#097;\" title=\"Email Chadillon, Chris\">cch&#097;&#100;i&#108;lo&#110;&#064;jo&#104;na&#098;bot&#116;.&#113;&#099;&#046;&#099;&#097;<\/a>\r\n<br>\r\n<br>\r\n\t\t\r\n\t<\/div>\r\n<br>\r\n<\/div> <!-- Close staff-member --><div class=\"staff-member even \">\r\n\t<img decoding=\"async\" class=\"staff-member-photo\" src=\"https:\/\/departments.johnabbott.qc.ca\/wp-content\/uploads\/2015\/02\/ian.jpg\" alt=\"Clement, Ian : \">\r\n\t<div class=\"staff-member-info-wrap\">\r\n\t\t<h3 class=\"staff-member-name\">Clement, Ian<\/h3>\r\n<br>\r\n\t\t514-457-6610, poste 5909\r\n<br>\r\nP-227\r\n<br>\r\n\t<a class=\"staff-member-email\" href=\"mailto:&#105;&#097;n.&#099;l&#101;me&#110;t&#064;&#106;&#111;hn&#097;&#098;bot&#116;&#046;qc.ca\" title=\"Email Clement, Ian\">i&#097;n.&#099;le&#109;ent&#064;joh&#110;ab&#098;o&#116;t&#046;&#113;c&#046;&#099;&#097;<\/a>\r\n<br>\r\n<br>\r\n\t\t\r\n\t<\/div>\r\n<br>\r\n<\/div> <!-- Close staff-member --><div class=\"staff-member odd \">\r\n\t<img decoding=\"async\" class=\"staff-member-photo\" src=\"https:\/\/departments.johnabbott.qc.ca\/wp-content\/uploads\/2018\/09\/silouette-1.jpg\" alt=\"D&rsquo;Melo, Preeti Pearl : \">\r\n\t<div class=\"staff-member-info-wrap\">\r\n\t\t<h3 class=\"staff-member-name\">D&rsquo;Melo, Preeti Pearl<\/h3>\r\n<br>\r\n\t\t\r\n<br>\r\n\r\n<br>\r\n\t<a class=\"staff-member-email\" href=\"mailto:&#112;re&#101;&#116;ip&#101;&#097;&#114;l.&#100;&#109;elo&#064;joh&#110;a&#098;b&#111;tt.&#113;&#099;.ca\" title=\"Email D&rsquo;Melo, Preeti Pearl\">&#112;&#114;&#101;et&#105;pear&#108;.&#100;&#109;el&#111;&#064;j&#111;hn&#097;&#098;bot&#116;.qc.c&#097;<\/a>\r\n<br>\r\n<br>\r\n\t\t\r\n\t<\/div>\r\n<br>\r\n<\/div> <!-- Close staff-member --><div class=\"staff-member even \">\r\n\t<img decoding=\"async\" class=\"staff-member-photo\" src=\"https:\/\/departments.johnabbott.qc.ca\/wp-content\/uploads\/2018\/09\/silouette-1.jpg\" alt=\"Fulleringer, Alexander : \">\r\n\t<div class=\"staff-member-info-wrap\">\r\n\t\t<h3 class=\"staff-member-name\">Fulleringer, Alexander<\/h3>\r\n<br>\r\n\t\t\r\n<br>\r\n\r\n<br>\r\n\t<a class=\"staff-member-email\" href=\"mailto:&#097;l&#101;x&#046;f&#117;&#108;&#108;ering&#101;&#114;&#064;&#106;&#111;hn&#097;&#098;&#098;ott&#046;&#113;c&#046;&#099;&#097;\" title=\"Email Fulleringer, Alexander\">a&#108;&#101;x.fu&#108;l&#101;&#114;i&#110;&#103;er&#064;joh&#110;a&#098;b&#111;tt.&#113;c.&#099;&#097;<\/a>\r\n<br>\r\n<br>\r\n\t\t\r\n\t<\/div>\r\n<br>\r\n<\/div> <!-- Close staff-member --><div class=\"staff-member odd \">\r\n\t<img decoding=\"async\" class=\"staff-member-photo\" src=\"https:\/\/departments.johnabbott.qc.ca\/wp-content\/uploads\/2018\/09\/silouette-1.jpg\" alt=\"Grundy, Peter : \">\r\n\t<div class=\"staff-member-info-wrap\">\r\n\t\t<h3 class=\"staff-member-name\">Grundy, Peter<\/h3>\r\n<br>\r\n\t\t\r\n<br>\r\n\r\n<br>\r\n\t<a class=\"staff-member-email\" href=\"mailto:p&#101;ter.&#103;r&#117;&#110;&#100;&#121;&#064;jo&#104;nab&#098;o&#116;&#116;&#046;qc.&#099;&#097;\" title=\"Email Grundy, Peter\">&#112;et&#101;r&#046;&#103;r&#117;ndy&#064;&#106;o&#104;nab&#098;&#111;tt&#046;&#113;c&#046;c&#097;<\/a>\r\n<br>\r\n<br>\r\n\t\t\r\n\t<\/div>\r\n<br>\r\n<\/div> <!-- Close staff-member --><div class=\"staff-member even \">\r\n\t<img decoding=\"async\" class=\"staff-member-photo\" src=\"https:\/\/departments.johnabbott.qc.ca\/wp-content\/uploads\/2018\/09\/silouette-1.jpg\" alt=\"Haaf, Michael : \">\r\n\t<div class=\"staff-member-info-wrap\">\r\n\t\t<h3 class=\"staff-member-name\">Haaf, Michael<\/h3>\r\n<br>\r\n\t\t514-457-6610, poste 5939\r\n<br>\r\nP-235\r\n<br>\r\n\t<a class=\"staff-member-email\" href=\"mailto:&#077;&#105;c&#104;a&#101;&#108;.Ha&#097;&#102;&#064;j&#111;h&#110;a&#098;&#098;&#111;&#116;&#116;&#046;q&#099;&#046;ca\" title=\"Email Haaf, Michael\">&#077;&#105;&#099;hael&#046;H&#097;&#097;f&#064;&#106;&#111;hn&#097;bbo&#116;&#116;&#046;qc.ca<\/a>\r\n<br>\r\n<br>\r\n\t\t\r\n\t<\/div>\r\n<br>\r\n<\/div> <!-- Close staff-member --><div class=\"staff-member odd \">\r\n\t<img decoding=\"async\" class=\"staff-member-photo\" src=\"https:\/\/departments.johnabbott.qc.ca\/wp-content\/uploads\/2018\/09\/silouette-1.jpg\" alt=\"Hasan, Elzahraa : \">\r\n\t<div class=\"staff-member-info-wrap\">\r\n\t\t<h3 class=\"staff-member-name\">Hasan, Elzahraa<\/h3>\r\n<br>\r\n\t\t\r\n<br>\r\n\r\n<br>\r\n\t<a class=\"staff-member-email\" href=\"mailto:e&#108;zahraa.h&#097;&#115;&#097;&#110;&#064;johna&#098;&#098;o&#116;&#116;&#046;q&#099;&#046;c&#097;\" title=\"Email Hasan, Elzahraa\">e&#108;&#122;&#097;h&#114;&#097;&#097;&#046;hasan&#064;&#106;&#111;&#104;n&#097;b&#098;&#111;&#116;t&#046;&#113;c.&#099;&#097;<\/a>\r\n<br>\r\n<br>\r\n\t\t\r\n\t<\/div>\r\n<br>\r\n<\/div> <!-- Close staff-member --><div class=\"staff-member even \">\r\n\t<img decoding=\"async\" class=\"staff-member-photo\" src=\"https:\/\/departments.johnabbott.qc.ca\/wp-content\/uploads\/2021\/01\/Talib.jpg\" alt=\"Hussain, Talib : \">\r\n\t<div class=\"staff-member-info-wrap\">\r\n\t\t<h3 class=\"staff-member-name\">Hussain, Talib<\/h3>\r\n<br>\r\n\t\t\r\n<br>\r\n\r\n<br>\r\n\t<a class=\"staff-member-email\" href=\"mailto:t&#097;&#108;&#105;&#098;&#046;&#104;u&#115;&#115;a&#105;n&#064;john&#097;bb&#111;&#116;t.&#113;&#099;.&#099;a\" title=\"Email Hussain, Talib\">&#116;a&#108;ib&#046;&#104;&#117;&#115;sai&#110;&#064;&#106;oh&#110;&#097;&#098;&#098;&#111;t&#116;&#046;qc&#046;c&#097;<\/a>\r\n<br>\r\n<br>\r\n\t\t\r\n\t<\/div>\r\n<br>\r\n<\/div> <!-- Close staff-member --><div class=\"staff-member odd \">\r\n\t<img decoding=\"async\" class=\"staff-member-photo\" src=\"https:\/\/departments.johnabbott.qc.ca\/wp-content\/uploads\/2018\/10\/helen.jpg\" alt=\"Katalifos, Helen : Co-coordonnatrice\">\r\n\t<div class=\"staff-member-info-wrap\">\r\n\t\t<h3 class=\"staff-member-name\">Katalifos, Helen<\/h3>Co-coordonnatrice\r\n<br>\r\n\t\t514-457-6610, poste 5044\r\n<br>\r\nP-237\r\n<br>\r\n\t<a class=\"staff-member-email\" href=\"mailto:&#104;&#101;&#108;&#101;&#110;.katalifo&#115;&#064;&#106;&#111;&#104;na&#098;b&#111;&#116;t&#046;q&#099;.c&#097;\" title=\"Email Katalifos, Helen\">&#104;elen&#046;k&#097;ta&#108;ifos&#064;&#106;oh&#110;&#097;&#098;b&#111;tt.q&#099;&#046;&#099;&#097;<\/a>\r\n<br>\r\n<br>\r\n\t\t\r\n\t<\/div>\r\n<br>\r\n<\/div> <!-- Close staff-member --><div class=\"staff-member even \">\r\n\t<img decoding=\"async\" class=\"staff-member-photo\" src=\"https:\/\/departments.johnabbott.qc.ca\/wp-content\/uploads\/2020\/10\/gabriel.jpg\" alt=\"Larco, Gabriel : \">\r\n\t<div class=\"staff-member-info-wrap\">\r\n\t\t<h3 class=\"staff-member-name\">Larco, Gabriel<\/h3>\r\n<br>\r\n\t\t514-457-6610, poste 5603\r\n<br>\r\nP-235\r\n<br>\r\n\t<a class=\"staff-member-email\" href=\"mailto:g&#097;b&#114;&#105;e&#108;.larc&#111;&#064;&#106;o&#104;n&#097;&#098;&#098;ott.q&#099;&#046;ca\" title=\"Email Larco, Gabriel\">ga&#098;rie&#108;.l&#097;&#114;&#099;&#111;&#064;&#106;&#111;h&#110;ab&#098;ot&#116;.&#113;&#099;&#046;ca<\/a>\r\n<br>\r\n<br>\r\n\t\t\r\n\t<\/div>\r\n<br>\r\n<\/div> <!-- Close staff-member --><div class=\"staff-member odd \">\r\n\t<img decoding=\"async\" class=\"staff-member-photo\" src=\"https:\/\/departments.johnabbott.qc.ca\/wp-content\/uploads\/2018\/09\/silouette-1.jpg\" alt=\"MacDonald, Keith : \">\r\n\t<div class=\"staff-member-info-wrap\">\r\n\t\t<h3 class=\"staff-member-name\">MacDonald, Keith<\/h3>\r\n<br>\r\n\t\t\r\n<br>\r\n\r\n<br>\r\n\t<a class=\"staff-member-email\" href=\"mailto:ke&#105;t&#104;.&#109;a&#099;d&#111;n&#097;ld&#064;&#106;&#111;h&#110;&#097;&#098;bot&#116;&#046;&#113;c.&#099;a\" title=\"Email MacDonald, Keith\">ke&#105;&#116;h&#046;macd&#111;&#110;a&#108;d&#064;j&#111;&#104;nabbot&#116;&#046;qc&#046;ca<\/a>\r\n<br>\r\n<br>\r\n\t\t\r\n\t<\/div>\r\n<br>\r\n<\/div> <!-- Close staff-member --><div class=\"staff-member even \">\r\n\t<img decoding=\"async\" class=\"staff-member-photo\" src=\"https:\/\/departments.johnabbott.qc.ca\/wp-content\/uploads\/2018\/07\/aref.jpg\" alt=\"Mourtada. Aref : Co-coordonnateur\">\r\n\t<div class=\"staff-member-info-wrap\">\r\n\t\t<h3 class=\"staff-member-name\">Mourtada. Aref<\/h3>Co-coordonnateur\r\n<br>\r\n\t\t514-457-6610, poste 5779\r\n<br>\r\nP-239\r\n<br>\r\n\t<a class=\"staff-member-email\" href=\"mailto:&#097;&#114;&#101;&#102;.&#109;ou&#114;&#116;&#097;&#100;&#097;&#064;jo&#104;na&#098;&#098;&#111;&#116;t.&#113;c.ca\" title=\"Email Mourtada. Aref\">&#097;re&#102;.m&#111;urt&#097;&#100;&#097;&#064;j&#111;hn&#097;bbot&#116;&#046;q&#099;&#046;&#099;&#097;<\/a>\r\n<br>\r\n<br>\r\n\t\t\r\n\t<\/div>\r\n<br>\r\n<\/div> <!-- Close staff-member --><div class=\"staff-member odd \">\r\n\t<img decoding=\"async\" class=\"staff-member-photo\" src=\"https:\/\/departments.johnabbott.qc.ca\/wp-content\/uploads\/2018\/09\/silouette-1.jpg\" alt=\"Poggie, Elizabeth : \">\r\n\t<div class=\"staff-member-info-wrap\">\r\n\t\t<h3 class=\"staff-member-name\">Poggie, Elizabeth<\/h3>\r\n<br>\r\n\t\t\r\n<br>\r\n\r\n<br>\r\n\t<a class=\"staff-member-email\" href=\"mailto:e&#108;&#105;z&#097;be&#116;h.p&#111;&#103;&#103;i&#101;&#064;&#106;&#111;&#104;na&#098;b&#111;tt.&#113;&#099;.ca\" title=\"Email Poggie, Elizabeth\">e&#108;iza&#098;et&#104;&#046;p&#111;&#103;g&#105;&#101;&#064;&#106;&#111;&#104;&#110;&#097;bbo&#116;t&#046;&#113;c.c&#097;<\/a>\r\n<br>\r\n<br>\r\n\t\t\r\n\t<\/div>\r\n<br>\r\n<\/div> <!-- Close staff-member --><div class=\"staff-member even \">\r\n\t<img decoding=\"async\" class=\"staff-member-photo\" src=\"https:\/\/departments.johnabbott.qc.ca\/wp-content\/uploads\/2015\/02\/Claudiu.jpg\" alt=\"Scotnotis, Claudiu : \">\r\n\t<div class=\"staff-member-info-wrap\">\r\n\t\t<h3 class=\"staff-member-name\">Scotnotis, Claudiu<\/h3>\r\n<br>\r\n\t\t514-457-6610, poste 5778\r\n<br>\r\nP-227\r\n<br>\r\n\t<a class=\"staff-member-email\" href=\"mailto:cl&#097;&#117;&#100;&#105;u.&#115;&#099;&#111;&#116;not&#105;&#115;&#064;j&#111;hnab&#098;&#111;t&#116;&#046;&#113;c&#046;&#099;a\" title=\"Email Scotnotis, Claudiu\">c&#108;&#097;&#117;&#100;iu&#046;&#115;co&#116;&#110;&#111;t&#105;s&#064;&#106;ohn&#097;b&#098;o&#116;&#116;.&#113;&#099;&#046;&#099;a<\/a>\r\n<br>\r\n<br>\r\n\t\t<div class=\"staff-member-bio\"><p>J\u2019adooore enseigner! Et j\u2019adore \u00eatre t\u00e9moin du moment o\u00f9 une personne trouve la solution tant cherch\u00e9e. Je crois que tout le monde peut apprendre avec les bons outils et une bonne dose de motivation intrins\u00e8que. Mon but en tant qu\u2019enseignant est de motiver les \u00e9tudiant(e)s \u00e0 r\u00e9aliser leurs objectifs d\u2019apprentissage. Ce que je cherche \u00e0 faire en classe, c\u2019est abaisser la courbe d\u2019apprentissage de n\u2019importe quel sujet complexe pour en faciliter la compr\u00e9hension. Je crois que l\u2019enseignement devrait \u00eatre aussi pratique que possible et qu\u2019il est important d\u2019aider les \u00e9tudiant(e)s \u00e0 adopter la formation continue.<\/p>\n<p>Je me sp\u00e9cialise dans l\u2019enseignement de la programmation, du d\u00e9veloppement Web et des bases de donn\u00e9es.<\/p>\n<p>J\u2019aime les longues promenades sur la plage et j\u2019aime rire! \ud83d\ude0a<\/p>\n<\/div>\r\n\t<\/div>\r\n<br>\r\n<\/div> <!-- Close staff-member --><div class=\"staff-member odd \">\r\n\t<img decoding=\"async\" class=\"staff-member-photo\" src=\"https:\/\/departments.johnabbott.qc.ca\/wp-content\/uploads\/2021\/01\/Vikram.jpg\" alt=\"Singh, Vikram : \">\r\n\t<div class=\"staff-member-info-wrap\">\r\n\t\t<h3 class=\"staff-member-name\">Singh, Vikram<\/h3>\r\n<br>\r\n\t\t514-457-6610, poste 5961\r\n<br>\r\nP-231\r\n<br>\r\n\t<a class=\"staff-member-email\" href=\"mailto:&#118;ikra&#109;.si&#110;gh&#064;&#106;oh&#110;a&#098;&#098;&#111;&#116;&#116;.qc&#046;c&#097;\" title=\"Email Singh, Vikram\">vi&#107;&#114;am&#046;&#115;&#105;&#110;&#103;h&#064;&#106;oh&#110;ab&#098;&#111;&#116;t.&#113;&#099;.c&#097;<\/a>\r\n<br>\r\n<br>\r\n\t\t<div class=\"staff-member-bio\"><p>\u00c9tant moi-m\u00eame dipl\u00f4m\u00e9 du programme Techniques de l\u2019informatique du C\u00e9gep\u00a0John\u00a0Abbott (2011), je peux vous dire que je suis tr\u00e8s fier de donner des cours du programme qui m\u2019a inspir\u00e9 \u00e0 devenir d\u00e9veloppeur\u00a0Web. J\u2019ai obtenu un baccalaur\u00e9at en informatique (2019) \u00e0 l\u2019Universit\u00e9 Concordia avec une sp\u00e9cialisation en services et applications\u00a0Web. Tout r\u00e9cemment, j\u2019ai obtenu mon certificat d\u2019\u00e9tudes sup\u00e9rieures en enseignement au coll\u00e9gial (2020) de l\u2019Universit\u00e9 de Sherbrooke, et j\u2019esp\u00e8re terminer la ma\u00eetrise en enseignement bient\u00f4t! J\u2019ai travaill\u00e9 pour de nombreuses entreprises, principalement en tant que d\u00e9veloppeur\u00a0Web, et ce que j\u2019aime le plus de la grande Toile, c\u2019est sa facilit\u00e9 d\u2019acc\u00e8s (pour les utilisateurs) et de programmation (pour les d\u00e9veloppeurs).<\/p>\n<p>Je donne des cours du programme Techniques de l\u2019informatique depuis l\u2019automne\u00a02019 et j\u2019adore \u00e7a! Lorsque je ne travaille pas sur le Web, j\u2019ai l\u2019habitude de jouer \u00e0 des jeux vid\u00e9o ou de me perdre sur YouTube. \ud83d\udc30<\/p>\n<p>Venez \u00e0 mon bureau ou envoyez-moi un courriel si vous voulez discuter de quoi que ce soit avec moi, que cela concerne le Web ou non!<\/p>\n<\/div>\r\n\t<\/div>\r\n<br>\r\n<\/div> <!-- Close staff-member --><div class=\"staff-member even  last\">\r\n\t<img decoding=\"async\" class=\"staff-member-photo\" src=\"https:\/\/departments.johnabbott.qc.ca\/wp-content\/uploads\/2021\/01\/Meghrig-Terzian.jpg\" alt=\"Terzian, Meghrig : Co-coordonnatrice\">\r\n\t<div class=\"staff-member-info-wrap\">\r\n\t\t<h3 class=\"staff-member-name\">Terzian, Meghrig<\/h3>Co-coordonnatrice\r\n<br>\r\n\t\t514-457-6610, poste 5939\r\n<br>\r\n\r\n<br>\r\n\t<a class=\"staff-member-email\" href=\"mailto:me&#103;h&#114;i&#103;.t&#101;&#114;&#122;&#105;&#097;&#110;&#064;&#106;&#111;h&#110;&#097;&#098;&#098;&#111;t&#116;.&#113;c&#046;&#099;&#097;\" title=\"Email Terzian, Meghrig\">&#109;eg&#104;ri&#103;.&#116;e&#114;zian&#064;joh&#110;a&#098;bott.&#113;c&#046;&#099;a<\/a>\r\n<br>\r\n<br>\r\n\t\t<div class=\"staff-member-bio\"><p>J\u2019ai int\u00e9gr\u00e9 le d\u00e9partement des Techniques de l\u2019informatique \u00e0 l\u2019automne\u00a02020 apr\u00e8s avoir obtenu un doctorat en sciences informatiques de l\u2019Universit\u00e9 Concordia (2018). Mes recherches portaient sur la conception d\u2019algorithmes et la complexit\u00e9 informatique. Tout au long de mes \u00e9tudes sup\u00e9rieures, j\u2019ai \u00e9t\u00e9 charg\u00e9e de cours, enseignante et adjointe \u00e0 l\u2019enseignement.<\/p>\n<p>Ce qui m\u2019allume le plus de l\u2019enseignement, c\u2019est le moment o\u00f9 les \u00e9tudiant(e)s comprennent le concept que je suis en train de leur expliquer. Je suis toujours \u00e0 l\u2019aff\u00fbt des nouvelles technologies et j\u2019adore transmettre mes connaissances aux \u00e9tudiant(e)s.<\/p>\n<\/div>\r\n\t<\/div>\r\n<br>\r\n<\/div> <!-- Close staff-member --><\/div> <!-- Close staff-member-listing -->\n\n<\/div><h2 class=\"tabtitle\"><span class=\"fa fa-graduation-cap\"><\/span>Cours<\/h2>\n<div class=\"tabcontent\">\n\n<h2>COURS<\/h2>\n<p>Pour obtenir la liste compl\u00e8te des cours offerts par le d\u00e9partement des Techniques de l\u2019informatique, veuillez consulter la section du programme et la <a href=\"https:\/\/johnabbott.qc.ca\/fr\/career-programs\/computer-science-technology\/computer-science-420-b0\/\">grille de cours<\/a>.<\/p>\n\n<\/div><h2 class=\"tabtitle\"><span class=\"fa fa-info-circle\"><\/span>Renseignements suppl\u00e9mentaires<\/h2>\n<div class=\"tabcontent\">\n\n<p>&nbsp;<\/p>\n<\/div><\/div>\n","protected":false},"excerpt":{"rendered":"<p>Pour obtenir des renseignements complets sur le programme des Techniques de l\u2019informatique, veuillez consulter la section du programme sur le site Web du C\u00e9gep John Abbott. Techniques de l&rsquo;informatique COURS Pour obtenir la liste compl\u00e8te des cours offerts par le d\u00e9partement des Techniques de l\u2019informatique, veuillez consulter la section du programme et la grille de&hellip;<\/p>\n","protected":false},"author":1,"featured_media":0,"parent":7078,"menu_order":0,"comment_status":"closed","ping_status":"open","template":"","meta":{"footnotes":""},"_links":{"self":[{"href":"https:\/\/departments.johnabbott.qc.ca\/fr\/wp-json\/wp\/v2\/pages\/7091"}],"collection":[{"href":"https:\/\/departments.johnabbott.qc.ca\/fr\/wp-json\/wp\/v2\/pages"}],"about":[{"href":"https:\/\/departments.johnabbott.qc.ca\/fr\/wp-json\/wp\/v2\/types\/page"}],"author":[{"embeddable":true,"href":"https:\/\/departments.johnabbott.qc.ca\/fr\/wp-json\/wp\/v2\/users\/1"}],"replies":[{"embeddable":true,"href":"https:\/\/departments.johnabbott.qc.ca\/fr\/wp-json\/wp\/v2\/comments?post=7091"}],"version-history":[{"count":3,"href":"https:\/\/departments.johnabbott.qc.ca\/fr\/wp-json\/wp\/v2\/pages\/7091\/revisions"}],"predecessor-version":[{"id":9154,"href":"https:\/\/departments.johnabbott.qc.ca\/fr\/wp-json\/wp\/v2\/pages\/7091\/revisions\/9154"}],"up":[{"embeddable":true,"href":"https:\/\/departments.johnabbott.qc.ca\/fr\/wp-json\/wp\/v2\/pages\/7078"}],"wp:attachment":[{"href":"https:\/\/departments.johnabbott.qc.ca\/fr\/wp-json\/wp\/v2\/media?parent=7091"}],"curies":[{"name":"wp","href":"https:\/\/api.w.org\/{rel}","templated":true}]}}