{"id":7095,"date":"2014-10-28T16:06:41","date_gmt":"2014-10-28T16:06:41","guid":{"rendered":"https:\/\/jadepartments.wpengine.com\/program-deans-office\/french\/"},"modified":"2024-05-08T15:52:16","modified_gmt":"2024-05-08T15:52:16","slug":"french","status":"publish","type":"page","link":"https:\/\/departments.johnabbott.qc.ca\/fr\/departments\/francais\/","title":{"rendered":"Fran\u00e7ais"},"content":{"rendered":"<div class=\"responsive-tabs\">\n<h2 class=\"tabtitle\"><span class=\"fa fa-scroll\"><\/span>Accueil<\/h2>\n<div class=\"tabcontent\">\n\n<p>Les cours de fran\u00e7ais favorisent l\u2019int\u00e9gration \u00e0 la soci\u00e9t\u00e9 qu\u00e9b\u00e9coise des \u00e9tudiants munis d\u2019un certificat d\u2019admissibilit\u00e9. Ces cours visent \u00e0 permettre aux \u00e9tudiants de communiquer avec aisance en fran\u00e7ais, tant \u00e0 l\u2019\u00e9crit qu\u2019\u00e0 l\u2019oral, ainsi qu\u2019\u00e0 am\u00e9liorer leurs aptitudes en lecture et en compr\u00e9hension orale. \u00c0 leur arriv\u00e9e au coll\u00e8ge, les \u00e9tudiants sont class\u00e9es dans l\u2019un des quatre niveaux r\u00e9guliers: d\u00e9butants, interm\u00e9diaires, interm\u00e9diaires-avanc\u00e9s et avanc\u00e9s. Il existe \u00e9galement trois cours de mise \u00e0 niveau offerts aux \u00e9tudiants venus de l\u2019ext\u00e9rieur du Qu\u00e9bec.<\/p>\n<p>Les \u00e9tudiants sans certificat d\u2019admissibilit\u00e9 devront suivre trois cours de litt\u00e9rature qui les pr\u00e9pareront \u00e0 l\u2019\u00c9preuve uniforme de fran\u00e7ais. Cependant, si la note de fran\u00e7ais \u00e9crit du secondaire de l\u2019\u00e9tudiant est inf\u00e9rieure \u00e0 70%, celui-ci devra suivre pr\u00e9alablement un cours de renforcement en fran\u00e7ais.<\/p>\n\n<\/div><h2 class=\"tabtitle\"><span class=\"fa fa-user-tie\"><\/span>Membres du d\u00e9partements<\/h2>\n<div class=\"tabcontent\">\n\n<div class=\"staff-member-listing franc\"><div class=\"staff-member even \">\r\n\t<img decoding=\"async\" class=\"staff-member-photo\" src=\"https:\/\/departments.johnabbott.qc.ca\/wp-content\/uploads\/2015\/02\/Aissani-Louiza.jpg\" alt=\"Aissani, Louiza : \">\r\n\t<div class=\"staff-member-info-wrap\">\r\n\t\t<h3 class=\"staff-member-name\">Aissani, Louiza<\/h3>\r\n<br>\r\n\t\t514-457-6610, poste 5772\r\n<br>\r\nHO-344\r\n<br>\r\n\t<a class=\"staff-member-email\" href=\"mailto:&#108;ouiz&#097;&#046;&#097;is&#115;&#097;&#110;&#105;&#064;&#106;ohn&#097;bb&#111;&#116;t.&#113;c&#046;ca\" title=\"Email Aissani, Louiza\">lou&#105;za&#046;&#097;&#105;s&#115;a&#110;i&#064;john&#097;&#098;bott.qc&#046;&#099;a<\/a>\r\n<br>\r\n<br>\r\n\t\t\r\n\t<\/div>\r\n<br>\r\n<\/div> <!-- Close staff-member --><div class=\"staff-member odd \">\r\n\t<img decoding=\"async\" class=\"staff-member-photo\" src=\"https:\/\/departments.johnabbott.qc.ca\/wp-content\/uploads\/2018\/09\/silouette-1.jpg\" alt=\"Barrette, Marie-Claude : \">\r\n\t<div class=\"staff-member-info-wrap\">\r\n\t\t<h3 class=\"staff-member-name\">Barrette, Marie-Claude<\/h3>\r\n<br>\r\n\t\t514-457-6610, poste 5460\r\n<br>\r\nP-137\r\n<br>\r\n\t<a class=\"staff-member-email\" href=\"mailto:&#109;&#097;&#114;&#105;e-cl&#097;u&#100;e.&#098;a&#114;&#114;e&#116;&#116;e&#064;&#106;&#111;h&#110;ab&#098;&#111;&#116;&#116;.q&#099;&#046;&#099;&#097;\" title=\"Email Barrette, Marie-Claude\">ma&#114;&#105;e-cl&#097;&#117;d&#101;&#046;&#098;a&#114;re&#116;t&#101;&#064;&#106;&#111;&#104;n&#097;b&#098;o&#116;&#116;&#046;q&#099;.&#099;&#097;<\/a>\r\n<br>\r\n<br>\r\n\t\t\r\n\t<\/div>\r\n<br>\r\n<\/div> <!-- Close staff-member --><div class=\"staff-member even \">\r\n\t<img decoding=\"async\" class=\"staff-member-photo\" src=\"https:\/\/departments.johnabbott.qc.ca\/wp-content\/uploads\/2015\/02\/Beausoleil-Jean-Marc.jpg\" alt=\"Beausoleil, Jean-Marc : \">\r\n\t<div class=\"staff-member-info-wrap\">\r\n\t\t<h3 class=\"staff-member-name\">Beausoleil, Jean-Marc<\/h3>\r\n<br>\r\n\t\t514-457-6610, poste 5921\r\n<br>\r\nP-127\r\n<br>\r\n\t<a class=\"staff-member-email\" href=\"mailto:j&#101;&#097;&#110;&#045;mar&#099;.&#098;eau&#115;&#111;&#108;ei&#108;&#064;&#106;oh&#110;&#097;b&#098;o&#116;t&#046;&#113;&#099;.&#099;a\" title=\"Email Beausoleil, Jean-Marc\">je&#097;&#110;&#045;&#109;ar&#099;.b&#101;&#097;usoleil&#064;&#106;ohn&#097;b&#098;o&#116;t.qc.ca<\/a>\r\n<br>\r\n<br>\r\n\t\t<div class=\"staff-member-bio\"><p>(Montr\u00e9al, 1970 - ) JEAN-MARC BEAUSOLEIL a \u00e9t\u00e9 successivement r\u00e9dacteur en chef du Journal de Trois-Rivi\u00e8res, journaliste pour des magazines et des quotidiens, et maintenant professeur de fran\u00e7ais au c\u00e9gep John-Abbott. Apr\u00e8s avoir fait para\u00eetre La conversation fran\u00e7aise (Lanct\u00f4t, 2001), Pourquoi je ne me suis pas suicid\u00e9 comme mon ami Louis (Lanct\u00f4t, 2006), il a publi\u00e9 chez Triptyque Le souffle du dragon (nouvelles, 2009), Utopie Taxi (roman, 2010) et Blanc Bonsoir (roman, 2011) qui a connu un vif succ\u00e8s : \u00ab j\u2019en ai appris plus sur Ha\u00efti en lisant ce roman que les reportages vraiment bien pensant qu\u2019on nous offre \u00bb (Marie-France Bazzo).<br \/>\nEn 2012, il publie Monsieur \u00c9lectrique, en 2013 Joie de combat, en 2016, Mille masques, toujours chez Triptyque. En 2015, il a fait para\u00eetre Docteur Jazz aux \u00e9ditions Trois-Pistoles.<\/p>\n<\/div>\r\n\t<\/div>\r\n<br>\r\n<\/div> <!-- Close staff-member --><div class=\"staff-member odd \">\r\n\t<img decoding=\"async\" class=\"staff-member-photo\" src=\"https:\/\/departments.johnabbott.qc.ca\/wp-content\/uploads\/2015\/09\/P00014447-Ariane-Bessette-French.jpg\" alt=\"Bessette, Ariane : \">\r\n\t<div class=\"staff-member-info-wrap\">\r\n\t\t<h3 class=\"staff-member-name\">Bessette, Ariane<\/h3>\r\n<br>\r\n\t\t514-6610, poste 5565\r\n<br>\r\nHO-328\r\n<br>\r\n\t<a class=\"staff-member-email\" href=\"mailto:ari&#097;n&#101;&#046;b&#101;s&#115;et&#116;&#101;&#064;&#106;o&#104;n&#097;&#098;bott.qc&#046;c&#097;\" title=\"Email Bessette, Ariane\">&#097;&#114;&#105;&#097;n&#101;.&#098;e&#115;&#115;&#101;tt&#101;&#064;jo&#104;n&#097;&#098;&#098;o&#116;t&#046;qc.c&#097;<\/a>\r\n<br>\r\n<br>\r\n\t\t\r\n\t<\/div>\r\n<br>\r\n<\/div> <!-- Close staff-member --><div class=\"staff-member even \">\r\n\t<img decoding=\"async\" class=\"staff-member-photo\" src=\"https:\/\/departments.johnabbott.qc.ca\/wp-content\/uploads\/2015\/02\/Element-Richard.jpg\" alt=\"Boutin, David : Professeur de fran\u00e7ais &amp; litt\u00e9rature\">\r\n\t<div class=\"staff-member-info-wrap\">\r\n\t\t<h3 class=\"staff-member-name\">Boutin, David<\/h3>Professeur de fran\u00e7ais &amp; litt\u00e9rature\r\n<br>\r\n\t\t514-457-6610, poste 5163\r\n<br>\r\nP-113\r\n<br>\r\n\t<a class=\"staff-member-email\" href=\"mailto:da&#118;&#105;&#100;.bo&#117;t&#105;&#110;&#064;&#106;&#111;&#104;n&#097;&#098;b&#111;tt.qc&#046;&#099;a\" title=\"Email Boutin, David\">&#100;&#097;vid.b&#111;&#117;&#116;&#105;&#110;&#064;&#106;o&#104;nabb&#111;t&#116;&#046;&#113;&#099;&#046;&#099;a<\/a>\r\n<br>\r\n<br>\r\n\t\t\r\n\t<\/div>\r\n<br>\r\n<\/div> <!-- Close staff-member --><div class=\"staff-member odd \">\r\n\t<img decoding=\"async\" class=\"staff-member-photo\" src=\"https:\/\/departments.johnabbott.qc.ca\/wp-content\/uploads\/2018\/09\/silouette-1.jpg\" alt=\"Campeau-Devlin, Marianne : \">\r\n\t<div class=\"staff-member-info-wrap\">\r\n\t\t<h3 class=\"staff-member-name\">Campeau-Devlin, Marianne<\/h3>\r\n<br>\r\n\t\t514-457-6610, poste 5731\r\n<br>\r\nHO-322\r\n<br>\r\n\t<a class=\"staff-member-email\" href=\"mailto:mar&#105;anne.&#099;&#097;&#109;p&#101;&#097;&#117;-&#100;&#101;&#118;&#108;in&#064;j&#111;hnab&#098;&#111;&#116;&#116;&#046;&#113;c&#046;&#099;&#097;\" title=\"Email Campeau-Devlin, Marianne\">&#109;&#097;ri&#097;&#110;n&#101;&#046;c&#097;m&#112;ea&#117;-&#100;&#101;&#118;l&#105;n&#064;jo&#104;&#110;&#097;b&#098;ott&#046;q&#099;&#046;c&#097;<\/a>\r\n<br>\r\n<br>\r\n\t\t\r\n\t<\/div>\r\n<br>\r\n<\/div> <!-- Close staff-member --><div class=\"staff-member even \">\r\n\t<img decoding=\"async\" class=\"staff-member-photo\" src=\"https:\/\/departments.johnabbott.qc.ca\/wp-content\/uploads\/2015\/02\/Levesque-Aimee.jpg\" alt=\"Caron, Genevi\u00e8ve : \">\r\n\t<div class=\"staff-member-info-wrap\">\r\n\t\t<h3 class=\"staff-member-name\">Caron, Genevi\u00e8ve<\/h3>\r\n<br>\r\n\t\t514-457-6610, poste 5136\r\n<br>\r\nP-139 French\r\n<br>\r\n\t<a class=\"staff-member-email\" href=\"mailto:g&#101;&#110;ev&#105;ev&#101;.ca&#114;on&#064;jo&#104;&#110;&#097;&#098;&#098;ott&#046;qc&#046;&#099;&#097;\" title=\"Email Caron, Genevi\u00e8ve\">&#103;&#101;n&#101;&#118;i&#101;&#118;&#101;&#046;c&#097;ro&#110;&#064;&#106;ohn&#097;&#098;b&#111;&#116;&#116;&#046;&#113;c&#046;&#099;a<\/a>\r\n<br>\r\n<br>\r\n\t\t\r\n\t<\/div>\r\n<br>\r\n<\/div> <!-- Close staff-member --><div class=\"staff-member odd \">\r\n\t<img decoding=\"async\" class=\"staff-member-photo\" src=\"https:\/\/departments.johnabbott.qc.ca\/wp-content\/uploads\/2018\/09\/silouette-1.jpg\" alt=\"Greffard, Catherine Anne : \">\r\n\t<div class=\"staff-member-info-wrap\">\r\n\t\t<h3 class=\"staff-member-name\">Greffard, Catherine Anne<\/h3>\r\n<br>\r\n\t\t514-457-6610, poste 5728\r\n<br>\r\nHO-322\r\n<br>\r\n\t<a class=\"staff-member-email\" href=\"mailto:&#099;ather&#105;n&#101;.&#103;&#114;e&#102;fa&#114;&#100;&#064;j&#111;&#104;na&#098;b&#111;&#116;&#116;&#046;&#113;&#099;&#046;&#099;a\" title=\"Email Greffard, Catherine Anne\">&#099;athe&#114;&#105;n&#101;.&#103;&#114;&#101;&#102;fa&#114;&#100;&#064;j&#111;h&#110;a&#098;&#098;&#111;&#116;t&#046;qc.ca<\/a>\r\n<br>\r\n<br>\r\n\t\t\r\n\t<\/div>\r\n<br>\r\n<\/div> <!-- Close staff-member --><div class=\"staff-member even \">\r\n\t<img decoding=\"async\" class=\"staff-member-photo\" src=\"https:\/\/departments.johnabbott.qc.ca\/wp-content\/uploads\/2018\/09\/silouette-1.jpg\" alt=\"Hemmati, Proshat : \">\r\n\t<div class=\"staff-member-info-wrap\">\r\n\t\t<h3 class=\"staff-member-name\">Hemmati, Proshat<\/h3>\r\n<br>\r\n\t\t514-457-6610, poste 5922\r\n<br>\r\nP-127\r\n<br>\r\n\t<a class=\"staff-member-email\" href=\"mailto:p&#114;&#111;&#115;&#104;&#097;t.h&#101;&#109;ma&#116;i&#064;&#106;&#111;h&#110;&#097;b&#098;ot&#116;&#046;&#113;c.ca\" title=\"Email Hemmati, Proshat\">p&#114;&#111;&#115;&#104;&#097;t.h&#101;mm&#097;t&#105;&#064;&#106;&#111;h&#110;abb&#111;&#116;&#116;&#046;q&#099;.c&#097;<\/a>\r\n<br>\r\n<br>\r\n\t\t\r\n\t<\/div>\r\n<br>\r\n<\/div> <!-- Close staff-member --><div class=\"staff-member odd \">\r\n\t<img decoding=\"async\" class=\"staff-member-photo\" src=\"https:\/\/departments.johnabbott.qc.ca\/wp-content\/uploads\/2015\/02\/Laganiere-Frederic.jpg\" alt=\"Lagani\u00e8re, Fr\u00e9d\u00e9ric : \">\r\n\t<div class=\"staff-member-info-wrap\">\r\n\t\t<h3 class=\"staff-member-name\">Lagani\u00e8re, Fr\u00e9d\u00e9ric<\/h3>\r\n<br>\r\n\t\t514-457-6610, poste 5528\r\n<br>\r\nP-139\r\n<br>\r\n\t<a class=\"staff-member-email\" href=\"mailto:&#102;r&#101;d&#101;ri&#099;.l&#097;&#103;a&#110;ier&#101;&#064;&#106;&#111;hn&#097;&#098;b&#111;&#116;&#116;.q&#099;.&#099;&#097;\" title=\"Email Lagani\u00e8re, Fr\u00e9d\u00e9ric\">&#102;&#114;ed&#101;&#114;&#105;c.&#108;&#097;&#103;an&#105;&#101;r&#101;&#064;&#106;o&#104;&#110;&#097;&#098;&#098;ott.&#113;&#099;&#046;ca<\/a>\r\n<br>\r\n<br>\r\n\t\t\r\n\t<\/div>\r\n<br>\r\n<\/div> <!-- Close staff-member --><div class=\"staff-member even \">\r\n\t<img decoding=\"async\" class=\"staff-member-photo\" src=\"https:\/\/departments.johnabbott.qc.ca\/wp-content\/uploads\/2015\/02\/Legare-Michelle.jpg\" alt=\"L\u00e9gar\u00e9, Michelle : \">\r\n\t<div class=\"staff-member-info-wrap\">\r\n\t\t<h3 class=\"staff-member-name\">L\u00e9gar\u00e9, Michelle<\/h3>\r\n<br>\r\n\t\t514-457-6610, page 5799\r\n<br>\r\nP-113\r\n<br>\r\n\t<a class=\"staff-member-email\" href=\"mailto:&#109;i&#099;h&#101;&#108;&#108;e&#046;&#108;&#101;&#103;ar&#101;&#064;&#106;&#111;h&#110;&#097;b&#098;o&#116;t&#046;&#113;c&#046;&#099;&#097;\" title=\"Email L\u00e9gar\u00e9, Michelle\">m&#105;&#099;hell&#101;.&#108;ega&#114;e&#064;jo&#104;&#110;abbo&#116;t.&#113;c.c&#097;<\/a>\r\n<br>\r\n<br>\r\n\t\t\r\n\t<\/div>\r\n<br>\r\n<\/div> <!-- Close staff-member --><div class=\"staff-member odd \">\r\n\t<img decoding=\"async\" class=\"staff-member-photo\" src=\"https:\/\/departments.johnabbott.qc.ca\/wp-content\/uploads\/2018\/09\/silouette-1.jpg\" alt=\"Limoges, Alexandre : Co-coordonnateur\">\r\n\t<div class=\"staff-member-info-wrap\">\r\n\t\t<h3 class=\"staff-member-name\">Limoges, Alexandre<\/h3>Co-coordonnateur\r\n<br>\r\n\t\t514-457-6610, poste 5421\r\n<br>\r\nP-133\r\n<br>\r\n\t<a class=\"staff-member-email\" href=\"mailto:&#097;lex&#097;n&#100;&#114;&#101;.&#108;im&#111;ge&#115;&#064;joh&#110;a&#098;&#098;o&#116;t&#046;q&#099;&#046;ca\" title=\"Email Limoges, Alexandre\">a&#108;&#101;&#120;a&#110;dr&#101;.&#108;&#105;&#109;&#111;ges&#064;j&#111;&#104;n&#097;bbot&#116;&#046;qc&#046;c&#097;<\/a>\r\n<br>\r\n<br>\r\n\t\t\r\n\t<\/div>\r\n<br>\r\n<\/div> <!-- Close staff-member --><div class=\"staff-member even \">\r\n\t<img decoding=\"async\" class=\"staff-member-photo\" src=\"https:\/\/departments.johnabbott.qc.ca\/wp-content\/uploads\/2015\/02\/Mariage-Sylvie.jpg\" alt=\"Mariage, Sylvie : Co-coordonnatrice\">\r\n\t<div class=\"staff-member-info-wrap\">\r\n\t\t<h3 class=\"staff-member-name\">Mariage, Sylvie<\/h3>Co-coordonnatrice\r\n<br>\r\n\t\t514-457-6610, poste 5586\r\n<br>\r\nP-131\r\n<br>\r\n\t<a class=\"staff-member-email\" href=\"mailto:&#115;ylvi&#101;&#046;m&#097;&#114;&#105;&#097;&#103;e&#064;&#106;oh&#110;a&#098;&#098;&#111;&#116;t&#046;&#113;c.&#099;&#097;\" title=\"Email Mariage, Sylvie\">&#115;&#121;&#108;&#118;ie.&#109;&#097;&#114;&#105;&#097;&#103;&#101;&#064;j&#111;h&#110;&#097;&#098;bo&#116;t.q&#099;&#046;ca<\/a>\r\n<br>\r\n<br>\r\n\t\t\r\n\t<\/div>\r\n<br>\r\n<\/div> <!-- Close staff-member --><div class=\"staff-member odd \">\r\n\t<img decoding=\"async\" class=\"staff-member-photo\" src=\"https:\/\/departments.johnabbott.qc.ca\/wp-content\/uploads\/2015\/02\/Niccou-Claude.jpg\" alt=\"Nicou, Claude : \">\r\n\t<div class=\"staff-member-info-wrap\">\r\n\t\t<h3 class=\"staff-member-name\">Nicou, Claude<\/h3>\r\n<br>\r\n\t\t514-457-6610, poste 5481\r\n<br>\r\nP-135\r\n<br>\r\n\t<a class=\"staff-member-email\" href=\"mailto:clau&#100;e&#046;&#110;&#105;co&#117;&#064;&#106;o&#104;n&#097;b&#098;o&#116;&#116;.qc.&#099;&#097;\" title=\"Email Nicou, Claude\">&#099;&#108;&#097;u&#100;e.&#110;i&#099;o&#117;&#064;joh&#110;&#097;&#098;bo&#116;&#116;&#046;q&#099;.ca<\/a>\r\n<br>\r\n<br>\r\n\t\t\r\n\t<\/div>\r\n<br>\r\n<\/div> <!-- Close staff-member --><div class=\"staff-member even \">\r\n\t<img decoding=\"async\" class=\"staff-member-photo\" src=\"https:\/\/departments.johnabbott.qc.ca\/wp-content\/uploads\/2016\/11\/Shahrouz_Pezeshki.jpg\" alt=\"Pezeshki, Shahrouz : \">\r\n\t<div class=\"staff-member-info-wrap\">\r\n\t\t<h3 class=\"staff-member-name\">Pezeshki, Shahrouz<\/h3>\r\n<br>\r\n\t\t514-457-6610, poste 5864\r\n<br>\r\nHO-330 \r\n<br>\r\n\t<a class=\"staff-member-email\" href=\"mailto:s&#104;ah&#114;&#111;&#117;&#122;&#046;pe&#122;&#101;&#115;hk&#105;&#064;&#106;&#111;hnab&#098;o&#116;&#116;&#046;q&#099;&#046;c&#097;\" title=\"Email Pezeshki, Shahrouz\">&#115;h&#097;&#104;r&#111;u&#122;.pe&#122;es&#104;&#107;i&#064;&#106;o&#104;&#110;&#097;b&#098;&#111;t&#116;&#046;&#113;&#099;&#046;c&#097;<\/a>\r\n<br>\r\n<br>\r\n\t\t\r\n\t<\/div>\r\n<br>\r\n<\/div> <!-- Close staff-member --><div class=\"staff-member odd \">\r\n\t<img decoding=\"async\" class=\"staff-member-photo\" src=\"https:\/\/departments.johnabbott.qc.ca\/wp-content\/uploads\/2015\/02\/Popica-Maria.jpg\" alt=\"Popica, Maria : \">\r\n\t<div class=\"staff-member-info-wrap\">\r\n\t\t<h3 class=\"staff-member-name\">Popica, Maria<\/h3>\r\n<br>\r\n\t\t514-457-6610, poste 5037\r\n<br>\r\nP-113\r\n<br>\r\n\t<a class=\"staff-member-email\" href=\"mailto:&#109;aria&#046;&#112;op&#105;c&#097;&#064;joh&#110;ab&#098;&#111;&#116;t.qc.&#099;a\" title=\"Email Popica, Maria\">&#109;a&#114;ia&#046;&#112;op&#105;&#099;a&#064;jo&#104;&#110;a&#098;bo&#116;&#116;&#046;&#113;&#099;&#046;c&#097;<\/a>\r\n<br>\r\n<br>\r\n\t\t\r\n\t<\/div>\r\n<br>\r\n<\/div> <!-- Close staff-member --><div class=\"staff-member even \">\r\n\t<img decoding=\"async\" class=\"staff-member-photo\" src=\"https:\/\/departments.johnabbott.qc.ca\/wp-content\/uploads\/2015\/02\/Sophie-17.jpg\" alt=\"Prince, Sophie : \">\r\n\t<div class=\"staff-member-info-wrap\">\r\n\t\t<h3 class=\"staff-member-name\">Prince, Sophie<\/h3>\r\n<br>\r\n\t\t514-457-6610, poste 5422\r\n<br>\r\nP-172\r\n<br>\r\n\t<a class=\"staff-member-email\" href=\"mailto:sophie.prin&#099;&#101;&#064;j&#111;&#104;nab&#098;ott.&#113;&#099;&#046;c&#097;\" title=\"Email Prince, Sophie\">s&#111;ph&#105;&#101;&#046;&#112;&#114;&#105;&#110;ce&#064;&#106;ohn&#097;&#098;&#098;ot&#116;.&#113;&#099;&#046;&#099;&#097;<\/a>\r\n<br>\r\n<br>\r\n\t\t\r\n\t<\/div>\r\n<br>\r\n<\/div> <!-- Close staff-member --><div class=\"staff-member odd \">\r\n\t<img decoding=\"async\" class=\"staff-member-photo\" src=\"https:\/\/departments.johnabbott.qc.ca\/wp-content\/uploads\/2015\/03\/Rondeau.jpg\" alt=\"Rondeau, Daniel : \">\r\n\t<div class=\"staff-member-info-wrap\">\r\n\t\t<h3 class=\"staff-member-name\">Rondeau, Daniel<\/h3>\r\n<br>\r\n\t\t514-457-6610, poste 5194\r\n<br>\r\nP-129\r\n<br>\r\n\t<a class=\"staff-member-email\" href=\"mailto:&#100;&#046;ronde&#097;&#117;&#064;j&#111;hn&#097;b&#098;o&#116;t.&#113;c&#046;&#099;&#097;\" title=\"Email Rondeau, Daniel\">&#100;.&#114;&#111;ndeau&#064;&#106;&#111;hna&#098;b&#111;&#116;t.&#113;&#099;&#046;c&#097;<\/a>\r\n<br>\r\n<br>\r\n\t\t\r\n\t<\/div>\r\n<br>\r\n<\/div> <!-- Close staff-member --><div class=\"staff-member even \">\r\n\t<img decoding=\"async\" class=\"staff-member-photo\" src=\"https:\/\/departments.johnabbott.qc.ca\/wp-content\/uploads\/2015\/02\/Ste-Marie-Isabelle.jpg\" alt=\"Ste-Marie, Isabelle : \">\r\n\t<div class=\"staff-member-info-wrap\">\r\n\t\t<h3 class=\"staff-member-name\">Ste-Marie, Isabelle<\/h3>\r\n<br>\r\n\t\t514-457-6610, poste 5923\r\n<br>\r\nHO-316\r\n<br>\r\n\t<a class=\"staff-member-email\" href=\"mailto:isabelle&#046;st&#101;-&#109;&#097;&#114;i&#101;&#064;&#106;o&#104;nabbott&#046;q&#099;&#046;c&#097;\" title=\"Email Ste-Marie, Isabelle\">&#105;s&#097;be&#108;&#108;e&#046;&#115;te-&#109;a&#114;ie&#064;&#106;&#111;&#104;na&#098;&#098;&#111;&#116;t&#046;q&#099;&#046;c&#097;<\/a>\r\n<br>\r\n<br>\r\n\t\t\r\n\t<\/div>\r\n<br>\r\n<\/div> <!-- Close staff-member --><div class=\"staff-member odd  last\">\r\n\t<img decoding=\"async\" class=\"staff-member-photo\" src=\"https:\/\/departments.johnabbott.qc.ca\/wp-content\/uploads\/2015\/02\/Tellier-Christine.jpg\" alt=\"Tellier, Christine : \">\r\n\t<div class=\"staff-member-info-wrap\">\r\n\t\t<h3 class=\"staff-member-name\">Tellier, Christine<\/h3>\r\n<br>\r\n\t\t514-457-6610, poste 5578\r\n<br>\r\nP-127\r\n<br>\r\n\t<a class=\"staff-member-email\" href=\"mailto:&#099;&#104;r&#105;&#115;t&#105;&#110;&#101;.&#116;ellier&#064;&#106;ohn&#097;bb&#111;t&#116;.qc&#046;ca\" title=\"Email Tellier, Christine\">c&#104;ristin&#101;&#046;&#116;&#101;&#108;&#108;i&#101;&#114;&#064;&#106;&#111;&#104;na&#098;&#098;ott&#046;q&#099;&#046;&#099;&#097;<\/a>\r\n<br>\r\n<br>\r\n\t\t\r\n\t<\/div>\r\n<br>\r\n<\/div> <!-- Close staff-member --><\/div> <!-- Close staff-member-listing -->\n\n<\/div><h2 class=\"tabtitle\"><span class=\"fa fa-graduation-cap\"><\/span>Cours offerts<\/h2>\n<div class=\"tabcontent\">\n\n<p>Il faut suivre un cours du bloc\u00a0A et un cours du bloc\u00a0B pour obtenir son DEC.<\/p>\n<p>Pour en savoir plus et obtenir la liste compl\u00e8te des cours offerts, <a href=\"https:\/\/johnabbott.qc.ca\/fr\/program-structure\/french\/\" target=\"_blank\" rel=\"noopener\">consultez cette page<\/a>.<\/p>\n\n<\/div><h2 class=\"tabtitle\"><span class=\"fa fa-info-circle\"><\/span>Informations<\/h2>\n<div class=\"tabcontent\">\n\n<\/div><\/div>\n","protected":false},"excerpt":{"rendered":"<p>Les cours de fran\u00e7ais favorisent l\u2019int\u00e9gration \u00e0 la soci\u00e9t\u00e9 qu\u00e9b\u00e9coise des \u00e9tudiants munis d\u2019un certificat d\u2019admissibilit\u00e9. Ces cours visent \u00e0 permettre aux \u00e9tudiants de communiquer avec aisance en fran\u00e7ais, tant \u00e0 l\u2019\u00e9crit qu\u2019\u00e0 l\u2019oral, ainsi qu\u2019\u00e0 am\u00e9liorer leurs aptitudes en lecture et en compr\u00e9hension orale. \u00c0 leur arriv\u00e9e au coll\u00e8ge, les \u00e9tudiants sont class\u00e9es dans&hellip;<\/p>\n","protected":false},"author":1,"featured_media":0,"parent":7078,"menu_order":0,"comment_status":"closed","ping_status":"closed","template":"","meta":{"footnotes":""},"_links":{"self":[{"href":"https:\/\/departments.johnabbott.qc.ca\/fr\/wp-json\/wp\/v2\/pages\/7095"}],"collection":[{"href":"https:\/\/departments.johnabbott.qc.ca\/fr\/wp-json\/wp\/v2\/pages"}],"about":[{"href":"https:\/\/departments.johnabbott.qc.ca\/fr\/wp-json\/wp\/v2\/types\/page"}],"author":[{"embeddable":true,"href":"https:\/\/departments.johnabbott.qc.ca\/fr\/wp-json\/wp\/v2\/users\/1"}],"replies":[{"embeddable":true,"href":"https:\/\/departments.johnabbott.qc.ca\/fr\/wp-json\/wp\/v2\/comments?post=7095"}],"version-history":[{"count":4,"href":"https:\/\/departments.johnabbott.qc.ca\/fr\/wp-json\/wp\/v2\/pages\/7095\/revisions"}],"predecessor-version":[{"id":9369,"href":"https:\/\/departments.johnabbott.qc.ca\/fr\/wp-json\/wp\/v2\/pages\/7095\/revisions\/9369"}],"up":[{"embeddable":true,"href":"https:\/\/departments.johnabbott.qc.ca\/fr\/wp-json\/wp\/v2\/pages\/7078"}],"wp:attachment":[{"href":"https:\/\/departments.johnabbott.qc.ca\/fr\/wp-json\/wp\/v2\/media?parent=7095"}],"curies":[{"name":"wp","href":"https:\/\/api.w.org\/{rel}","templated":true}]}}