{"id":7096,"date":"2014-10-28T15:47:41","date_gmt":"2014-10-28T15:47:41","guid":{"rendered":"https:\/\/jadepartments.wpengine.com\/program-deans-office\/geosciences\/"},"modified":"2023-11-30T16:36:12","modified_gmt":"2023-11-30T16:36:12","slug":"geosciences","status":"publish","type":"page","link":"https:\/\/departments.johnabbott.qc.ca\/fr\/departments\/geosciences\/","title":{"rendered":"G\u00e9osciences"},"content":{"rendered":"<div class=\"responsive-tabs\">\n<h2 class=\"tabtitle\"><span class=\"fa fa-scroll\"><\/span>Accueil<\/h2>\n<div class=\"tabcontent\">\n\n<p>Le d\u00e9partement de g\u00e9osciences du C\u00e9gep\u00a0John\u00a0Abbott regroupe les disciplines de la g\u00e9ographie et de la g\u00e9ologie (sciences de la Terre).<\/p>\n<p>La <strong>g\u00e9ographie<\/strong> est la science qui cherche \u00e0 comprendre le ph\u00e9nom\u00e8ne humain et les ph\u00e9nom\u00e8nes naturels sur la Terre. Les g\u00e9ographes interpr\u00e8tent et expliquent les variations de l\u2019espace et des lieux \u00e0 toutes les \u00e9chelles, du plus petit point de localisation \u00e0 l\u2019ensemble de la plan\u00e8te. Au C\u00e9gep\u00a0John\u00a0Abbott, la g\u00e9ographie est enseign\u00e9e dans des cours \u00e0 option propres aux programmes de Sciences humaines et d\u2019Histoire et civilisation, et dans des cours compl\u00e9mentaires pour d\u2019autres programmes.<\/p>\n<p>La <strong>g\u00e9ologie<\/strong> est la science qui \u00e9tudie la Terre, les roches dont elle est compos\u00e9e, et les processus par lesquels celles-ci sont produites et modifi\u00e9es. Elle permet de comprendre l\u2019histoire naturelle de la Terre et fournit des outils utiles pour \u00e9tudier les min\u00e9raux et les hydrocarbures ainsi que pour comprendre les catastrophes naturelles et les enjeux environnementaux, comme les changements climatiques. Au C\u00e9gep\u00a0John\u00a0Abbott, la g\u00e9ologie est enseign\u00e9e dans des cours \u00e0 option pour les \u00e9tudiant(e)s de deuxi\u00e8me ann\u00e9e du programme des Sciences de la nature et dans des cours compl\u00e9mentaires pour d\u2019autres programmes.<\/p>\n<p class=\"style14\" align=\"left\">\n<\/div><h2 class=\"tabtitle\"><span class=\"fa fa-user-tie\"><\/span>Membres du d\u00e9partement<\/h2>\n<div class=\"tabcontent\">\n<\/p>\n<p class=\"style14\" align=\"left\"><div class=\"staff-member-listing geosci\"><div class=\"staff-member even \">\r\n\t<img decoding=\"async\" class=\"staff-member-photo\" src=\"https:\/\/departments.johnabbott.qc.ca\/wp-content\/uploads\/2017\/02\/Baxter-Alan-00014884-1.jpg\" alt=\"Baxter, Alan : \">\r\n\t<div class=\"staff-member-info-wrap\">\r\n\t\t<h3 class=\"staff-member-name\">Baxter, Alan<\/h3>\r\n<br>\r\n\t\t514-457-6610 ext. 5988\r\n<br>\r\nHO-224\r\n<br>\r\n\t<a class=\"staff-member-email\" href=\"mailto:a&#108;&#097;&#110;&#046;&#098;&#097;&#120;t&#101;&#114;&#064;jo&#104;&#110;&#097;bb&#111;t&#116;&#046;&#113;&#099;.&#099;&#097;\" title=\"Email Baxter, Alan\">alan.b&#097;&#120;t&#101;&#114;&#064;jo&#104;&#110;ab&#098;o&#116;t&#046;q&#099;.&#099;a<\/a>\r\n<br>\r\n<br>\r\n\t\t<div class=\"staff-member-bio\"><p>Alan joined the department in 2017. He has a Bachelor's degree (Honours) in Geology from Trinity College Dublin (2005) and a PhD. in Geology from the University of Hong Kong (2011). He has taught Geology in Australia at the University of New England and at the University of Sydney. His research interests are in the life cycle of oceans, in particular in how and when they close. He studies this process both in ancient and modern systems.<\/p>\n<\/div>\r\n\t<\/div>\r\n<br>\r\n<\/div> <!-- Close staff-member --><div class=\"staff-member odd \">\r\n\t<img decoding=\"async\" class=\"staff-member-photo\" src=\"https:\/\/departments.johnabbott.qc.ca\/wp-content\/uploads\/2015\/02\/Bryce-Stephen.jpg\" alt=\"Bryce, Stephen : \">\r\n\t<div class=\"staff-member-info-wrap\">\r\n\t\t<h3 class=\"staff-member-name\">Bryce, Stephen<\/h3>\r\n<br>\r\n\t\t514-457-6610, poste 5973\r\n<br>\r\nP-218\r\n<br>\r\n\t<a class=\"staff-member-email\" href=\"mailto:s&#116;&#101;p&#104;e&#110;.&#098;&#114;y&#099;e&#064;&#106;o&#104;&#110;a&#098;&#098;&#111;&#116;&#116;.qc.c&#097;\" title=\"Email Bryce, Stephen\">step&#104;&#101;n&#046;b&#114;yce&#064;joh&#110;&#097;&#098;bo&#116;t&#046;&#113;c.c&#097;<\/a>\r\n<br>\r\n<br>\r\n\t\t<div class=\"staff-member-bio\"><p>Stephen\u00a0Bryce s\u2019est joint au d\u00e9partement des G\u00e9osciences en\u00a01991 et en assure la coordination depuis\u00a02013. Il est titulaire d\u2019un DEC en Sciences humaines du C\u00e9gep\u00a0John\u00a0Abbott, d\u2019un baccalaur\u00e9at sp\u00e9cialis\u00e9 en g\u00e9ographie et d\u2019une ma\u00eetrise \u00e8s arts en g\u00e9ographie de l\u2019Universit\u00e9 McGill. Ses int\u00e9r\u00eats en mati\u00e8re d\u2019enseignement et de recherche touchent le d\u00e9veloppement de paysages en banlieue, la g\u00e9opolitique du nationalisme qu\u00e9b\u00e9cois, l\u2019\u00e9copolitique du r\u00e9chauffement climatique et la g\u00e9ographie des sports. Il est membre du Comit\u00e9 des programmes de Sciences humaines, du Comit\u00e9 de coordination des programmes d\u2019\u00e9tudes, et il a si\u00e9g\u00e9 \u00e0 la Commission des \u00e9tudes, au Conseil d\u2019administration et \u00e0 la haute direction de l\u2019Association des enseignant(e)s du C\u00e9gep\u00a0John\u00a0Abbott.<\/p>\n<\/div>\r\n\t<\/div>\r\n<br>\r\n<\/div> <!-- Close staff-member --><div class=\"staff-member even \">\r\n\t<img decoding=\"async\" class=\"staff-member-photo\" src=\"https:\/\/departments.johnabbott.qc.ca\/wp-content\/uploads\/2024\/12\/Jessica-Burpee.jpg\" alt=\"Burpee, Jessica : Coordonnatrice du certificat en \u00e9tudes environnementales\">\r\n\t<div class=\"staff-member-info-wrap\">\r\n\t\t<h3 class=\"staff-member-name\">Burpee, Jessica<\/h3>Coordonnatrice du certificat en \u00e9tudes environnementales\r\n<br>\r\n\t\t514-457-6610, poste 5059\r\n<br>\r\nHO-329\r\n<br>\r\n\t<a class=\"staff-member-email\" href=\"mailto:&#106;&#101;ss&#105;c&#097;.&#098;&#117;r&#112;ee&#064;&#106;&#111;&#104;nabbo&#116;&#116;&#046;qc&#046;c&#097;\" title=\"Email Burpee, Jessica\">&#106;&#101;s&#115;i&#099;a&#046;bur&#112;&#101;&#101;&#064;&#106;&#111;h&#110;ab&#098;o&#116;t.&#113;&#099;.c&#097;<\/a>\r\n<br>\r\n<br>\r\n\t\t<div class=\"staff-member-bio\"><p><strong>Jessica Burpee, MPPA (Masters in Public Policy and Administration - Geography)<\/strong><\/p>\n<p>Jessica Burpee enseigne la g\u00e9ographie au C\u00e9gep John Abbott depuis 1999. Avant de rejoindre John Abbott, elle a travaill\u00e9 \u00e0 Environnement Canada et \u00e0 Air Canada. Avec sa compagnie Terra Firma, elle a coorganis\u00e9 une importante conf\u00e9rence intitul\u00e9e \u00ab The Environment as a Human Right \u00bb (L'environnement en tant que droit de l'homme). En tant que coordinatrice du certificat d'\u00e9tudes environnementales \u00e0 John Abbott, Jessica a guid\u00e9 des centaines d'\u00e9tudiants sur le chemin vert et a organis\u00e9 de nombreux \u00e9v\u00e9nements verts pour le coll\u00e8ge, tels que des nettoyages de rivages, des \u00e9v\u00e9nements de tablage, et des conf\u00e9renciers sur un large \u00e9ventail de sujets. En 2011-2012, elle a dirig\u00e9 un audit de durabilit\u00e9 AASHE-STARS sur le campus. Elle est un membre actif du comit\u00e9 de durabilit\u00e9 depuis 2008. Avec Imagine Change, elle a men\u00e9 \u00e0 bien le site Teams pour la p\u00e9dagogie du climat, coordonn\u00e9 deux \u00e9ditions de la Semaine mondiale du changement climatique au C\u00e9gep John Abbott, aid\u00e9 \u00e0 cr\u00e9er le plan d'action climatique du John Abbott et codirig\u00e9 le projet d'alphab\u00e9tisation climatique, qui a remport\u00e9 le d\u00e9fi ImpAct-Climate Challenge des coll\u00e8ges et instituts du Canada en 2023.<\/p>\n<\/div>\r\n\t<\/div>\r\n<br>\r\n<\/div> <!-- Close staff-member --><div class=\"staff-member odd \">\r\n\t<img decoding=\"async\" class=\"staff-member-photo\" src=\"https:\/\/departments.johnabbott.qc.ca\/wp-content\/uploads\/2018\/09\/silouette-1.jpg\" alt=\"Buskard, John : \">\r\n\t<div class=\"staff-member-info-wrap\">\r\n\t\t<h3 class=\"staff-member-name\">Buskard, John<\/h3>\r\n<br>\r\n\t\t514-457-6610, poste 5975\r\n<br>\r\nP-214A\r\n<br>\r\n\t<a class=\"staff-member-email\" href=\"mailto:j&#098;&#117;&#115;k&#097;r&#100;&#064;&#106;ohna&#098;b&#111;&#116;&#116;.qc&#046;&#099;a\" title=\"Email Buskard, John\">jbu&#115;&#107;ar&#100;&#064;&#106;o&#104;&#110;&#097;&#098;bo&#116;&#116;&#046;&#113;&#099;.&#099;&#097;<\/a>\r\n<br>\r\n<br>\r\n\t\t<div class=\"staff-member-bio\"><p>John\u00a0Buskard s\u2019est joint au d\u00e9partement des G\u00e9osciences en\u00a01992. Il est titulaire d\u2019un baccalaur\u00e9at en g\u00e9ographie de l\u2019Universit\u00e9 Carleton, d\u2019un baccalaur\u00e9at en enseignement de l\u2019Universit\u00e9 d\u2019Ottawa et d\u2019une ma\u00eetrise en g\u00e9ographie et politiques publiques de l\u2019Universit\u00e9 Concordia. Il est actuellement coordonnateur du d\u00e9partement des G\u00e9osciences du C\u00e9gep\u00a0John\u00a0Abbott et il si\u00e8ge au Comit\u00e9 du programme des Sciences humaines. Il a \u00e9t\u00e9 coordonnateur des programmes Tremplin du C\u00e9gep pendant 11\u00a0ans. Ses int\u00e9r\u00eats en mati\u00e8re de recherche et d\u2019enseignement touchent la population, le d\u00e9veloppement et la g\u00e9ographie environnementale.<\/p>\n<\/div>\r\n\t<\/div>\r\n<br>\r\n<\/div> <!-- Close staff-member --><div class=\"staff-member even \">\r\n\t<img decoding=\"async\" class=\"staff-member-photo\" src=\"https:\/\/departments.johnabbott.qc.ca\/wp-content\/uploads\/2015\/02\/Leveille-Richard.jpg\" alt=\"L\u00e9veill\u00e9, Richard : \">\r\n\t<div class=\"staff-member-info-wrap\">\r\n\t\t<h3 class=\"staff-member-name\">L\u00e9veill\u00e9, Richard<\/h3>\r\n<br>\r\n\t\t514-457-6610, poste 5949\r\n<br>\r\nHO-224\r\n<br>\r\n\t<a class=\"staff-member-email\" href=\"mailto:&#114;&#105;&#099;ha&#114;&#100;.&#108;&#101;ve&#105;&#108;&#108;e&#064;j&#111;hnabb&#111;&#116;&#116;&#046;&#113;&#099;&#046;&#099;a\" title=\"Email L\u00e9veill\u00e9, Richard\">r&#105;c&#104;ar&#100;.l&#101;v&#101;ill&#101;&#064;&#106;ohn&#097;b&#098;o&#116;&#116;&#046;&#113;c&#046;&#099;a<\/a>\r\n<br>\r\n<br>\r\n\t\t<div class=\"staff-member-bio\"><p>Richard\u00a0L\u00e9veill\u00e9 s\u2019est joint au d\u00e9partement des G\u00e9osciences en\u00a02014. Il est titulaire d\u2019un baccalaur\u00e9at \u00e8s sciences en g\u00e9ologie-\u00e9cologie de l\u2019Universit\u00e9 Concordia et d\u2019un doctorat en g\u00e9ologie de l\u2019Universit\u00e9 Western Ontario. Richard a obtenu une bourse postdoctorale du CRSNG pour effectuer des recherches au Centre Geotop-UQAM-McGill et a \u00e9galement travaill\u00e9 comme sp\u00e9cialiste des sciences plan\u00e9taires \u00e0 l\u2019Agence spatiale canadienne. Il fait partie des 30\u00a0scientifiques s\u00e9lectionn\u00e9s pour la mission Mars Science Laboratory de la NASA. Ses recherches actuelles portent sur l\u2019\u00e9tude de la g\u00e9ologie de Mars au moyen de l\u2019outil \u00e0 tir laser ChemCam du rover Curiosity.<\/p>\n<\/div>\r\n\t<\/div>\r\n<br>\r\n<\/div> <!-- Close staff-member --><div class=\"staff-member odd \">\r\n\t<img decoding=\"async\" class=\"staff-member-photo\" src=\"https:\/\/departments.johnabbott.qc.ca\/wp-content\/uploads\/2015\/10\/Julie-Podmore.jpg\" alt=\"Podmore, Julie : \">\r\n\t<div class=\"staff-member-info-wrap\">\r\n\t\t<h3 class=\"staff-member-name\">Podmore, Julie<\/h3>\r\n<br>\r\n\t\t514-457-6610, poste 5496\r\n<br>\r\nP-218\r\n<br>\r\n\t<a class=\"staff-member-email\" href=\"mailto:j&#117;lie.&#112;&#111;&#100;m&#111;&#114;&#101;&#064;&#106;&#111;&#104;nabbo&#116;t.&#113;c.&#099;a\" title=\"Email Podmore, Julie\">j&#117;l&#105;e&#046;&#112;od&#109;o&#114;&#101;&#064;jo&#104;&#110;a&#098;&#098;o&#116;&#116;.q&#099;&#046;c&#097;<\/a>\r\n<br>\r\n<br>\r\n\t\t<div class=\"staff-member-bio\"><p>Julie\u00a0Podmore s\u2019est jointe au d\u00e9partement des G\u00e9osciences en\u00a01997. Elle est titulaire d\u2019un baccalaur\u00e9at en g\u00e9ographie de l\u2019Universit\u00e9 de la Colombie-Britannique, ainsi que d\u2019une ma\u00eetrise et d\u2019un doctorat en g\u00e9ographie de l\u2019Universit\u00e9 McGill. Elle a \u00e9galement fait des \u00e9tudes urbaines \u00e0 titre de chercheuse postdoctorale \u00e0 l\u2019Universit\u00e9 du Qu\u00e9bec \u00e0 Montr\u00e9al. Elle a assur\u00e9 la coordination du d\u00e9partement des G\u00e9osciences du C\u00e9gep\u00a0John\u00a0Abbott de\u00a02006 \u00e0\u00a02013. Elle a aussi si\u00e9g\u00e9 au Comit\u00e9 de sensibilisation au harc\u00e8lement, au Comit\u00e9 du programme de Sciences humaines et au Comit\u00e9 de recherche et d\u00e9veloppement du C\u00e9gep. Ses int\u00e9r\u00eats en mati\u00e8re de recherche et d\u2019enseignement sont la g\u00e9ographie urbaine, sociale et culturelle.<\/p>\n<\/div>\r\n\t<\/div>\r\n<br>\r\n<\/div> <!-- Close staff-member --><div class=\"staff-member even \">\r\n\t<img decoding=\"async\" class=\"staff-member-photo\" src=\"https:\/\/departments.johnabbott.qc.ca\/wp-content\/uploads\/2018\/09\/silouette-1.jpg\" alt=\"Shillington, Laura : \">\r\n\t<div class=\"staff-member-info-wrap\">\r\n\t\t<h3 class=\"staff-member-name\">Shillington, Laura<\/h3>\r\n<br>\r\n\t\t514-457-6610, poste 5592\r\n<br>\r\nHO-334\r\n<br>\r\n\t<a class=\"staff-member-email\" href=\"mailto:la&#117;&#114;a.sh&#105;lli&#110;&#103;&#116;&#111;&#110;&#064;j&#111;&#104;&#110;&#097;&#098;&#098;&#111;&#116;&#116;.q&#099;&#046;&#099;&#097;\" title=\"Email Shillington, Laura\">l&#097;&#117;ra.&#115;&#104;il&#108;i&#110;&#103;to&#110;&#064;jo&#104;na&#098;&#098;&#111;&#116;t.&#113;&#099;&#046;&#099;a<\/a>\r\n<br>\r\n<br>\r\n\t\t<div class=\"staff-member-bio\"><p>Laura\u00a0Shillington s\u2019est jointe au d\u00e9partement des G\u00e9osciences en\u00a02013. Elle est titulaire d\u2019un baccalaur\u00e9at en g\u00e9ographie de l\u2019Universit\u00e9 de Victoria, d\u2019une ma\u00eetrise en foresterie de l\u2019Institut polytechnique et universit\u00e9 d\u2019\u00c9tat de Virginie, ainsi que d\u2019un doctorat en g\u00e9ographie de l\u2019Universit\u00e9 York. Ses int\u00e9r\u00eats en mati\u00e8re de recherche portent sur le genre, l\u2019\u00e9copolitique et la justice socioenvironnementale urbaine, surtout en Am\u00e9rique centrale.<\/p>\n<\/div>\r\n\t<\/div>\r\n<br>\r\n<\/div> <!-- Close staff-member --><div class=\"staff-member odd  last\">\r\n\t<img decoding=\"async\" class=\"staff-member-photo\" src=\"https:\/\/departments.johnabbott.qc.ca\/wp-content\/uploads\/2019\/06\/Sarah-Worndle.jpg\" alt=\"Worndle, Sarah : \">\r\n\t<div class=\"staff-member-info-wrap\">\r\n\t\t<h3 class=\"staff-member-name\">Worndle, Sarah<\/h3>\r\n<br>\r\n\t\t\r\n<br>\r\n\r\n<br>\r\n\t<a class=\"staff-member-email\" href=\"mailto:s&#097;&#114;ah&#046;w&#111;&#114;&#110;d&#108;e&#064;&#106;&#111;&#104;na&#098;&#098;o&#116;t&#046;&#113;&#099;&#046;c&#097;\" title=\"Email Worndle, Sarah\">s&#097;r&#097;&#104;.w&#111;rn&#100;l&#101;&#064;jo&#104;&#110;a&#098;&#098;ot&#116;.&#113;c.&#099;a<\/a>\r\n<br>\r\n<br>\r\n\t\t\r\n\t<\/div>\r\n<br>\r\n<\/div> <!-- Close staff-member --><\/div> <!-- Close staff-member-listing --><\/p>\n<p><strong>\u00a0<\/strong><\/p>\n\n<\/div><h2 class=\"tabtitle\"><span class=\"fa fa-graduation-cap\"><\/span>Cours<\/h2>\n<div class=\"tabcontent\">\n\n<h3><\/h3>\n<p>Les cours suivants sont offerts\u00a0:<\/p>\n<p><strong>G\u00e9ographie<\/strong><\/p>\n<p><em>Introduction to Geography<br \/>\n<\/em><em>Geography of Tourism<br \/>\n<\/em><em>The Middle East Regional Geography<br \/>\n<\/em><em>Geography of the World Economy<br \/>\n<\/em><em>Cities and Urbanization<br \/>\n<\/em><em>A Global Crisis?<br \/>\n<\/em><em>Environmental Geography<br \/>\n<\/em><em>People, Places, Nations<br \/>\n<\/em><em>The Geography of Sports<\/em><\/p>\n<p><strong>G\u00e9ologie<\/strong><\/p>\n<p><em>Understanding Planet Earth<br \/>\n<\/em><em>Earth Systems Science<br \/>\n<\/em><em>Earth, Moon and Planets: Planetary Geology<\/em><\/p>\n<p><strong>Cours compl\u00e9mentaire<\/strong><\/p>\n<p><em>\u00a0<\/em><em>Climate Change<\/em><\/p>\n<p>Pour obtenir la liste compl\u00e8te des cours offerts par le D\u00e9partement des g\u00e9osciences et leur description, veuillez consulter les sections suivantes :<\/p>\n<p>Pour la liste des cours de g\u00e9ologie, <a href=\"https:\/\/johnabbott.qc.ca\/fr\/science-course-list\/\">cliquez ici<\/a>.<\/p>\n<p>Pour les cours de g\u00e9ographie, <a href=\"https:\/\/johnabbott.qc.ca\/fr\/social-science-course-list\/\">cliquez ici<\/a>.<\/p>\n<p>Pour les cours compl\u00e9mentaires, <a href=\"https:\/\/johnabbott.qc.ca\/fr\/program-structure\/complementary\/\">cliquez ici<\/a> (allez aux domaines\u00a02 et\u00a03).<\/p>\n<p class=\"style14\" align=\"left\">\n<p class=\"style14\" align=\"left\"><\/div><\/div>\n","protected":false},"excerpt":{"rendered":"<p>Le d\u00e9partement de g\u00e9osciences du C\u00e9gep\u00a0John\u00a0Abbott regroupe les disciplines de la g\u00e9ographie et de la g\u00e9ologie (sciences de la Terre). La g\u00e9ographie est la science qui cherche \u00e0 comprendre le ph\u00e9nom\u00e8ne humain et les ph\u00e9nom\u00e8nes naturels sur la Terre. Les g\u00e9ographes interpr\u00e8tent et expliquent les variations de l\u2019espace et des lieux \u00e0 toutes les \u00e9chelles,&hellip;<\/p>\n","protected":false},"author":1,"featured_media":0,"parent":7078,"menu_order":0,"comment_status":"closed","ping_status":"closed","template":"","meta":{"footnotes":""},"_links":{"self":[{"href":"https:\/\/departments.johnabbott.qc.ca\/fr\/wp-json\/wp\/v2\/pages\/7096"}],"collection":[{"href":"https:\/\/departments.johnabbott.qc.ca\/fr\/wp-json\/wp\/v2\/pages"}],"about":[{"href":"https:\/\/departments.johnabbott.qc.ca\/fr\/wp-json\/wp\/v2\/types\/page"}],"author":[{"embeddable":true,"href":"https:\/\/departments.johnabbott.qc.ca\/fr\/wp-json\/wp\/v2\/users\/1"}],"replies":[{"embeddable":true,"href":"https:\/\/departments.johnabbott.qc.ca\/fr\/wp-json\/wp\/v2\/comments?post=7096"}],"version-history":[{"count":3,"href":"https:\/\/departments.johnabbott.qc.ca\/fr\/wp-json\/wp\/v2\/pages\/7096\/revisions"}],"predecessor-version":[{"id":8452,"href":"https:\/\/departments.johnabbott.qc.ca\/fr\/wp-json\/wp\/v2\/pages\/7096\/revisions\/8452"}],"up":[{"embeddable":true,"href":"https:\/\/departments.johnabbott.qc.ca\/fr\/wp-json\/wp\/v2\/pages\/7078"}],"wp:attachment":[{"href":"https:\/\/departments.johnabbott.qc.ca\/fr\/wp-json\/wp\/v2\/media?parent=7096"}],"curies":[{"name":"wp","href":"https:\/\/api.w.org\/{rel}","templated":true}]}}