{"id":7097,"date":"2014-10-28T15:47:00","date_gmt":"2014-10-28T15:47:00","guid":{"rendered":"https:\/\/jadepartments.wpengine.com\/program-deans-office\/publication-design-hypertext-media\/"},"modified":"2024-01-22T18:14:39","modified_gmt":"2024-01-22T18:14:39","slug":"publication-design-hypertext-media","status":"publish","type":"page","link":"https:\/\/departments.johnabbott.qc.ca\/fr\/departments\/graphic-web-design","title":{"rendered":"Conception graphique et Web"},"content":{"rendered":"<div class=\"responsive-tabs\">\n<h2 class=\"tabtitle\"><span class=\"fa fa-scroll\"><\/span>Accueil<\/h2>\n<div class=\"tabcontent\">\n\n<p>Pour obtenir des renseignements complets sur le programme <a href=\"https:\/\/johnabbott.qc.ca\/fr\/career-programs\/graphic-and-web-design\/\">Conception graphique et Web,<\/a> veuillez consulter la section du programme du site Web du C\u00e9gep\u00a0John\u00a0Abbott.<\/p>\n<p>Bienvenue sur la page du d\u00e9partement Conception graphique et Web du C\u00e9gep John Abbott!<\/p>\n\n<\/div><h2 class=\"tabtitle\"><span class=\"fa fa-user-tie\"><\/span>Membres du d\u00e9partement<\/h2>\n<div class=\"tabcontent\">\n\n<div class=\"staff-member-listing pdht\"><div class=\"staff-member even \">\r\n\t<img decoding=\"async\" class=\"staff-member-photo\" src=\"https:\/\/departments.johnabbott.qc.ca\/wp-content\/uploads\/2015\/02\/Berretta-Gianni-00014308.jpg\" alt=\"Berretta, Gianni : \">\r\n\t<div class=\"staff-member-info-wrap\">\r\n\t\t<h3 class=\"staff-member-name\">Berretta, Gianni<\/h3>\r\n<br>\r\n\t\t\r\n<br>\r\nP-219\r\n<br>\r\n\t<a class=\"staff-member-email\" href=\"mailto:g&#105;a&#110;n&#105;.b&#101;&#114;&#114;&#101;&#116;&#116;&#097;&#064;j&#111;&#104;na&#098;&#098;o&#116;t&#046;&#113;c&#046;ca\" title=\"Email Berretta, Gianni\">&#103;iann&#105;&#046;ber&#114;e&#116;t&#097;&#064;&#106;&#111;&#104;n&#097;bbo&#116;t&#046;q&#099;.ca<\/a>\r\n<br>\r\n<br>\r\n\t\t<div class=\"staff-member-bio\"><p>Gianni\u00a0Berretta est titulaire d\u2019un baccalaur\u00e9at en graphisme de l\u2019Universit\u00e9 Concordia et il est sur le point d\u2019y terminer une ma\u00eetrise en enseignement des arts. Ce que Gianni aime le plus de l\u2019enseignement au C\u00e9gep\u00a0John\u00a0Abbott, c\u2019est l\u2019interaction avec les \u00e9tudiantes et les \u00e9tudiants. Il adore les aider \u00e0 perfectionner leurs comp\u00e9tences, leurs connaissances et leurs m\u00e9thodes de travail.<\/p>\n<\/div>\r\n\t<\/div>\r\n<br>\r\n<\/div> <!-- Close staff-member --><div class=\"staff-member odd \">\r\n\t<img decoding=\"async\" class=\"staff-member-photo\" src=\"https:\/\/departments.johnabbott.qc.ca\/wp-content\/uploads\/2016\/05\/Gare-Belinda-00013806.jpg\" alt=\"Gare, Belinda : Coordonnatrice administrative\">\r\n\t<div class=\"staff-member-info-wrap\">\r\n\t\t<h3 class=\"staff-member-name\">Gare, Belinda<\/h3>Coordonnatrice administrative\r\n<br>\r\n\t\t514-457-6610, poste 5579\r\n<br>\r\nP-217-A\r\n<br>\r\n\t<a class=\"staff-member-email\" href=\"mailto:be&#108;in&#100;a.ga&#114;e&#064;j&#111;hn&#097;b&#098;&#111;&#116;&#116;.qc&#046;&#099;a\" title=\"Email Gare, Belinda\">&#098;&#101;l&#105;nd&#097;.gare&#064;j&#111;hna&#098;b&#111;&#116;&#116;&#046;&#113;c&#046;ca<\/a>\r\n<br>\r\n<br>\r\n\t\t<div class=\"staff-member-bio\"><p>Belinda Gare a grandi dans le Nord de l\u2019Ontario o\u00f9 elle a d\u00e9velopp\u00e9 un amour de la nature et des animaux. Beaucoup de ses peintures \u00e0 la gouache peuvent \u00eatre d\u00e9crites comme des paysages naturels en gros plan. Elle aime jouer au softball en \u00e9t\u00e9 et au curling en hiver pour s\u2019amuser. Belinda r\u00e9side actuellement \u00e0 Rigaud, au Qu\u00e9bec, et elle aime se promener avec son chien en montagne.<\/p>\n<p>\u00c0 propos de l\u2019enseignement en Conception graphique et Web<\/p>\n<p>\u00ab C\u2019est tellement gratifiant de faire partie de la communaut\u00e9 diversifi\u00e9e et talentueuse du C\u00e9gep John Abbott. Apr\u00e8s avoir boucl\u00e9 la boucle en tant que directrice artistique et artiste visuelle, je peux maintenant partager ce que j\u2019ai appris au fil des ann\u00e9es.<\/p>\n<p>La conception graphique permet de r\u00e9soudre les probl\u00e8mes qui emp\u00eachent la communication d\u2019une id\u00e9e ou d\u2019un message.<\/p>\n<p>Les sp\u00e9cialistes de la conception graphique et Web commencent par comprendre les principes du design, acqu\u00e9rir de solides comp\u00e9tences techniques, \u00e9couter la client\u00e8le et interpr\u00e9ter ses besoins ou la situation et les \u00e9valuer. Elles et ils adorent recevoir de la r\u00e9troaction et recherchent toujours la meilleure solution.<\/p>\n<p>Une partie de mon r\u00f4le en tant qu\u2019enseignante est de faciliter le processus de r\u00e9solution de probl\u00e8mes.<\/p>\n<p>C\u2019est un r\u00e9el privil\u00e8ge de voir cette \u00e9volution se produire dans une salle de classe. Les croquis se transforment en concepts finaux. Les id\u00e9es prennent vie en ligne.<\/p>\n<p>Ce n\u2019est pas de la magie; c\u2019est en participant activement \u00e0 la r\u00e9solution des probl\u00e8mes que les solutions \u00e9mergent de la page blanche ou de l\u2019\u00e9cran.<\/p>\n<p>D\u00e8s la troisi\u00e8me ann\u00e9e, les \u00e9tudiantes et les \u00e9tudiants prennent conscience de la valeur des notions apprises. Apr\u00e8s leur stage, elles et ils comprennent l\u2019importance de leurs connaissances.<\/p>\n<p>Le plus int\u00e9ressant de l\u2019enseignement, c\u2019est de travailler tous les jours avec des jeunes incroyables.\u00a0\u00bb<\/p>\n<p>Demandez \u00e0 Belinda de vous parler de son aventure en Alaska!<\/p>\n<\/div>\r\n\t<\/div>\r\n<br>\r\n<\/div> <!-- Close staff-member --><div class=\"staff-member even \">\r\n\t<img decoding=\"async\" class=\"staff-member-photo\" src=\"https:\/\/departments.johnabbott.qc.ca\/wp-content\/uploads\/2015\/02\/Girouard-Eric.jpg\" alt=\"Girouard, Eric : \">\r\n\t<div class=\"staff-member-info-wrap\">\r\n\t\t<h3 class=\"staff-member-name\">Girouard, Eric<\/h3>\r\n<br>\r\n\t\t514-457-6610, poste 5851\r\n<br>\r\nP-217A\r\n<br>\r\n\t<a class=\"staff-member-email\" href=\"mailto:&#101;&#114;&#105;&#099;g&#064;joh&#110;ab&#098;o&#116;&#116;.q&#099;&#046;&#099;a\" title=\"Email Girouard, Eric\">&#101;ric&#103;&#064;jo&#104;&#110;abbo&#116;&#116;&#046;&#113;c.ca<\/a>\r\n<br>\r\n<br>\r\n\t\t<div class=\"staff-member-bio\"><p>\u00c9ric\u00a0Girouard s\u2019est joint au d\u00e9partement de Conception graphique et Web du C\u00e9gep\u00a0John\u00a0Abbott en 2001, apr\u00e8s avoir commenc\u00e9 sa carri\u00e8re d\u2019enseignant \u00e0 l\u2019International Academy of Design de Montr\u00e9al en\u00a01997.<\/p>\n<p>\u00c9ric est titulaire d\u2019un baccalaur\u00e9at en beaux-arts (sp\u00e9cialis\u00e9 en peinture et dessin) de l\u2019Universit\u00e9 Concordia, \u00e0 Montr\u00e9al, mais il a troqu\u00e9 ses pinceaux contre une souris et un clavier apr\u00e8s avoir utilis\u00e9 Photoshop pour la premi\u00e8re fois en\u00a01991.<\/p>\n<p>Depuis, il a travaill\u00e9 dans les domaines de la photographie professionnelle, de l\u2019impression et de la conception Web ainsi que de la conception d\u2019interface utilisateur et de l\u2019analyse de la convivialit\u00e9. Outre ses responsabilit\u00e9s en tant que coordonnateur du d\u00e9partement au C\u00e9gep John Abbott, \u00c9ric est un ma\u00eetre mentor en art photographique d\u2019<a title=\"The Arcanum: Magical Academy of Artistic Mastery\" href=\"http:\/\/www.thearcanum.com\/\" target=\"_blank\" rel=\"noopener\">Arcanum<\/a> et dirige son propre <a href=\"http:\/\/www.heliomedia.com\/\">blogue<\/a> et sa <a href=\"http:\/\/photo.heliomedia.com\/#!\/index\">propre banque d\u2019images<\/a> sur le Web.<\/p>\n<p>\u00c9ric vit \u00e0 Rigaud avec sa conjointe et ses deux\u00a0enfants. Lorsqu\u2019il ne se cache pas derri\u00e8re un \u00e9cran d\u2019ordinateur pour le travail, \u00c9ric adore se cacher derri\u00e8re une cam\u00e9ra pour s\u2019amuser.<\/p>\n<p>&nbsp;<\/p>\n<\/div>\r\n\t<\/div>\r\n<br>\r\n<\/div> <!-- Close staff-member --><div class=\"staff-member odd \">\r\n\t<img decoding=\"async\" class=\"staff-member-photo\" src=\"https:\/\/departments.johnabbott.qc.ca\/wp-content\/uploads\/2015\/02\/Richman-Jan.jpg\" alt=\"Richman, Jan : \">\r\n\t<div class=\"staff-member-info-wrap\">\r\n\t\t<h3 class=\"staff-member-name\">Richman, Jan<\/h3>\r\n<br>\r\n\t\t514-457-6610, poste 5934\r\n<br>\r\nP-215\r\n<br>\r\n\t<a class=\"staff-member-email\" href=\"mailto:&#106;&#097;&#110;.&#114;ich&#109;&#097;&#110;&#064;&#106;o&#104;&#110;a&#098;b&#111;&#116;t&#046;qc.c&#097;\" title=\"Email Richman, Jan\">ja&#110;.&#114;&#105;&#099;&#104;ma&#110;&#064;&#106;&#111;h&#110;ab&#098;&#111;tt.&#113;&#099;.&#099;&#097;<\/a>\r\n<br>\r\n<br>\r\n\t\t<div class=\"staff-member-bio\"><p>J\u2019ai voulu \u00eatre enseignante au coll\u00e9gial comme mon p\u00e8re depuis le jour o\u00f9 il m\u2019a amen\u00e9e travailler avec lui et m\u2019a laiss\u00e9e me tenir debout sur une chaise et gribouiller \u00e0 la craie sur les tableaux noirs. Je donnais des quiz de math aux enfants que je gardais. Malgr\u00e9 cela, mes services de gardiennage \u00e9taient tr\u00e8s sollicit\u00e9s.<\/p>\n<p>J\u2019ai obtenu mon baccalaur\u00e9at \u00e8s sciences en math\u00e9matiques et en informatique avec une mineure en th\u00e9\u00e2tre et en cr\u00e9ation litt\u00e9raire \u00e0 l\u2019Universit\u00e9 de Pittsburgh. J\u2019ai ensuite obtenu ma ma\u00eetrise \u00e8s sciences en statistique et psychologie \u00e0 l\u2019Universit\u00e9 Carnegie-Mellon. Apr\u00e8s avoir travaill\u00e9 pendant un an en enseignement assist\u00e9 par ordinateur, je suis retourn\u00e9e \u00e0 l\u2019Universit\u00e9 de Pittsburgh pour mon doctorat.\u00a0\u00a0 Pendant sept ans, j\u2019ai voyag\u00e9 en tant que professeure d\u2019universit\u00e9 nomade. J\u2019ai enseign\u00e9 la psychologie et la statistique \u00e0 l\u2019Universit\u00e9 du Wisconsin \u00e0 Madison et \u00e0 l\u2019Universit\u00e9 de la Saskatchewan, \u00e0 Saskatoon, o\u00f9 j\u2019ai fait de la suppl\u00e9ance pendant un ou deux ans.<\/p>\n<p>J\u2019ai \u00e9crit quelques chansons sur la statistique pour en faciliter l\u2019apprentissage et les ai interpr\u00e9t\u00e9es dans des caf\u00e9s avec d\u2019autres chansons que j\u2019ai \u00e9crites. J\u2019ai aussi fait de la mise en page et de la r\u00e9daction pour un magazine f\u00e9minin. La bande dessin\u00e9e que j\u2019ai cr\u00e9\u00e9e m\u2019a attir\u00e9 beaucoup de compliments.<\/p>\n<p>Je suis tomb\u00e9e en amour avec San Francisco lors d\u2019un s\u00e9jour d\u2019un an; je rendais visite \u00e0 ma s\u0153ur et je formais des tutrices et des tuteurs en informatique \u00e0 Berkeley. Puis, je suis revenue au Canada pour enseigner au d\u00e9partement de math\u00e9matiques de l\u2019Universit\u00e9 Dalhousie \u00e0 Halifax.\u00a0\u00a0 Enfin, je me suis install\u00e9e \u00e0 Montr\u00e9al pour enseigner la technologie \u00e9ducative \u00e0 l\u2019Universit\u00e9 Concordia.\u00a0 J\u2019ai aussi enseign\u00e9 la conception de mat\u00e9riel p\u00e9dagogique (j\u2019adore faire des documents!) et la programmation sur les microordinateurs Apple II.<\/p>\n<p>J\u2019ai suivi de nombreux cours de production radio, t\u00e9l\u00e9 et vid\u00e9o. Quand mon contrat de deux ans avec l\u2019Universit\u00e9 Concordia a pris fin, j\u2019ai d\u00e9cid\u00e9 de rester \u00e0 Montr\u00e9al au lieu de d\u00e9m\u00e9nager \u00e0 Rochester ou \u00e0 Ottawa pour travailler dans une autre universit\u00e9.\u00a0\u00a0 J\u2019ai travaill\u00e9 comme pigiste pour la radio et la t\u00e9l\u00e9vision de CBC pendant plusieurs ann\u00e9es (documentaires et t\u00e9l\u00e9th\u00e9\u00e2tre). C\u2019\u00e9tait excitant, mais \u00e7a n\u2019a jamais abouti \u00e0 un travail \u00e0 temps plein. J\u2019ai donc commenc\u00e9 \u00e0 travailler au C\u00e9gep John Abbott en tant que responsable des services audiovisuels. On m\u2019a confi\u00e9 la responsabilit\u00e9 du laboratoire informatique qui \u00e9tait \u00e0 la biblioth\u00e8que \u00e0 ce moment-l\u00e0. Mon ordinateur pr\u00e9f\u00e9r\u00e9 \u00e9tait le premier ordinateur Macintosh, le premier \u00e0 venir avec une souris.\u00a0\u00a0 J\u2019aimais faire des vid\u00e9os promotionnelles pour le C\u00e9gep et diriger les laboratoires informatiques, mais l\u2019ind\u00e9pendance et la cr\u00e9ativit\u00e9 de l\u2019enseignement me manquaient. Susan Regan m\u2019a convaincue de passer une entrevue pour enseigner au d\u00e9partement de math\u00e9matiques. Co\u00efncidence, Dock Anson, son futur \u00e9poux, faisait partie du comit\u00e9 qui m\u2019a embauch\u00e9. Quand un nouveau programme a \u00e9t\u00e9 lanc\u00e9, Susan m\u2019a vivement encourag\u00e9e \u00e0 enseigner la gestion des syst\u00e8mes de bureau. Je dois donc ma carri\u00e8re de prof au C\u00e9gep John Abbott \u00e0 Susan et son \u00e9poux! C\u2019\u00e9tait beaucoup plus amusant d\u2019enseigner les logiciels que d\u2019enseigner les statistiques et la trigonom\u00e9trie. Et les jeunes adorent \u00e7a.\u00a0\u00a0 En 1999, nous sommes pass\u00e9s \u00e0 un nouveau programme, Techniques de bureautique : micro\u00e9dition et hyperm\u00e9dia, et le logiciel est encore plus chouette. Tout \u00e0 coup, beaucoup de clients voulaient que je leur fasse des d\u00e9pliants publicitaires, des cartes professionnelles, des sites Web et des animations.\u00a0 Mais mon premier amour est l\u2019enseignement.<\/p>\n<p>Quand je me l\u00e8ve le matin, j\u2019ai h\u00e2te d\u2019aller travailler. J\u2019ai h\u00e2te de vous montrer ce que je sais et de voir toutes les choses vraiment g\u00e9niales que vous faites. Vous \u00eates un groupe incroyablement cr\u00e9atif et talentueux, et je vous remercie de me montrer de nouveaux trucs dans Flash, Photoshop, Illustrator et Quark. Ma philosophie de vie : \u00ab \u00c9coute tes int\u00e9r\u00eats. Ils pourraient te servir \u00e0 toutes sortes de choses insoup\u00e7onn\u00e9es. \u00bb<\/p>\n<\/div>\r\n\t<\/div>\r\n<br>\r\n<\/div> <!-- Close staff-member --><div class=\"staff-member even \">\r\n\t<img decoding=\"async\" class=\"staff-member-photo\" src=\"https:\/\/departments.johnabbott.qc.ca\/wp-content\/uploads\/2018\/09\/silouette-1.jpg\" alt=\"Rock, Rick : \">\r\n\t<div class=\"staff-member-info-wrap\">\r\n\t\t<h3 class=\"staff-member-name\">Rock, Rick<\/h3>\r\n<br>\r\n\t\t514-457-6610, poste 5932\r\n<br>\r\nP-217A\r\n<br>\r\n\t<a class=\"staff-member-email\" href=\"mailto:&#114;ic&#107;&#114;&#111;c&#107;&#064;john&#097;bb&#111;&#116;t&#046;&#113;&#099;&#046;c&#097;\" title=\"Email Rock, Rick\">&#114;ic&#107;r&#111;ck&#064;&#106;&#111;h&#110;ab&#098;o&#116;t&#046;qc&#046;ca<\/a>\r\n<br>\r\n<br>\r\n\t\t<div class=\"staff-member-bio\"><p>Au d\u00e9but de sa carri\u00e8re d\u2019enseignant, Rick\u00a0Rock formait et conseillait des professionnels du design, des soci\u00e9t\u00e9s et des \u00e9tablissements d\u2019enseignement dans divers domaines li\u00e9s \u00e0 l\u2019infographie et aux arts visuels num\u00e9riques. Depuis\u00a01984, il se concentre sur la photographie, l\u2019illustration, l\u2019animation\u00a03D et le r\u00e9glage d\u2019image Postscript (c.-\u00e0-d. \u00e9ditique).<\/p>\n<p>Dans les ann\u00e9es\u00a01990, Rick a \u00e9t\u00e9 un collaborateur principal du programme Center for Imaging Arts\u00a0&amp;\u00a0Technology de l\u2019Institut de photographie du C\u00e9gep\u00a0Dawson. Pendant cette p\u00e9riode, il a donn\u00e9 \u00e0 des professionnels une nouvelle formation sur le tout nouveau march\u00e9 florissant des services d\u2019impression num\u00e9rique Postscript. Il a \u00e9galement \u00e9largi sa sph\u00e8re d\u2019enseignement pour y inclure des sujets li\u00e9s \u00e0 l\u2019infographie et donn\u00e9 des cours \u00e0 des \u00e9tudiantes et \u00e9tudiants en photographie du c\u00e9gep.<\/p>\n<p>Au printemps\u00a02000, Rick a \u00e9t\u00e9 embauch\u00e9 pour offrir une formation d\u2019appoint dans le cadre du nouveau programme Techniques de bureautique\u00a0: micro\u00e9dition et hyperm\u00e9dia (PDHT) des c\u00e9geps John\u00a0Abbott et Dawson. Le PDHT \u00e9tait un nouveau programme technique issu du programme de gestion des syst\u00e8mes de bureau. Rick a accept\u00e9 de se joindre au d\u00e9partement du PDHT du C\u00e9gep\u00a0John\u00a0Abbott \u00e0 la session d\u2019hiver\u00a02001.<\/p>\n<p>Rick a continu\u00e9 son perfectionnement professionnel en compl\u00e9tant sa ma\u00eetrise en enseignement pendant sa carri\u00e8re au C\u00e9gep\u00a0John\u00a0Abbott. Il est encore membre du d\u00e9partement du PDHT. En\u00a02018, le PDHT a \u00e9t\u00e9 remani\u00e9, et le d\u00e9partement a chang\u00e9 de nom pour Conception graphique et Web (GWD). Outre ses fonctions d\u2019enseignant, il est le coordonnateur technique du d\u00e9partement. Il cherche toujours \u00e0 \u00e9largir les possibilit\u00e9s pour les \u00e9tudiant(e)s de GWD (p.\u00a0ex. stages en design, partenariats communautaires). Les campus du C\u00e9gep\u00a0John\u00a0Abbott et de l\u2019Universit\u00e9\u00a0McGill continuent de profiter des services aux \u00e9tudes en conception ax\u00e9s sur la collaboration qu\u2019il a int\u00e9gr\u00e9s dans ses cours.<\/p>\n<\/div>\r\n\t<\/div>\r\n<br>\r\n<\/div> <!-- Close staff-member --><div class=\"staff-member odd \">\r\n\t<img decoding=\"async\" class=\"staff-member-photo\" src=\"https:\/\/departments.johnabbott.qc.ca\/wp-content\/uploads\/2017\/02\/Rogers-Ian-00014901.jpg\" alt=\"Rogers, Ian : \">\r\n\t<div class=\"staff-member-info-wrap\">\r\n\t\t<h3 class=\"staff-member-name\">Rogers, Ian<\/h3>\r\n<br>\r\n\t\t\r\n<br>\r\n\r\n<br>\r\n\t<a class=\"staff-member-email\" href=\"mailto:&#105;a&#110;.roge&#114;&#115;&#064;&#106;ohn&#097;bb&#111;t&#116;&#046;&#113;c.ca\" title=\"Email Rogers, Ian\">ia&#110;.r&#111;&#103;e&#114;s&#064;j&#111;hna&#098;b&#111;t&#116;&#046;&#113;c&#046;ca<\/a>\r\n<br>\r\n<br>\r\n\t\t<div class=\"staff-member-bio\"><p>Comptant plus de 20\u00a0ans d\u2019exp\u00e9rience professionnelle en conception graphique, illustration, image de marque, conception\/d\u00e9veloppement Web et photographie, j\u2019ai une connaissance approfondie des r\u00f4les techniques et cr\u00e9atifs du m\u00e9tier. Je comprends comment chaque fonction soutient les autres et comment elles se chevauchent.<\/p>\n<p>J\u2019ai acquis mon exp\u00e9rience en agence, en entreprise et comme pigiste. Je compte parmi mes clients des multinationales et des petites boutiques ind\u00e9pendantes des secteurs du commerce de d\u00e9tail, de l\u2019\u00e9dition, du voyage, de la mode, de la fabrication et des arts, entre autres. J\u2019ai de l\u2019exp\u00e9rience en conception de sites\u00a0Web et d\u2019applications, mes illustrations et photos ont \u00e9t\u00e9 utilis\u00e9es dans de nombreuses publications, et j\u2019ai con\u00e7u divers produits de publicit\u00e9, d\u2019emballage et vestimentaires pour une grande vari\u00e9t\u00e9 d\u2019usages et d\u2019applications.<\/p>\n<p>Techniquement, je me sp\u00e9cialise dans la conception de sites\u00a0Web et d\u2019applications, en particulier dans l\u2019interface\/exp\u00e9rience utilisateur (UI\/UX).<\/p>\n<p>D\u2019un point de vue cr\u00e9atif, mes comp\u00e9tences principales sont la conception graphique, l\u2019illustration et la photographie.<\/p>\n<p>Sur le plan de l\u2019enseignement, ce que je pr\u00e9f\u00e8re du C\u00e9gep, c\u2019est que je peux accompagner des personnes en d\u00e9but de carri\u00e8re, les aider \u00e0 s\u2019orienter et les diriger vers les domaines qui correspondent le mieux \u00e0 leurs int\u00e9r\u00eats. Nous vivons une p\u00e9riode tr\u00e8s stimulante pour ce qui est des technologies et des possibilit\u00e9s en tant que concepteurs, et je crois que le programme Conception graphique et Web du C\u00e9gep\u00a0John\u00a0Abbott offre d\u2019excellentes formations et possibilit\u00e9s cr\u00e9atives et techniques pour les futurs designers.<\/p>\n<\/div>\r\n\t<\/div>\r\n<br>\r\n<\/div> <!-- Close staff-member --><div class=\"staff-member even  last\">\r\n\t<img decoding=\"async\" class=\"staff-member-photo\" src=\"https:\/\/departments.johnabbott.qc.ca\/wp-content\/uploads\/2018\/09\/silouette-1.jpg\" alt=\"Ryan, Kellie-Rae : \">\r\n\t<div class=\"staff-member-info-wrap\">\r\n\t\t<h3 class=\"staff-member-name\">Ryan, Kellie-Rae<\/h3>\r\n<br>\r\n\t\t514-457-6610, poste 5931\r\n<br>\r\nP-215\r\n<br>\r\n\t<a class=\"staff-member-email\" href=\"mailto:k&#101;llie&#045;&#114;&#097;&#101;.&#114;&#121;&#097;n&#064;joh&#110;&#097;b&#098;&#111;t&#116;&#046;&#113;&#099;&#046;&#099;&#097;\" title=\"Email Ryan, Kellie-Rae\">k&#101;ll&#105;e&#045;&#114;&#097;e.&#114;ya&#110;&#064;j&#111;h&#110;&#097;&#098;&#098;o&#116;&#116;&#046;qc.c&#097;<\/a>\r\n<br>\r\n<br>\r\n\t\t\r\n\t<\/div>\r\n<br>\r\n<\/div> <!-- Close staff-member --><\/div> <!-- Close staff-member-listing -->\n\n<\/div><h2 class=\"tabtitle\"><span class=\"fa fa-graduation-cap\"><\/span>Cours<\/h2>\n<div class=\"tabcontent\">\n\n<p>Pour obtenir la liste compl\u00e8te des cours offerts par le D\u00e9partement de Conception graphique et Web, veuillez consulter la <a href=\"https:\/\/johnabbott.qc.ca\/fr\/career-programs\/graphic-and-web-design\/graphic-web-design-412-a0\/\">grille de cours<\/a> du programme et celle de la Formation g\u00e9n\u00e9rale (<a href=\"https:\/\/johnabbott.qc.ca\/fr\/program-structure\/complementary\/\" target=\"_blank\" rel=\"noopener\">cours compl\u00e9mentaires<\/a>) sur le site Web du C\u00e9gep.<\/p>\n\n<\/div><h2 class=\"tabtitle\"><span class=\"fa fa-info-circle\"><\/span>Renseignements suppl\u00e9mentaires<\/h2>\n<div class=\"tabcontent\">\n\n<p>Consultez la page du <a href=\"https:\/\/johnabbott.qc.ca\/fr\/career-programs\/graphic-and-web-design\/\" target=\"_blank\" rel=\"noopener\">programme Conception graphique et Web<\/a> pour de plus amples renseignements.<\/p>\n<\/div><\/div>\n","protected":false},"excerpt":{"rendered":"<p>Pour obtenir des renseignements complets sur le programme Conception graphique et Web, veuillez consulter la section du programme du site Web du C\u00e9gep\u00a0John\u00a0Abbott. Bienvenue sur la page du d\u00e9partement Conception graphique et Web du C\u00e9gep John Abbott! Pour obtenir la liste compl\u00e8te des cours offerts par le D\u00e9partement de Conception graphique et Web, veuillez consulter&hellip;<\/p>\n","protected":false},"author":1,"featured_media":0,"parent":7078,"menu_order":0,"comment_status":"closed","ping_status":"closed","template":"","meta":{"footnotes":""},"_links":{"self":[{"href":"https:\/\/departments.johnabbott.qc.ca\/fr\/wp-json\/wp\/v2\/pages\/7097"}],"collection":[{"href":"https:\/\/departments.johnabbott.qc.ca\/fr\/wp-json\/wp\/v2\/pages"}],"about":[{"href":"https:\/\/departments.johnabbott.qc.ca\/fr\/wp-json\/wp\/v2\/types\/page"}],"author":[{"embeddable":true,"href":"https:\/\/departments.johnabbott.qc.ca\/fr\/wp-json\/wp\/v2\/users\/1"}],"replies":[{"embeddable":true,"href":"https:\/\/departments.johnabbott.qc.ca\/fr\/wp-json\/wp\/v2\/comments?post=7097"}],"version-history":[{"count":3,"href":"https:\/\/departments.johnabbott.qc.ca\/fr\/wp-json\/wp\/v2\/pages\/7097\/revisions"}],"predecessor-version":[{"id":9146,"href":"https:\/\/departments.johnabbott.qc.ca\/fr\/wp-json\/wp\/v2\/pages\/7097\/revisions\/9146"}],"up":[{"embeddable":true,"href":"https:\/\/departments.johnabbott.qc.ca\/fr\/wp-json\/wp\/v2\/pages\/7078"}],"wp:attachment":[{"href":"https:\/\/departments.johnabbott.qc.ca\/fr\/wp-json\/wp\/v2\/media?parent=7097"}],"curies":[{"name":"wp","href":"https:\/\/api.w.org\/{rel}","templated":true}]}}