{"id":7106,"date":"2014-11-11T16:45:31","date_gmt":"2014-11-11T16:45:31","guid":{"rendered":"https:\/\/jadepartments.wpengine.com\/departments\/program-deans-office\/pre-hospital-emergency-care\/"},"modified":"2024-01-31T19:12:20","modified_gmt":"2024-01-31T19:12:20","slug":"pre-hospital-emergency-care","status":"publish","type":"page","link":"https:\/\/departments.johnabbott.qc.ca\/fr\/departments\/phec\/","title":{"rendered":"Soins param\u00e9dicaux"},"content":{"rendered":"<div class=\"responsive-tabs\">\n<h2 class=\"tabtitle\"><span class=\"fa fa-scroll\"><\/span>Accueil<\/h2>\n<div class=\"tabcontent\">\n\n<p>Pour obtenir des renseignements complets sur le <a href=\"https:\/\/www.johnabbott.qc.ca\/fr\/career-programs\/paramedic-care\/\" target=\"_blank\" rel=\"noopener noreferrer\">programme de Soins param\u00e9dicaux<\/a>, veuillez consulter la section du programme du site Web du C\u00e9gep John Abbott.<\/p>\n<p>Pour en savoir plus sur le service ou le programme de Soins param\u00e9dicaux, veuillez envoyer un courriel \u00e0 : <a href=\"mailto:paramedic@johnabbott.qc.ca\" target=\"_blank\" rel=\"noopener noreferrer\">paramedic@johnabbott.qc.ca<\/a>.<\/p>\n\n<\/div><h2 class=\"tabtitle\"><span class=\"fa fa-user-tie\"><\/span>Membres du d\u00e9partement<\/h2>\n<div class=\"tabcontent\">\n\n<div class=\"staff-member-listing paramedic-care\"><div class=\"staff-member even \">\r\n\t<img decoding=\"async\" class=\"staff-member-photo\" src=\"https:\/\/departments.johnabbott.qc.ca\/wp-content\/uploads\/2015\/02\/Fernando-Afonso-e1605288923519.jpg\" alt=\"Afonso, Fernando : \">\r\n\t<div class=\"staff-member-info-wrap\">\r\n\t\t<h3 class=\"staff-member-name\">Afonso, Fernando<\/h3>\r\n<br>\r\n\t\t514-457-6610, poste 5119\r\n<br>\r\n\r\n<br>\r\n\t<a class=\"staff-member-email\" href=\"mailto:&#102;e&#114;&#110;ando&#046;afo&#110;&#115;o&#064;&#106;&#111;h&#110;&#097;bb&#111;&#116;t.qc&#046;c&#097;\" title=\"Email Afonso, Fernando\">&#102;e&#114;&#110;&#097;&#110;&#100;o&#046;&#097;f&#111;&#110;&#115;o&#064;j&#111;&#104;&#110;&#097;bb&#111;&#116;t.qc&#046;&#099;a<\/a>\r\n<br>\r\n<br>\r\n\t\t<div class=\"staff-member-bio\"><p>Fernando\u00a0Alfonso, comme bien d\u2019autres, a eu la piq\u00fbre pour la m\u00e9decine d\u2019urgence en regardant les \u00e9pisodes de l\u2019\u00e9mission <em>EMERGENCY <\/em>de NBC quand il \u00e9tait enfant!<\/p>\n<p>Membre du corps enseignant du programme de soins param\u00e9dicaux du C\u00e9gep\u00a0John\u00a0Abbott depuis 2010, il est infirmier autoris\u00e9 (IA) depuis 1993, sp\u00e9cialis\u00e9 en soins d\u2019urgence et en soins intensifs. Son exp\u00e9rience en soins intensifs comprend 18\u00a0ans au service d\u2019urgence de l\u2019H\u00f4pital g\u00e9n\u00e9ral juif de Montr\u00e9al et sa pratique actuelle au service d\u2019urgence du Centre hospitalier de St.\u00a0Mary. Cette exp\u00e9rience lui a permis d\u2019\u00e9largir sa pratique clinique et sa base de connaissances et de travailler dans le milieu qui re\u00e7oit les patients des soins param\u00e9dicaux.<\/p>\n<p>Il a notamment travaill\u00e9 comme premier intervenant b\u00e9n\u00e9vole de 1994 \u00e0 2000 pour les Services m\u00e9dicaux d\u2019urgence de la Ville de C\u00f4te\u00a0Saint-Luc.<\/p>\n<p>Apr\u00e8s avoir obtenu son dipl\u00f4me du programme de Soins pr\u00e9hospitaliers d\u2019urgence du Coll\u00e8ge Ahuntsic \u00e0 Montr\u00e9al, il a travaill\u00e9 de 2000 \u00e0 2006 comme ambulancier param\u00e9dical pour l\u2019agence des SMU de Montr\u00e9al et de Laval, la Corporation d\u2019Urgences-sant\u00e9.<\/p>\n<p>\u00c0 l\u2019heure actuelle, Fernando continue de travailler \u00e0 temps partiel \u00e0 titre d\u2019infirmier du service d\u2019urgence (IA) au Centre hospitalier St.\u00a0Mary et \u00e9galement comme agent des SMU aux services de s\u00e9curit\u00e9 incendie et m\u00e9dicaux d\u2019urgence de la Ville de Pincourt.<\/p>\n<p>Il a notamment \u00e9t\u00e9 instructeur en BCLS et en premiers soins pour la Fondation des maladies du c\u0153ur et de l\u2019AVC du Canada, ainsi qu\u2019instructeur en r\u00e9animation cardiorespiratoire avanc\u00e9e (ACLS) pour cette m\u00eame entit\u00e9. Fernando est membre de la facult\u00e9 de m\u00e9decine de l\u2019Universit\u00e9 McGill et offre une formation en r\u00e9animation cardiorespiratoire avanc\u00e9e (ACLS) aux \u00e9tudiant(e)s en m\u00e9decine, aux r\u00e9sident(e)s et m\u00e9decins, aux infirmier(\u00e8re)s et aux autres professionnels tout au long de l\u2019ann\u00e9e.<\/p>\n<p>En dehors du travail, il occupe le MEILLEUR r\u00f4le de tous. Celui d\u2019\u00eatre le PAPA de ses quatre enfants qui enrichissent sa vie chaque jour!<\/p>\n<\/div>\r\n\t<\/div>\r\n<br>\r\n<\/div> <!-- Close staff-member --><div class=\"staff-member odd \">\r\n\t<img decoding=\"async\" class=\"staff-member-photo\" src=\"https:\/\/departments.johnabbott.qc.ca\/wp-content\/uploads\/2018\/09\/silouette-1.jpg\" alt=\"Bertrand, Celia : \">\r\n\t<div class=\"staff-member-info-wrap\">\r\n\t\t<h3 class=\"staff-member-name\">Bertrand, Celia<\/h3>\r\n<br>\r\n\t\t514-457-6610, poste 5529\r\n<br>\r\n\r\n<br>\r\n\t<a class=\"staff-member-email\" href=\"mailto:cel&#105;a.be&#114;tr&#097;&#110;&#100;&#064;j&#111;hna&#098;b&#111;tt.qc&#046;c&#097;\" title=\"Email Bertrand, Celia\">&#099;e&#108;&#105;&#097;.b&#101;&#114;tr&#097;nd&#064;j&#111;hnabbo&#116;&#116;&#046;q&#099;.&#099;a<\/a>\r\n<br>\r\n<br>\r\n\t\t\r\n\t<\/div>\r\n<br>\r\n<\/div> <!-- Close staff-member --><div class=\"staff-member even \">\r\n\t<img decoding=\"async\" class=\"staff-member-photo\" src=\"https:\/\/departments.johnabbott.qc.ca\/wp-content\/uploads\/2020\/11\/Laurence-Bigio-e1605289254292.jpg\" alt=\"Bigio, Lawrence : Faculty member\">\r\n\t<div class=\"staff-member-info-wrap\">\r\n\t\t<h3 class=\"staff-member-name\">Bigio, Lawrence<\/h3>Faculty member\r\n<br>\r\n\t\t514 457-6610, poste 5942\r\n<br>\r\n\r\n<br>\r\n\t\r\n<br>\r\n<br>\r\n\t\t<div class=\"staff-member-bio\"><p>Lawrence\u00a0Bigio a commenc\u00e9 sa carri\u00e8re dans les services m\u00e9dicaux d\u2019urgence en 1999 en tant que premier intervenant b\u00e9n\u00e9vole.\u00a0 Il s\u2019est tr\u00e8s rapidement d\u00e9couvert une passion pour le m\u00e9tier et vise toujours \u00e0 offrir les meilleurs soins possible \u00e0 ses patients. Il a d\u00e9cid\u00e9 de continuer sa formation aux \u00c9tats-Unis pour devenir ambulancier en soins pr\u00e9hospitaliers avanc\u00e9s. Lawrence a obtenu son dipl\u00f4me du Capitol Community College en 2002.<\/p>\n<p>Au fil des ans, alors qu\u2019il travaillait comme ambulancier param\u00e9dical au Connecticut, Lawrence a \u00e9galement \u00e9t\u00e9 agent de formation sur le terrain pour American Medical Response. De plus, il a \u00e9t\u00e9 instructeur param\u00e9dical sur le terrain au programme de parrainage en milieu hospitalier de Yale (affili\u00e9 \u00e0 la Yale School of Medicine). Aujourd\u2019hui, Lawrence travaille \u00e9galement comme infirmier auxiliaire autoris\u00e9 au service des urgences.<\/p>\n<\/div>\r\n\t<\/div>\r\n<br>\r\n<\/div> <!-- Close staff-member --><div class=\"staff-member odd \">\r\n\t<img decoding=\"async\" class=\"staff-member-photo\" src=\"https:\/\/departments.johnabbott.qc.ca\/wp-content\/uploads\/2015\/02\/Jeffery-Brown-e1605289133637.jpg\" alt=\"Brown, Jeffery : \">\r\n\t<div class=\"staff-member-info-wrap\">\r\n\t\t<h3 class=\"staff-member-name\">Brown, Jeffery<\/h3>\r\n<br>\r\n\t\t514-457-6610, poste 5016\r\n<br>\r\n\r\n<br>\r\n\t<a class=\"staff-member-email\" href=\"mailto:&#106;e&#102;&#102;ery.br&#111;&#119;&#110;&#064;johnab&#098;&#111;&#116;&#116;&#046;qc.c&#097;\" title=\"Email Brown, Jeffery\">je&#102;f&#101;r&#121;.brow&#110;&#064;&#106;ohn&#097;&#098;&#098;&#111;&#116;t.qc.ca<\/a>\r\n<br>\r\n<br>\r\n\t\t<div class=\"staff-member-bio\"><p>Jeffery\u00a0Brown a commenc\u00e9 sa carri\u00e8re d\u2019ambulancier en 1976.\u00a0 En 1977, il a obtenu son dipl\u00f4me en Soins param\u00e9dicaux au premier rang de sa classe au Coll\u00e8ge Dawson et \u00e0 l\u2019H\u00f4pital Royal Victoria, sous la direction du D<sup>r\u00a0<\/sup>Pieter\u00a0Cohen.<\/p>\n<p>Depuis, il a travaill\u00e9 pour des employeurs priv\u00e9s, dont Bombardier, et pour Urgences-sant\u00e9, o\u00f9 il a travaill\u00e9 comme superviseur sur le terrain pendant 21\u00a0ans.\u00a0\u00a0 Il fait partie d\u2019une unit\u00e9 de recherche et sauvetage b\u00e9n\u00e9vole dans l\u2019Ouest-de-l\u2019\u00cele et assure une couverture m\u00e9dicale pour les \u00e9v\u00e9nements en plus d\u2019\u00eatre appel\u00e9 \u00e0 faire des recherches pour la S\u00fbret\u00e9 du Qu\u00e9bec.<\/p>\n<\/div>\r\n\t<\/div>\r\n<br>\r\n<\/div> <!-- Close staff-member --><div class=\"staff-member even \">\r\n\t<img decoding=\"async\" class=\"staff-member-photo\" src=\"https:\/\/departments.johnabbott.qc.ca\/wp-content\/uploads\/2020\/11\/Andrew-Cawston-e1605289220179.jpg\" alt=\"Cawston, Andrew : Co-coordonnateur\">\r\n\t<div class=\"staff-member-info-wrap\">\r\n\t\t<h3 class=\"staff-member-name\">Cawston, Andrew<\/h3>Co-coordonnateur\r\n<br>\r\n\t\t514 457-6610, poste 5942\r\n<br>\r\n\r\n<br>\r\n\t\r\n<br>\r\n<br>\r\n\t\t<div class=\"staff-member-bio\"><p>Andrew\u00a0Cawston a obtenu son dipl\u00f4me du programme de soins pr\u00e9hospitaliers d\u2019urgence du C\u00e9gep\u00a0John\u00a0Abbott en 2014. Depuis, il a acquis de l\u2019exp\u00e9rience comme ambulancier en soins primaires sur la rive sud de Montr\u00e9al en travaillant pour la Coop\u00e9rative des techniciens ambulanciers de la Mont\u00e9r\u00e9gie (CETAM) et dans la r\u00e9gion des Laurentides pour Ambulances Paraxion \u00e0 Mont-Tremblant. Il a \u00e9galement acquis de l\u2019exp\u00e9rience en tant que formateur en soins pr\u00e9hospitaliers\/des premiers intervenants dans les Laurentides, et a \u00e9valu\u00e9 les interventions en arr\u00eat cardiorespiratoire \u00e0 des fins d\u2019assurance de la qualit\u00e9.<\/p>\n<p>Membre du corps enseignant du programme de Soins param\u00e9dicaux du C\u00e9gep\u00a0John\u00a0Abbott depuis ao\u00fbt\u00a02019, Andrew se r\u00e9jouit \u00e0 l\u2019id\u00e9e d\u2019aider les futurs ambulanciers param\u00e9dicaux et futures ambulanci\u00e8res param\u00e9dicales \u00e0 d\u00e9couvrir le monde passionnant des services m\u00e9dicaux d\u2019urgence.<\/p>\n<p>&nbsp;<\/p>\n<\/div>\r\n\t<\/div>\r\n<br>\r\n<\/div> <!-- Close staff-member --><div class=\"staff-member odd \">\r\n\t<img decoding=\"async\" class=\"staff-member-photo\" src=\"https:\/\/departments.johnabbott.qc.ca\/wp-content\/uploads\/2015\/02\/Martin-Charpentier-e1605289318870.jpg\" alt=\"Charpentier, Martin : \">\r\n\t<div class=\"staff-member-info-wrap\">\r\n\t\t<h3 class=\"staff-member-name\">Charpentier, Martin<\/h3>\r\n<br>\r\n\t\t514-457-6610, poste 5798\r\n<br>\r\n\r\n<br>\r\n\t<a class=\"staff-member-email\" href=\"mailto:&#109;&#097;&#114;t&#105;&#110;.charp&#101;n&#116;&#105;&#101;r&#064;&#106;&#111;hnabbot&#116;&#046;qc.c&#097;\" title=\"Email Charpentier, Martin\">mart&#105;&#110;.charpen&#116;i&#101;&#114;&#064;joh&#110;&#097;b&#098;&#111;&#116;&#116;&#046;&#113;c&#046;&#099;&#097;<\/a>\r\n<br>\r\n<br>\r\n\t\t<div class=\"staff-member-bio\"><p>C\u2019est une populaire \u00e9mission t\u00e9l\u00e9vis\u00e9e des ann\u00e9es\u00a01970 qui m\u2019a pouss\u00e9 \u00e0 devenir ambulancier param\u00e9dical en 1995. Ma formation s\u2019est d\u00e9roul\u00e9e \u00e0 la fois dans l\u2019\u00c9tat de New York et dans la province de Qu\u00e9bec. Je me suis \u00e9tabli \u00e0 Montr\u00e9al en 2001 et ma passion pour les soins d\u2019urgence n\u2019a jamais cess\u00e9 de cro\u00eetre. J\u2019ai commenc\u00e9 \u00e0 enseigner au C\u00e9gep\u00a0John\u00a0Abbott en 2010, et je suis toujours ravi de faire partie de cette \u00e9quipe fantastique. Six membres de notre facult\u00e9, dont moi-m\u00eame, font partie de l\u2019\u00e9quipe de soins de r\u00e9animation cardiorespiratoire avanc\u00e9s du Centre universitaire de sant\u00e9 McGill. Nous y consacrons chaque jour beaucoup d\u2019\u00e9nergie.<\/p>\n<p>Nous visons \u00e0 \u00eatre l\u2019\u00e9lite, la cr\u00e8me de la cr\u00e8me...<\/p>\n<\/div>\r\n\t<\/div>\r\n<br>\r\n<\/div> <!-- Close staff-member --><div class=\"staff-member even \">\r\n\t<img decoding=\"async\" class=\"staff-member-photo\" src=\"https:\/\/departments.johnabbott.qc.ca\/wp-content\/uploads\/2015\/02\/Sophie-Meunier-e1605289276977.jpg\" alt=\"Meunier, Sophie : \">\r\n\t<div class=\"staff-member-info-wrap\">\r\n\t\t<h3 class=\"staff-member-name\">Meunier, Sophie<\/h3>\r\n<br>\r\n\t\t514-457-6610, poste 5805\r\n<br>\r\n\r\n<br>\r\n\t<a class=\"staff-member-email\" href=\"mailto:&#115;&#111;&#112;h&#105;e&#046;&#109;eu&#110;&#105;e&#114;&#064;&#106;ohna&#098;&#098;o&#116;&#116;.qc.c&#097;\" title=\"Email Meunier, Sophie\">&#115;&#111;ph&#105;&#101;.me&#117;&#110;ie&#114;&#064;j&#111;h&#110;&#097;b&#098;o&#116;t.qc&#046;&#099;a<\/a>\r\n<br>\r\n<br>\r\n\t\t\r\n\t<\/div>\r\n<br>\r\n<\/div> <!-- Close staff-member --><div class=\"staff-member odd \">\r\n\t<img decoding=\"async\" class=\"staff-member-photo\" src=\"https:\/\/departments.johnabbott.qc.ca\/wp-content\/uploads\/2015\/02\/Matthew-Morin-e1605289295650.jpg\" alt=\"Morin, Matthew : Co-coordonnateur\">\r\n\t<div class=\"staff-member-info-wrap\">\r\n\t\t<h3 class=\"staff-member-name\">Morin, Matthew<\/h3>Co-coordonnateur\r\n<br>\r\n\t\t514-457-6610, poste 5659\r\n<br>\r\n\r\n<br>\r\n\t<a class=\"staff-member-email\" href=\"mailto:&#109;a&#116;&#116;he&#119;&#046;morin&#064;&#106;&#111;&#104;nab&#098;ot&#116;&#046;&#113;&#099;.c&#097;\" title=\"Email Morin, Matthew\">m&#097;&#116;&#116;&#104;e&#119;.&#109;or&#105;n&#064;j&#111;hn&#097;&#098;bott.&#113;&#099;&#046;c&#097;<\/a>\r\n<br>\r\n<br>\r\n\t\t<div class=\"staff-member-bio\"><p>Matthew, ambulancier param\u00e9dical en soins primaires et pompier, est membre du d\u00e9partement de Soins Param\u00e9dicaux du C\u00e9gep John Abbott depuis 2013. En plus de son engagement \u00e0 \u00e9duquer notre communaut\u00e9, il apporte une richesse d'expertise diversifi\u00e9e et une profonde passion pour l'enseignement.<\/p>\n<p>&nbsp;<\/p>\n<p>Le parcours param\u00e9dical de Matthew l'a men\u00e9 dans plusieurs provinces, dont l'Ontario, le Qu\u00e9bec et la Nouvelle-\u00c9cosse. Cette vaste exp\u00e9rience lui a permis d'acqu\u00e9rir une connaissance approfondie des d\u00e9fis uniques que posent les soins de sant\u00e9 dans les diff\u00e9rentes r\u00e9gions. Son d\u00e9vouement \u00e0 fournir des soins exceptionnels aux patients s'est affin\u00e9 gr\u00e2ce \u00e0 son travail dans divers contextes, y compris les services d'urgence.<\/p>\n<p>&nbsp;<\/p>\n<p>Au-del\u00e0 de son r\u00f4le de secouriste, Matthew a fi\u00e8rement servi dans la r\u00e9serve des Forces arm\u00e9es canadiennes en tant que fantassin dans les Fusiliers Mont-Royal et les SD&amp;G Highlanders.<\/p>\n<p>&nbsp;<\/p>\n<p>Sur le plan personnel, Matthew est fier d'\u00eatre le p\u00e8re de trois enfants et il appr\u00e9cie les moments pass\u00e9s avec sa famille au chalet, o\u00f9 ils cr\u00e9ent ensemble des souvenirs inoubliables.<\/p>\n<p>&nbsp;<\/p>\n<p>De plus, en tant que membre du service d'incendie de Saint-Lazare, il continue de servir sa communaut\u00e9 avec un d\u00e9vouement in\u00e9branlable. Son engagement pour le bien-\u00eatre de la communaut\u00e9 s'\u00e9tend au-del\u00e0 de la salle de classe, et son exp\u00e9rience directe sur le terrain enrichit son enseignement, offrant aux \u00e9tudiant(e)s des connaissances inestimables du monde r\u00e9el.<\/p>\n<\/div>\r\n\t<\/div>\r\n<br>\r\n<\/div> <!-- Close staff-member --><div class=\"staff-member even \">\r\n\t<img decoding=\"async\" class=\"staff-member-photo\" src=\"https:\/\/departments.johnabbott.qc.ca\/wp-content\/uploads\/2015\/02\/Louis-Nikolopoulos-e1605289329561.jpg\" alt=\"Nikolopoulos, Louis : \">\r\n\t<div class=\"staff-member-info-wrap\">\r\n\t\t<h3 class=\"staff-member-name\">Nikolopoulos, Louis<\/h3>\r\n<br>\r\n\t\t514-457-6610, poste 5092\r\n<br>\r\n\r\n<br>\r\n\t<a class=\"staff-member-email\" href=\"mailto:l&#111;&#117;&#105;&#115;.&#110;&#105;k&#111;&#108;o&#112;o&#117;l&#111;s&#064;&#106;&#111;&#104;&#110;ab&#098;o&#116;t.&#113;&#099;.c&#097;\" title=\"Email Nikolopoulos, Louis\">l&#111;u&#105;s&#046;ni&#107;olopo&#117;&#108;&#111;&#115;&#064;&#106;&#111;&#104;n&#097;&#098;&#098;&#111;&#116;&#116;&#046;&#113;&#099;&#046;&#099;&#097;<\/a>\r\n<br>\r\n<br>\r\n\t\t\r\n\t<\/div>\r\n<br>\r\n<\/div> <!-- Close staff-member --><div class=\"staff-member odd \">\r\n\t<img decoding=\"async\" class=\"staff-member-photo\" src=\"https:\/\/departments.johnabbott.qc.ca\/wp-content\/uploads\/2015\/02\/Nelly-Stipdonk-e1605289285961.jpg\" alt=\"Stipdonk, Nelly : Faculty member\">\r\n\t<div class=\"staff-member-info-wrap\">\r\n\t\t<h3 class=\"staff-member-name\">Stipdonk, Nelly<\/h3>Faculty member\r\n<br>\r\n\t\t514-457-6610, poste 5521\r\n<br>\r\n\r\n<br>\r\n\t<a class=\"staff-member-email\" href=\"mailto:ne&#108;l&#121;&#046;&#115;&#116;&#105;&#112;&#100;&#111;&#110;&#107;&#064;&#106;&#111;hna&#098;b&#111;&#116;&#116;.qc.ca\" title=\"Email Stipdonk, Nelly\">&#110;el&#108;&#121;.st&#105;p&#100;&#111;nk&#064;j&#111;&#104;na&#098;&#098;&#111;&#116;&#116;.q&#099;&#046;c&#097;<\/a>\r\n<br>\r\n<br>\r\n\t\t<div class=\"staff-member-bio\"><p>Elle a d\u2019abord \u00e9tudi\u00e9 en soins m\u00e9dicaux d\u2019urgence au Coll\u00e8ge Dawson dans le cadre du programme de Soins pr\u00e9hospitaliers d\u2019urgence, puis elle est devenue enseignante en Soins pr\u00e9hospitaliers d\u2019urgence au m\u00eame coll\u00e8ge.<\/p>\n<p>Nelly est actuellement ambulanci\u00e8re param\u00e9dicale en soins avanc\u00e9s agr\u00e9\u00e9e dans l\u2019\u00c9tat de New York.<\/p>\n<p>Elle est \u00e9galement formatrice en PHTLS (soins pr\u00e9hospitaliers d\u2019urgence en trauma) et elle a voyag\u00e9 au S\u00e9n\u00e9gal et au Ghana pour enseigner les PHTLS aux soldats des Nations Unies.<\/p>\n<p>&nbsp;<\/p>\n<\/div>\r\n\t<\/div>\r\n<br>\r\n<\/div> <!-- Close staff-member --><div class=\"staff-member even \">\r\n\t<img decoding=\"async\" class=\"staff-member-photo\" src=\"https:\/\/departments.johnabbott.qc.ca\/wp-content\/uploads\/2018\/09\/silouette-1.jpg\" alt=\"Wojcik, Philip : \">\r\n\t<div class=\"staff-member-info-wrap\">\r\n\t\t<h3 class=\"staff-member-name\">Wojcik, Philip<\/h3>\r\n<br>\r\n\t\t\r\n<br>\r\n\r\n<br>\r\n\t<a class=\"staff-member-email\" href=\"mailto:phi&#108;i&#112;.wojci&#107;&#064;john&#097;b&#098;o&#116;&#116;&#046;qc.ca\" title=\"Email Wojcik, Philip\">&#112;&#104;&#105;l&#105;&#112;&#046;&#119;o&#106;&#099;ik&#064;&#106;o&#104;&#110;&#097;b&#098;o&#116;&#116;.q&#099;.ca<\/a>\r\n<br>\r\n<br>\r\n\t\t<div class=\"staff-member-bio\"><p>Phil a obtenu son dipl\u00f4me du programme Soins param\u00e9dicaux du C\u00e9gep John Abbott en 2013 et travaille actuellement comme param\u00e9dic en soins primaires \u00e0 la Coop\u00e9rative des techniciens ambulanciers de la Mont\u00e9r\u00e9gie (CETAM). \u00c0 ce titre, il a acquis une exp\u00e9rience pr\u00e9cieuse en travaillant comme ambulancier param\u00e9dical en milieu rural et urbain.<\/p>\n<p>De 2013 \u00e0 2015, Phil a \u00e9galement occup\u00e9 le poste d'ambulancier et de pompier pour la Formule 1, o\u00f9 il a jou\u00e9 un r\u00f4le crucial dans le sauvetage des pilotes de Formule 1 \u00e0 la suite d'un accident.<\/p>\n<p>Pouss\u00e9 par sa soif de connaissances, Phil a effectu\u00e9 des stages en tant qu'ambulancier en Californie et en Pologne, ce qui lui a permis de perfectionner ses comp\u00e9tences et son expertise.<\/p>\n<p>\u00c0 partir de 2016, il a assum\u00e9 le r\u00f4le de pr\u00e9cepteur, encadrant la nouvelle g\u00e9n\u00e9ration d'ambulanciers param\u00e9dicaux. En 2020, il est devenu \u00e9valuateur PIMPT pour les ambulanciers.<\/p>\n<p>De 2020 \u00e0 2023, Phil a assum\u00e9 le poste de superviseur param\u00e9dical, supervisant le travail des ambulanciers param\u00e9dicaux et contribuant \u00e0 leur d\u00e9veloppement professionnel.<\/p>\n<p>Depuis 2023, Phil est \u00e9galement charg\u00e9 d'enseigner dans le d\u00e9partement des soins param\u00e9dicaux, o\u00f9 il partage ses connaissances et ses comp\u00e9tences pour aider \u00e0 former les futures g\u00e9n\u00e9rations d'ambulanciers param\u00e9dicaux.<\/p>\n<\/div>\r\n\t<\/div>\r\n<br>\r\n<\/div> <!-- Close staff-member --><div class=\"staff-member odd  last\">\r\n\t<img decoding=\"async\" class=\"staff-member-photo\" src=\"https:\/\/departments.johnabbott.qc.ca\/wp-content\/uploads\/2017\/02\/Kent-Wood-1-e1605289339891.jpg\" alt=\"Wood, Kent : \">\r\n\t<div class=\"staff-member-info-wrap\">\r\n\t\t<h3 class=\"staff-member-name\">Wood, Kent<\/h3>\r\n<br>\r\n\t\t\r\n<br>\r\n\r\n<br>\r\n\t<a class=\"staff-member-email\" href=\"mailto:ken&#116;.w&#111;od&#064;joh&#110;a&#098;b&#111;&#116;t&#046;q&#099;.c&#097;\" title=\"Email Wood, Kent\">&#107;&#101;n&#116;&#046;&#119;&#111;&#111;d&#064;john&#097;&#098;&#098;&#111;&#116;t.&#113;c&#046;c&#097;<\/a>\r\n<br>\r\n<br>\r\n\t\t<div class=\"staff-member-bio\"><p>Kent\u00a0Wood est ambulancier param\u00e9dical en soins primaires. Ses accr\u00e9ditations comprennent l\u2019intervention en pr\u00e9sence de mati\u00e8res dangereuses et d\u2019armes de destruction massive, le sauvetage minier, la formation en soins de base en r\u00e9animation cardiorespiratoire et la formation de premier intervenant.\u00a0 Il travaille comme ambulancier param\u00e9dical et premier intervenant dans la province de Qu\u00e9bec et comme ambulancier param\u00e9dical en r\u00e9gion \u00e9loign\u00e9e pour SIRIUSMEDX dans le Nord canadien.\u00a0 Passionn\u00e9 par les soins pr\u00e9hospitaliers, il effectue constamment des recherches sur les soins et l\u2019\u00e9quipement de pointe.<\/p>\n<p>Kent est titulaire d\u2019un baccalaur\u00e9at en \u00e9ducation physique de l\u2019Universit\u00e9 du Nouveau-Brunswick. Il est passionn\u00e9 par les activit\u00e9s de plein air depuis de nombreuses ann\u00e9es. Il est \u00e9galement propri\u00e9taire associ\u00e9 d\u2019un club de parachutisme, parachutiste de d\u00e9monstration professionnel et conseiller en s\u00e9curit\u00e9 et formation pour la <em>United States Parachute Association.<\/em><\/p>\n<\/div>\r\n\t<\/div>\r\n<br>\r\n<\/div> <!-- Close staff-member --><\/div> <!-- Close staff-member-listing -->\n\n<\/div><h2 class=\"tabtitle\"><span class=\"fa fa-graduation-cap\"><\/span>Cours<\/h2>\n<div class=\"tabcontent\">\n\n<p>Pour obtenir une liste d\u00e9taill\u00e9e des cours offerts, veuillez consulter la <a href=\"https:\/\/www.johnabbott.qc.ca\/fr\/career-programs\/paramedic-care\/paramedic-care-formerly-pre-hospital-emergency-care181-a0\/\">Grille de cours<\/a> du programme.<\/p>\n\n<\/div><h2 class=\"tabtitle\"><span class=\"fa fa-info-circle\"><\/span>Renseignements suppl\u00e9mentaires<\/h2>\n<div class=\"tabcontent\">\n\n<p><strong>Activit\u00e9s :<\/strong><\/p>\n<p>Lors de la journ\u00e9e portes ouvertes du 30\u00a0janvier\u00a02016, des \u00e9tudiant(e)s des programmes de Soins param\u00e9dicaux et de Soins infirmiers ont particip\u00e9 \u00e0 une d\u00e9monstration en direct avec notre nouveau simulateur haute fid\u00e9lit\u00e9, TRAUMA\u00a0HAL<sup>\u00ae<\/sup>. Elles et ils ont montr\u00e9 \u00e0 trois\u00a0groupes d\u2019\u00e9tudiant(e)s potentiel(le)s et \u00e0 leurs parents comment le simulateur est utilis\u00e9 dans les programmes de soins infirmiers et param\u00e9dicaux.<\/p>\n<\/div><\/div>\n","protected":false},"excerpt":{"rendered":"<p>Pour obtenir des renseignements complets sur le programme de Soins param\u00e9dicaux, veuillez consulter la section du programme du site Web du C\u00e9gep John Abbott. Pour en savoir plus sur le service ou le programme de Soins param\u00e9dicaux, veuillez envoyer un courriel \u00e0 : paramedic@johnabbott.qc.ca. Pour obtenir une liste d\u00e9taill\u00e9e des cours offerts, veuillez consulter la&hellip;<\/p>\n","protected":false},"author":3,"featured_media":0,"parent":7078,"menu_order":0,"comment_status":"closed","ping_status":"open","template":"","meta":{"footnotes":""},"_links":{"self":[{"href":"https:\/\/departments.johnabbott.qc.ca\/fr\/wp-json\/wp\/v2\/pages\/7106"}],"collection":[{"href":"https:\/\/departments.johnabbott.qc.ca\/fr\/wp-json\/wp\/v2\/pages"}],"about":[{"href":"https:\/\/departments.johnabbott.qc.ca\/fr\/wp-json\/wp\/v2\/types\/page"}],"author":[{"embeddable":true,"href":"https:\/\/departments.johnabbott.qc.ca\/fr\/wp-json\/wp\/v2\/users\/3"}],"replies":[{"embeddable":true,"href":"https:\/\/departments.johnabbott.qc.ca\/fr\/wp-json\/wp\/v2\/comments?post=7106"}],"version-history":[{"count":3,"href":"https:\/\/departments.johnabbott.qc.ca\/fr\/wp-json\/wp\/v2\/pages\/7106\/revisions"}],"predecessor-version":[{"id":9202,"href":"https:\/\/departments.johnabbott.qc.ca\/fr\/wp-json\/wp\/v2\/pages\/7106\/revisions\/9202"}],"up":[{"embeddable":true,"href":"https:\/\/departments.johnabbott.qc.ca\/fr\/wp-json\/wp\/v2\/pages\/7078"}],"wp:attachment":[{"href":"https:\/\/departments.johnabbott.qc.ca\/fr\/wp-json\/wp\/v2\/media?parent=7106"}],"curies":[{"name":"wp","href":"https:\/\/api.w.org\/{rel}","templated":true}]}}