{"id":7115,"date":"2014-11-11T16:47:03","date_gmt":"2014-11-11T16:47:03","guid":{"rendered":"https:\/\/jadepartments.wpengine.com\/departments\/program-deans-office\/youth-and-adult-correctional-intervention\/"},"modified":"2024-01-22T18:22:54","modified_gmt":"2024-01-22T18:22:54","slug":"youth-and-adult-correctional-intervention","status":"publish","type":"page","link":"https:\/\/departments.johnabbott.qc.ca\/fr\/departments\/crim\/","title":{"rendered":"Techniques d\u2019intervention en criminologie"},"content":{"rendered":"<div class=\"responsive-tabs\">\n<h2 class=\"tabtitle\"><span class=\"fa fa-scroll\"><\/span>Accueil<\/h2>\n<div class=\"tabcontent\">\n\n<p>Techniques d\u2019intervention en criminologie est un programme intensif de trois\u00a0ans qui forme les \u00e9tudiant(e)s dans une multitude de disciplines, dont le droit, la psychologie, le travail social et la criminologie. Les \u00e9tudiant(e)s d\u00e9velopperont des comp\u00e9tences professionnelles et acquerront une exp\u00e9rience pratique en milieu de travail.<\/p>\n<p>Ce programme peut \u00eatre un bon tremplin vers de nombreux programmes universitaires en travail social, droit, criminologie, sociologie, etc.<\/p>\n<p><span style=\"text-decoration: underline;\">Ce programme vous convient-il?<\/span><\/p>\n<p>Dans le cadre du programme Techniques d\u2019intervention en criminologie, vous recevrez une formation qui vous permettra de travailler dans les milieux suivants\u00a0: Centres Jeunesse (services \u00e0 l\u2019enfance), centres de traitement de la toxicomanie (counseling), prisons et p\u00e9nitenciers (agente correctionnelle\/agent correctionnel), refuges pour femmes (counseling), \u00e9coles (sp\u00e9cialiste du comportement), etc.<\/p>\n<p>Avant de pr\u00e9senter une demande d\u2019admission \u00e0 ce programme, posez-vous les questions suivantes\u00a0:<\/p>\n<p>\u00cates-vous \u00e0 l\u2019aise de participer \u00e0 des sc\u00e9narios o\u00f9 vous menez une entrevue avec quelqu\u2019un au sujet d\u2019un probl\u00e8me pr\u00e9cis?<\/p>\n<p>\u00cates-vous \u00e0 l\u2019aise de participer \u00e0 des sc\u00e9narios o\u00f9 vous devrez aider et calmer une personne en crise?<\/p>\n<p>\u00cates-vous \u00e0 l\u2019aise d\u2019\u00e9tudier des sujets comme les agressions sexuelles, les meurtres, la violence \u00e0 l\u2019\u00e9gard d\u2019enfants, le suicide, la violence conjugale, la schizophr\u00e9nie, le trouble bipolaire, la p\u00e9dophilie, le crime organis\u00e9, la protection de la jeunesse, la drogue et autres?<\/p>\n<p>Pour obtenir des renseignements complets sur le programme de <a href=\"https:\/\/johnabbott.qc.ca\/fr\/career-programs\/criminology-intervention\/\" target=\"_blank\" rel=\"noopener\">Techniques d\u2019intervention en criminologie<\/a>, veuillez consulter la section du programme du site Web du C\u00e9gep\u00a0John\u00a0Abbott.<\/p>\n\n<\/div><h2 class=\"tabtitle\"><span class=\"fa fa-user-tie\"><\/span>Membres du d\u00e9partement<\/h2>\n<div class=\"tabcontent\">\n\n<div class=\"staff-member-listing youth\"><div class=\"staff-member even \">\r\n\t<img decoding=\"async\" class=\"staff-member-photo\" src=\"https:\/\/departments.johnabbott.qc.ca\/wp-content\/uploads\/2022\/08\/Louise-Castonguay-e1659987594705.jpg\" alt=\"Castonguay, Louise : \">\r\n\t<div class=\"staff-member-info-wrap\">\r\n\t\t<h3 class=\"staff-member-name\">Castonguay, Louise<\/h3>\r\n<br>\r\n\t\t\r\n<br>\r\n\r\n<br>\r\n\t<a class=\"staff-member-email\" href=\"mailto:louise.ca&#115;t&#111;ng&#117;a&#121;&#064;johna&#098;b&#111;t&#116;.qc.&#099;&#097;\" title=\"Email Castonguay, Louise\">l&#111;&#117;ise.&#099;&#097;&#115;t&#111;nguay&#064;john&#097;bb&#111;&#116;t&#046;qc&#046;ca<\/a>\r\n<br>\r\n<br>\r\n\t\t<div class=\"staff-member-bio\"><p>Louise Castonguay est titulaire d\u2019une ma\u00eetrise en psychologie de l\u2019\u00e9ducation sp\u00e9cialis\u00e9e en \u00e9ducation familiale (conception et mise en \u0153uvre de programmes) de l\u2019Universit\u00e9 McGill et d\u2019un baccalaur\u00e9at en psychologie et relations humaines de l\u2019Universit\u00e9 Concordia. Elle a travaill\u00e9 pour Service correctionnel Canada pendant plus de 18 ans, dont la majorit\u00e9 \u00e9tait consacr\u00e9e \u00e0 donner des programmes de traitement cognitivo-comportemental \u2013 elle est une sp\u00e9cialiste de la pr\u00e9vention de la violence (gestion de la col\u00e8re et des \u00e9motions). En plus d\u2019enseigner au C\u00e9gep John Abbott depuis 2019, elle travaille actuellement en psychop\u00e9dagogie dans le r\u00e9seau de l\u2019\u00e9ducation.<\/p>\n<\/div>\r\n\t<\/div>\r\n<br>\r\n<\/div> <!-- Close staff-member --><div class=\"staff-member odd \">\r\n\t<img decoding=\"async\" class=\"staff-member-photo\" src=\"https:\/\/departments.johnabbott.qc.ca\/wp-content\/uploads\/2015\/02\/FrancoisCHENIER-e1660573093147.jpg\" alt=\"Chenier, Fran\u00e7ois : Coordonnateur de programme\">\r\n\t<div class=\"staff-member-info-wrap\">\r\n\t\t<h3 class=\"staff-member-name\">Chenier, Fran\u00e7ois<\/h3>Coordonnateur de programme\r\n<br>\r\n\t\t514-457-6610, poste 5770\r\n<br>\r\nHO-325\r\n<br>\r\n\t<a class=\"staff-member-email\" href=\"mailto:f&#114;&#097;&#110;co&#105;&#115;.&#099;h&#101;n&#105;&#101;&#114;&#064;joh&#110;a&#098;&#098;ott.&#113;c&#046;&#099;a\" title=\"Email Chenier, Fran\u00e7ois\">f&#114;&#097;nc&#111;&#105;s&#046;c&#104;&#101;n&#105;e&#114;&#064;j&#111;h&#110;&#097;&#098;b&#111;&#116;&#116;.&#113;&#099;&#046;ca<\/a>\r\n<br>\r\n<br>\r\n\t\t<div class=\"staff-member-bio\"><p>Au cours de sa carri\u00e8re de 33\u00a0ans comme policier \u00e0 Montr\u00e9al, Fran\u00e7ois a travaill\u00e9 pendant 21\u00a0ans aupr\u00e8s de jeunes d\u00e9linquant(e)s et de jeunes en difficult\u00e9, et comme enqu\u00eateur criminel et enqu\u00eateur \u00e0 la Division des homicides. Il a \u00e9galement travaill\u00e9 en \u00e9troite collaboration avec les centres de la jeunesse et de la famille et les organismes communautaires \u0153uvrant aupr\u00e8s des jeunes.\u00a0 Il a obtenu un baccalaur\u00e9at en sciences politiques \u00e0 l\u2019Universit\u00e9 Concordia et fait deux ans de droit \u00e0 l\u2019Universit\u00e9 McGill. Il a \u00e9galement \u00e9t\u00e9 membre et pr\u00e9sident du conseil d\u2019administration de l\u2019H\u00f4pital de Verdun. De 1987 \u00e0 2008, il a \u00e9t\u00e9 membre de la Commission des droits de la jeunesse et de la Commission des droits de la personne et des droits de la jeunesse.<\/p>\n<\/div>\r\n\t<\/div>\r\n<br>\r\n<\/div> <!-- Close staff-member --><div class=\"staff-member even \">\r\n\t<img decoding=\"async\" class=\"staff-member-photo\" src=\"https:\/\/departments.johnabbott.qc.ca\/wp-content\/uploads\/2015\/02\/Anne-Marie-Gremeaux-e1660573236885.jpeg\" alt=\"Gremeaux, Anne-Marie : \">\r\n\t<div class=\"staff-member-info-wrap\">\r\n\t\t<h3 class=\"staff-member-name\">Gremeaux, Anne-Marie<\/h3>\r\n<br>\r\n\t\t514-457-6610, poste 5743\r\n<br>\r\nHO-344\r\n<br>\r\n\t<a class=\"staff-member-email\" href=\"mailto:anne&#109;&#097;&#114;i&#101;&#046;&#103;&#114;e&#109;&#101;a&#117;x&#064;&#106;&#111;&#104;&#110;a&#098;&#098;o&#116;t&#046;q&#099;.&#099;a\" title=\"Email Gremeaux, Anne-Marie\">a&#110;&#110;e&#109;a&#114;ie&#046;&#103;&#114;&#101;&#109;e&#097;u&#120;&#064;john&#097;b&#098;o&#116;t.&#113;c&#046;c&#097;<\/a>\r\n<br>\r\n<br>\r\n\t\t<div class=\"staff-member-bio\"><p>Anne-Marie\u00a0Gremeaux a commenc\u00e9 \u00e0 enseigner au C\u00e9gep\u00a0John\u00a0Abbott \u00e0 temps partiel en 2005 et \u00e0 temps plein en 2013. Elle a travaill\u00e9 comme analyste \u00e0 la Section des renseignements et des analyses de la GRC pendant neuf ans. Auparavant, elle a travaill\u00e9 \u00e0 la protection de la jeunesse comme agente des relations humaines pendant cinq ans et comme \u00e9ducatrice pendant un an et demi.\u00a0 Anne-Marie est titulaire d\u2019une ma\u00eetrise en criminologie ainsi que d\u2019une ma\u00eetrise en enseignement coll\u00e9gial.<\/p>\n<\/div>\r\n\t<\/div>\r\n<br>\r\n<\/div> <!-- Close staff-member --><div class=\"staff-member odd \">\r\n\t<img decoding=\"async\" class=\"staff-member-photo\" src=\"https:\/\/departments.johnabbott.qc.ca\/wp-content\/uploads\/2023\/11\/Linda-Knight.jpg\" alt=\"Knight, Linda : \">\r\n\t<div class=\"staff-member-info-wrap\">\r\n\t\t<h3 class=\"staff-member-name\">Knight, Linda<\/h3>\r\n<br>\r\n\t\t514-457-6610, poste 5883\r\n<br>\r\nH-257\r\n<br>\r\n\t<a class=\"staff-member-email\" href=\"mailto:&#108;&#105;nda.&#107;&#110;&#105;&#103;ht&#064;&#106;ohnab&#098;&#111;&#116;t&#046;&#113;&#099;.ca\" title=\"Email Knight, Linda\">&#108;ind&#097;&#046;kni&#103;&#104;t&#064;j&#111;&#104;&#110;&#097;b&#098;o&#116;&#116;&#046;qc&#046;&#099;a<\/a>\r\n<br>\r\n<br>\r\n\t\t<div class=\"staff-member-bio\"><p>Linda enseigne au C\u00e9gep John Abbott depuis 2001 au sein du d\u00e9partement de psychologie et dans le programme Techniques d\u2019intervention en criminologie.\u00a0 Elle a obtenu un baccalaur\u00e9at en psychologie de l\u2019Universit\u00e9 Bishop\u2019s et une ma\u00eetrise et un doctorat en psychologie clinique de l\u2019Universit\u00e9 Queen\u2019s.\u00a0 Elle est psychologue clinicienne agr\u00e9\u00e9e depuis 1989, et elle a travaill\u00e9 dans de nombreux milieux et aupr\u00e8s de diverses populations. Elle a notamment travaill\u00e9 au Centre de traitement des d\u00e9linquants sexuels du p\u00e9nitencier de Kingston, au Centre pour l\u2019enfance et la famille du comt\u00e9 de Brant, \u00e0 l\u2019h\u00f4pital psychiatrique de London, \u00e0 Service correctionnel Canada et dans un cabinet priv\u00e9. Elle est co-autrice du manuel <em>: Essentials of Abnormal Psychology in a Changing World<\/em> (4e et 5e \u00e9ditions canadiennes).<\/p>\n<\/div>\r\n\t<\/div>\r\n<br>\r\n<\/div> <!-- Close staff-member --><div class=\"staff-member even \">\r\n\t<img decoding=\"async\" class=\"staff-member-photo\" src=\"https:\/\/departments.johnabbott.qc.ca\/wp-content\/uploads\/2015\/02\/Mitchel-Barbara.jpg\" alt=\"Mitchell, Barbara : \">\r\n\t<div class=\"staff-member-info-wrap\">\r\n\t\t<h3 class=\"staff-member-name\">Mitchell, Barbara<\/h3>\r\n<br>\r\n\t\t514-457-6610, poste 5812\r\n<br>\r\nHO-346\r\n<br>\r\n\t<a class=\"staff-member-email\" href=\"mailto:b&#097;rba&#114;a&#046;mi&#116;&#099;h&#101;l&#108;&#064;&#106;&#111;&#104;n&#097;bb&#111;&#116;t&#046;&#113;c&#046;&#099;a\" title=\"Email Mitchell, Barbara\">bar&#098;ara.&#109;it&#099;&#104;&#101;l&#108;&#064;&#106;&#111;&#104;na&#098;bo&#116;&#116;.&#113;&#099;&#046;&#099;a<\/a>\r\n<br>\r\n<br>\r\n\t\t<div class=\"staff-member-bio\"><p>Barbara\u00a0Mitchell a obtenu une ma\u00eetrise en travail social de l\u2019Universit\u00e9 McGill en 1992. Elle a travaill\u00e9 pour des organismes de protection de l\u2019enfance et de sant\u00e9 mentale pour enfants au Qu\u00e9bec et en Ontario, et a travaill\u00e9 au priv\u00e9 dans les domaines du counseling familial et de la garde d\u2019enfants. Barbara enseigne au C\u00e9gep\u00a0John\u00a0Abbott depuis 2005.<\/p>\n<\/div>\r\n\t<\/div>\r\n<br>\r\n<\/div> <!-- Close staff-member --><div class=\"staff-member odd \">\r\n\t<img decoding=\"async\" class=\"staff-member-photo\" src=\"https:\/\/departments.johnabbott.qc.ca\/wp-content\/uploads\/2015\/02\/AlainRicher-e1660573033325.jpeg\" alt=\"Richer, Alain : \">\r\n\t<div class=\"staff-member-info-wrap\">\r\n\t\t<h3 class=\"staff-member-name\">Richer, Alain<\/h3>\r\n<br>\r\n\t\t514-457-6610, poste 5834\r\n<br>\r\nHO-323\r\n<br>\r\n\t<a class=\"staff-member-email\" href=\"mailto:a&#108;ain&#046;&#114;&#105;&#099;&#104;e&#114;&#064;j&#111;&#104;na&#098;&#098;&#111;t&#116;.qc.&#099;a\" title=\"Email Richer, Alain\">a&#108;a&#105;&#110;&#046;&#114;ic&#104;er&#064;joh&#110;a&#098;&#098;&#111;tt.qc.&#099;&#097;<\/a>\r\n<br>\r\n<br>\r\n\t\t<div class=\"staff-member-bio\"><p>Alain\u00a0Richer est titulaire d\u2019une ma\u00eetrise en criminologie. En tant que policier \u00e0 Montr\u00e9al, il a travaill\u00e9 pour la Section jeunesse avant de prendre sa retraite. Il enseigne \u00e0 temps plein au sein du d\u00e9partement des Techniques d\u2019intervention en criminologie depuis 2011.<\/p>\n<\/div>\r\n\t<\/div>\r\n<br>\r\n<\/div> <!-- Close staff-member --><div class=\"staff-member even  last\">\r\n\t<img decoding=\"async\" class=\"staff-member-photo\" src=\"https:\/\/departments.johnabbott.qc.ca\/wp-content\/uploads\/2019\/06\/silouette-1.jpg\" alt=\"Secours, Kevin : \">\r\n\t<div class=\"staff-member-info-wrap\">\r\n\t\t<h3 class=\"staff-member-name\">Secours, Kevin<\/h3>\r\n<br>\r\n\t\t\r\n<br>\r\n\r\n<br>\r\n\t<a class=\"staff-member-email\" href=\"mailto:k&#101;vi&#110;.&#115;&#101;&#099;o&#117;rs&#064;&#106;&#111;&#104;&#110;&#097;b&#098;o&#116;&#116;.qc&#046;&#099;a\" title=\"Email Secours, Kevin\">k&#101;vin&#046;&#115;&#101;&#099;o&#117;r&#115;&#064;j&#111;&#104;n&#097;bb&#111;&#116;&#116;&#046;q&#099;.ca<\/a>\r\n<br>\r\n<br>\r\n\t\t<div class=\"staff-member-bio\"><p>Kevin enseigne l\u2019autod\u00e9fense. Il est titulaire d\u2019un baccalaur\u00e9at en \u00e9ducation. Il est le fondateur d\u2019<em>Integrated Fighting Systems<\/em> et directeur de l\u2019<em>International Combat Systema Association<\/em>.<\/p>\n<\/div>\r\n\t<\/div>\r\n<br>\r\n<\/div> <!-- Close staff-member --><\/div> <!-- Close staff-member-listing -->\n\n<\/div><h2 class=\"tabtitle\"><span class=\"fa fa-graduation-cap\"><\/span>Cours<\/h2>\n<div class=\"tabcontent\">\n\n<p>Pour une liste compl\u00e8te des cours offerts dans ce programme, voir la <a href=\"https:\/\/johnabbott.qc.ca\/fr\/career-programs\/criminology-intervention\/criminology-intervention-310-b1\/\" target=\"_blank\" rel=\"noopener\">grille de cours<\/a> sur le site Web du C\u00e9gep John Abbott.<\/p>\n<\/div><\/div>\n<p>&nbsp;<\/p>\n","protected":false},"excerpt":{"rendered":"<p>Techniques d\u2019intervention en criminologie est un programme intensif de trois\u00a0ans qui forme les \u00e9tudiant(e)s dans une multitude de disciplines, dont le droit, la psychologie, le travail social et la criminologie. Les \u00e9tudiant(e)s d\u00e9velopperont des comp\u00e9tences professionnelles et acquerront une exp\u00e9rience pratique en milieu de travail. Ce programme peut \u00eatre un bon tremplin vers de nombreux&hellip;<\/p>\n","protected":false},"author":3,"featured_media":0,"parent":7078,"menu_order":0,"comment_status":"closed","ping_status":"open","template":"","meta":{"footnotes":""},"_links":{"self":[{"href":"https:\/\/departments.johnabbott.qc.ca\/fr\/wp-json\/wp\/v2\/pages\/7115"}],"collection":[{"href":"https:\/\/departments.johnabbott.qc.ca\/fr\/wp-json\/wp\/v2\/pages"}],"about":[{"href":"https:\/\/departments.johnabbott.qc.ca\/fr\/wp-json\/wp\/v2\/types\/page"}],"author":[{"embeddable":true,"href":"https:\/\/departments.johnabbott.qc.ca\/fr\/wp-json\/wp\/v2\/users\/3"}],"replies":[{"embeddable":true,"href":"https:\/\/departments.johnabbott.qc.ca\/fr\/wp-json\/wp\/v2\/comments?post=7115"}],"version-history":[{"count":6,"href":"https:\/\/departments.johnabbott.qc.ca\/fr\/wp-json\/wp\/v2\/pages\/7115\/revisions"}],"predecessor-version":[{"id":9147,"href":"https:\/\/departments.johnabbott.qc.ca\/fr\/wp-json\/wp\/v2\/pages\/7115\/revisions\/9147"}],"up":[{"embeddable":true,"href":"https:\/\/departments.johnabbott.qc.ca\/fr\/wp-json\/wp\/v2\/pages\/7078"}],"wp:attachment":[{"href":"https:\/\/departments.johnabbott.qc.ca\/fr\/wp-json\/wp\/v2\/media?parent=7115"}],"curies":[{"name":"wp","href":"https:\/\/api.w.org\/{rel}","templated":true}]}}